{"id":3201,"date":"2023-10-01T17:04:09","date_gmt":"2023-10-01T15:04:09","guid":{"rendered":"https:\/\/veganova.eu\/?post_type=product&#038;p=3201"},"modified":"2026-04-21T07:23:50","modified_gmt":"2026-04-21T05:23:50","slug":"jarrow-formulas-yum-yum-dophilus-1-billion-120-chewable-tab","status":"publish","type":"product","link":"https:\/\/veganova.eu\/hr\/shop\/jarrow-formulas-yum-yum-dophilus-1-billion-120-chewable-tab\/","title":{"rendered":"Jarrow Formulas Yum-Yum Dophilus, 1 milijarda (120 tableta za \u017evakanje)"},"content":{"rendered":"<h3>Jarrow Formulas Yum-Yum Dophilus, 1 milijarda (120 tableta za \u017evakanje)<\/h3>\n<p>\u0160to Yum-Yum Dophilus radi?<br \/>\nJarrow Formulas Yum-Yum Dophilus sadr\u017ei 4 klini\u010dki dokumentirana soja korisnih bakterija u ukusnoj tableti za \u017evakanje. Na korisnu crijevnu floru mo\u017ee negativno utjecati ili je smanjiti prehrana s malo vlakana, puno \u017eivotinjskih bjelan\u010devina, kori\u0161tenje lijekova, putovanja i stres itd. Rezultat je disbioza (tj. poreme\u0107aj normalne crijevne mikroflore), koja mogu negativno utjecati na funkciju i dobrobit probavnog sustava.<\/p>\n<p>Prijateljske bakterije u Yum-Yum Dophilusu poma\u017eu u odr\u017eavanju uravnote\u017eene crijevne mikroflore, podr\u017eavaju imunolo\u0161ku funkciju i promi\u010du zdravlje. Ksilitol se koristi za pobolj\u0161anje okusa i podr\u0161ku zdravlju zuba.<\/p>\n<p>Bez \u0161e\u0107era. Bez umjetnog sladila, arome ili boje.<\/p>\n<p>Svaka tableta zasebno je pakirana u blister za ve\u0107u stabilnost i prakti\u010dnost.<\/p>","protected":false},"excerpt":{"rendered":"<p>Dodatak prehrani koji sadr\u017ei probiotike, inulin i fruktooligosaharide Jarrow Formulas Yum-Yum Dophilus, 1 milijarda, pakiranje sadr\u017ei: 120 tableta za \u017evakanje.<\/p>","protected":false},"featured_media":11337,"comment_status":"closed","ping_status":"closed","template":"","meta":{"advanced_seo_description":"","jetpack_seo_html_title":"","jetpack_seo_noindex":false},"pwb-brand":[165],"product_brand":[4572],"product_cat":[596],"product_tag":[1156,1276,1117,1275],"class_list":{"0":"post-3201","1":"product","2":"type-product","3":"status-publish","4":"has-post-thumbnail","6":"pwb-brand-jarrow-formulas","7":"product_brand-jarrow-formulas","8":"product_cat-digestion","9":"product_tag-healthy-digestion","10":"product_tag-healthy-intestine","11":"product_tag-immunity","12":"product_tag-intestinal-microflora","13":"brand_woo-jarrow-formulas","15":"first","16":"instock","17":"sale","18":"taxable","19":"shipping-taxable","20":"purchasable","21":"product-type-simple"},"jetpack_sharing_enabled":true,"brands":[{"id":165,"name":"Jarrow formule","slug":"jarrow-formulas"}],"_links":{"self":[{"href":"https:\/\/veganova.eu\/hr\/wp-json\/wp\/v2\/product\/3201","targetHints":{"allow":["GET"]}}],"collection":[{"href":"https:\/\/veganova.eu\/hr\/wp-json\/wp\/v2\/product"}],"about":[{"href":"https:\/\/veganova.eu\/hr\/wp-json\/wp\/v2\/types\/product"}],"replies":[{"embeddable":true,"href":"https:\/\/veganova.eu\/hr\/wp-json\/wp\/v2\/comments?post=3201"}],"version-history":[{"count":1,"href":"https:\/\/veganova.eu\/hr\/wp-json\/wp\/v2\/product\/3201\/revisions"}],"predecessor-version":[{"id":57687,"href":"https:\/\/veganova.eu\/hr\/wp-json\/wp\/v2\/product\/3201\/revisions\/57687"}],"wp:featuredmedia":[{"embeddable":true,"href":"https:\/\/veganova.eu\/hr\/wp-json\/wp\/v2\/media\/11337"}],"wp:attachment":[{"href":"https:\/\/veganova.eu\/hr\/wp-json\/wp\/v2\/media?parent=3201"}],"wp:term":[{"taxonomy":"pwb-brand","embeddable":true,"href":"https:\/\/veganova.eu\/hr\/wp-json\/wp\/v2\/pwb-brand?post=3201"},{"taxonomy":"product_brand","embeddable":true,"href":"https:\/\/veganova.eu\/hr\/wp-json\/wp\/v2\/product_brand?post=3201"},{"taxonomy":"product_cat","embeddable":true,"href":"https:\/\/veganova.eu\/hr\/wp-json\/wp\/v2\/product_cat?post=3201"},{"taxonomy":"product_tag","embeddable":true,"href":"https:\/\/veganova.eu\/hr\/wp-json\/wp\/v2\/product_tag?post=3201"}],"curies":[{"name":"wp","href":"https:\/\/api.w.org\/{rel}","templated":true}]}}