{"id":3217,"date":"2023-10-01T17:04:15","date_gmt":"2023-10-01T15:04:15","guid":{"rendered":"https:\/\/veganova.eu\/?post_type=product&#038;p=3217"},"modified":"2026-04-26T02:21:33","modified_gmt":"2026-04-26T00:21:33","slug":"kiki-health-body-biotics-400mg-60-kaps","status":"publish","type":"product","link":"https:\/\/veganova.eu\/hr\/shop\/kiki-health-body-biotics-400mg-60-kaps\/","title":{"rendered":"KIKI Health Body Biotics, 400 mg (60 kapsula)"},"content":{"rendered":"<h3>KIKI Health Body Biotics<\/h3>\n<ul>\n<li>Body Biotics opona\u0161a prirodu kako bi pru\u017eio sve prednosti pravih bakterijskih kultura. Medij za doma\u0107ina bez GMO-a, bez toksina, bez kemikalija, bogat hranjivim tvarima.<\/li>\n<li>Oni su prirodno dehidrirani (nisu osu\u0161eni smrzavanjem), spavaju kao u prirodi i \u010dekaju da ih proguta vodena otopina kako bi ponovno o\u017eivjeli<\/li>\n<li>NEMAJU kona\u010dan broj.<\/li>\n<li>Jednom kada se aktiviraju vodom ili sokom, ovi &quot;\u017eivi i uspje\u0161ni&quot; organizmi, uvje\u017ebani u prirodi da izdr\u017ee najo\u0161trija okru\u017eenja, bude se i odmah po\u010dinju razmno\u017eavati.<\/li>\n<li>Stoga bi navo\u0111enje koli\u010dine CFU na etiketi Body Biotics bilo neto\u010dno i pogre\u0161no.<\/li>\n<\/ul>","protected":false},"excerpt":{"rendered":"<p>Veganski dodatak prehrani koji sadr\u017ei probiotike KIKI Health Body Biotics, 400 mg idealan je za potporu zdravog crijevnog okru\u017eenja, kod probavnih problema i za ja\u010danje imuniteta. \u010cisti oblik, bez GMO-a. Pakiranje sadr\u017ei: 60 vege kapsula.<\/p>","protected":false},"featured_media":53613,"comment_status":"closed","ping_status":"closed","template":"","meta":{"advanced_seo_description":"","jetpack_seo_html_title":"","jetpack_seo_noindex":false},"pwb-brand":[166],"product_brand":[4573],"product_cat":[596],"product_tag":[1191,1116,1117],"class_list":{"0":"post-3217","1":"product","2":"type-product","3":"status-publish","4":"has-post-thumbnail","6":"pwb-brand-kiki-health","7":"product_brand-kiki-health","8":"product_cat-digestion","9":"product_tag-digestive-problems","10":"product_tag-healthy-gut","11":"product_tag-immunity","12":"brand_woo-kiki-health","14":"first","15":"instock","16":"taxable","17":"shipping-taxable","18":"purchasable","19":"product-type-simple"},"jetpack_sharing_enabled":true,"brands":[{"id":166,"name":"KIKI Zdravlje","slug":"kiki-health"}],"_links":{"self":[{"href":"https:\/\/veganova.eu\/hr\/wp-json\/wp\/v2\/product\/3217","targetHints":{"allow":["GET"]}}],"collection":[{"href":"https:\/\/veganova.eu\/hr\/wp-json\/wp\/v2\/product"}],"about":[{"href":"https:\/\/veganova.eu\/hr\/wp-json\/wp\/v2\/types\/product"}],"replies":[{"embeddable":true,"href":"https:\/\/veganova.eu\/hr\/wp-json\/wp\/v2\/comments?post=3217"}],"version-history":[{"count":1,"href":"https:\/\/veganova.eu\/hr\/wp-json\/wp\/v2\/product\/3217\/revisions"}],"predecessor-version":[{"id":57703,"href":"https:\/\/veganova.eu\/hr\/wp-json\/wp\/v2\/product\/3217\/revisions\/57703"}],"wp:featuredmedia":[{"embeddable":true,"href":"https:\/\/veganova.eu\/hr\/wp-json\/wp\/v2\/media\/53613"}],"wp:attachment":[{"href":"https:\/\/veganova.eu\/hr\/wp-json\/wp\/v2\/media?parent=3217"}],"wp:term":[{"taxonomy":"pwb-brand","embeddable":true,"href":"https:\/\/veganova.eu\/hr\/wp-json\/wp\/v2\/pwb-brand?post=3217"},{"taxonomy":"product_brand","embeddable":true,"href":"https:\/\/veganova.eu\/hr\/wp-json\/wp\/v2\/product_brand?post=3217"},{"taxonomy":"product_cat","embeddable":true,"href":"https:\/\/veganova.eu\/hr\/wp-json\/wp\/v2\/product_cat?post=3217"},{"taxonomy":"product_tag","embeddable":true,"href":"https:\/\/veganova.eu\/hr\/wp-json\/wp\/v2\/product_tag?post=3217"}],"curies":[{"name":"wp","href":"https:\/\/api.w.org\/{rel}","templated":true}]}}