{"id":47715,"date":"2024-09-15T12:27:40","date_gmt":"2024-09-15T10:27:40","guid":{"rendered":"https:\/\/veganova.eu\/?post_type=product&#038;p=47715"},"modified":"2026-04-21T07:25:51","modified_gmt":"2026-04-21T05:25:51","slug":"weider-ashwagandha-professional-120-vcaps","status":"publish","type":"product","link":"https:\/\/veganova.eu\/hr\/shop\/weider-ashwagandha-professional-120-vcaps\/","title":{"rendered":"Weider Ashwagandha Professional \u2013 120 vcaps"},"content":{"rendered":"<h3>Weider Ashwagandha Professional \u2013 120 vcaps<\/h3>\n<p>Ashwagandha (Withania somnifera), tako\u0111er poznata kao bobica sna, koristi se tisu\u0107ama godina u tradicionalnoj medicini i alternativnoj medicini u razli\u010dite svrhe. Biljni ekstrakt posebno je popularan kao terapeutsko sredstvo u indijskoj umjetnosti lije\u010denja Ayurvedi. Ashwaganda se ovdje prvenstveno koristi za smanjenje stresa, pomla\u0111ivanje i pobolj\u0161anje op\u0107e vitalnosti. Robna marka sirovina KSM-66 poznata je po izuzetno visokoj kvaliteti. Dok korijen ashwagandhe sadr\u017ei niz va\u017enih komponenti poput masnih kiselina, minerala i fitonutrijenata, tzv. withanolidi su posebno karakteristi\u010dni i vrijedni za ovu vrstu biljke. KSM-66 je standardiziran na minimalno 5% vitanolida kroz jedinstveni proces ekstrakcije i podlo\u017ean je najstro\u017eim kontrolama i analizama kvalitete. Kori\u0161tenjem organskog poja\u010diva\u010da AstraGin, na\u0161a formula Ashwagandha je jo\u0161 u\u010dinkovitija. Mje\u0161avina biljnih ekstrakata mo\u017ee pobolj\u0161ati apsorpciju raznih drugih sastojaka u tankom crijevu. Preporu\u010damo uzimanje dvije kapsule Ashwagandhe Professional dnevno kao dio va\u0161eg dodatka hranjivim tvarima kao dio zdrave prehrane temeljene na potrebama te aktivnog i sportskog na\u010dina \u017eivota. Ashwagandha Professional se mo\u017ee uzimati i tijekom dana i prije spavanja. Ovojnice kapsula ne sadr\u017ee \u017eelatinu, zbog \u010dega je proizvod lako kompatibilan s vegetarijanskom i veganskom prehranom.<\/p>","protected":false},"excerpt":{"rendered":"<p>Vegetarijanske kapsule Weider Ashwagandha Professional podr\u017eavaju va\u0161e mentalno zdravlje i razinu energije. Sadr\u017eaj: 120 vegetarijanskih kapsula. Certifikacija: Vegan, Vegetarijanac.<\/p>","protected":false},"featured_media":52115,"comment_status":"closed","ping_status":"closed","template":"","meta":{"advanced_seo_description":"","jetpack_seo_html_title":"","jetpack_seo_noindex":false},"pwb-brand":[499],"product_brand":[4792],"product_cat":[2596,152],"product_tag":[],"class_list":{"0":"post-47715","1":"product","2":"type-product","3":"status-publish","4":"has-post-thumbnail","6":"pwb-brand-weider","7":"product_brand-weider","8":"product_cat-herbs","9":"product_cat-vitamins-and-minerals","10":"brand_woo-weider","12":"first","13":"instock","14":"taxable","15":"shipping-taxable","16":"purchasable","17":"product-type-simple"},"jetpack_sharing_enabled":true,"brands":[{"id":499,"name":"Weider","slug":"weider"}],"_links":{"self":[{"href":"https:\/\/veganova.eu\/hr\/wp-json\/wp\/v2\/product\/47715","targetHints":{"allow":["GET"]}}],"collection":[{"href":"https:\/\/veganova.eu\/hr\/wp-json\/wp\/v2\/product"}],"about":[{"href":"https:\/\/veganova.eu\/hr\/wp-json\/wp\/v2\/types\/product"}],"replies":[{"embeddable":true,"href":"https:\/\/veganova.eu\/hr\/wp-json\/wp\/v2\/comments?post=47715"}],"version-history":[{"count":1,"href":"https:\/\/veganova.eu\/hr\/wp-json\/wp\/v2\/product\/47715\/revisions"}],"predecessor-version":[{"id":59200,"href":"https:\/\/veganova.eu\/hr\/wp-json\/wp\/v2\/product\/47715\/revisions\/59200"}],"wp:featuredmedia":[{"embeddable":true,"href":"https:\/\/veganova.eu\/hr\/wp-json\/wp\/v2\/media\/52115"}],"wp:attachment":[{"href":"https:\/\/veganova.eu\/hr\/wp-json\/wp\/v2\/media?parent=47715"}],"wp:term":[{"taxonomy":"pwb-brand","embeddable":true,"href":"https:\/\/veganova.eu\/hr\/wp-json\/wp\/v2\/pwb-brand?post=47715"},{"taxonomy":"product_brand","embeddable":true,"href":"https:\/\/veganova.eu\/hr\/wp-json\/wp\/v2\/product_brand?post=47715"},{"taxonomy":"product_cat","embeddable":true,"href":"https:\/\/veganova.eu\/hr\/wp-json\/wp\/v2\/product_cat?post=47715"},{"taxonomy":"product_tag","embeddable":true,"href":"https:\/\/veganova.eu\/hr\/wp-json\/wp\/v2\/product_tag?post=47715"}],"curies":[{"name":"wp","href":"https:\/\/api.w.org\/{rel}","templated":true}]}}