{"id":47793,"date":"2024-09-15T12:29:02","date_gmt":"2024-09-15T10:29:02","guid":{"rendered":"https:\/\/veganova.eu\/?post_type=product&#038;p=47793"},"modified":"2026-04-21T07:25:55","modified_gmt":"2026-04-21T05:25:55","slug":"trained-by-jp-cream-of-rice-maple-syrup-2000g","status":"publish","type":"product","link":"https:\/\/veganova.eu\/hr\/shop\/trained-by-jp-cream-of-rice-maple-syrup-2000g\/","title":{"rendered":"Trenirao JP Cream of Rice, javorov sirup \u2013 2000 g"},"content":{"rendered":"<h3>Trenirao JP Cream of Rice, javorov sirup \u2013 2000 g<\/h3>\n<p>Za\u0161to krema od ri\u017ee?<\/p>\n<p>Tijekom priprema, izvan sezone ili bilo koje faze treninga, jedenje ukusnih stvari s okusom, umjesto dosadnije ri\u017ee, mo\u017ee vam pomo\u0107i da ostanete na pravom putu s dijetom, jer \u0107e vam se \u010desto \u010diniti kao poslastica, ali je savr\u0161eno lako uklopiti u va\u0161e potrebe za ugljikohidratima za dan.<\/p>\n<p>Tijekom izvan sezone, kada hrane mo\u017ee biti vi\u0161e, probava \u010desto mo\u017ee postati malo te\u017ea, au ovoj fazi, izbor okusa koji se uvijek savr\u0161eno probavljaju, omogu\u0107it \u0107e vam da zadr\u017eite apetit i napredujete.<\/p>\n<p>JP se jako usredoto\u010dio na probavu, posti\u017eu\u0107i ogromne tjelesne te\u017eine i unose kalorija, stoga sve \u0161to napravimo isprobava i testira kako bi osigurao da nema previ\u0161e zasla\u0111iva\u010da, da arome nisu prejake \u2013 sve stvari koji su va\u017eni kada zapravo \u017eivite i di\u0161ete bodybuilding.<\/p>\n<p>2kg COR dostupan je u 13 izvrsnih okusa koji \u0107e razveseliti va\u0161e okusne pupoljke!<\/p>\n<p>Brzodjeluju\u0107i ugljikohidrat<\/p>\n<p>Nevjerojatan okus<br \/>\nLako se mije\u0161a<br \/>\nSavr\u0161eno probavljeno<br \/>\n2KG je 80x 25g obroka<\/p>","protected":false},"excerpt":{"rendered":"<p>Power fitness breakfast Trained by JP Cream of Rice, flavor: Maple Syrup. Content: 2000g. Certification: vegan, vegetarian, gluten free.<\/p>","protected":false},"featured_media":52220,"comment_status":"closed","ping_status":"closed","template":"","meta":{"advanced_seo_description":"","jetpack_seo_html_title":"","jetpack_seo_noindex":false},"pwb-brand":[2217],"product_brand":[4954],"product_cat":[225,132],"product_tag":[],"class_list":{"0":"post-47793","1":"product","2":"type-product","3":"status-publish","4":"has-post-thumbnail","6":"pwb-brand-trained-by-jp","7":"product_brand-trained-by-jp","8":"product_cat-carbohydrates","9":"product_cat-sports-nutrition","10":"brand_woo-trained-by-jp","12":"first","13":"instock","14":"taxable","15":"shipping-taxable","16":"purchasable","17":"product-type-simple"},"jetpack_sharing_enabled":true,"brands":[{"id":2217,"name":"Obu\u010davao JP","slug":"trained-by-jp"}],"_links":{"self":[{"href":"https:\/\/veganova.eu\/hr\/wp-json\/wp\/v2\/product\/47793","targetHints":{"allow":["GET"]}}],"collection":[{"href":"https:\/\/veganova.eu\/hr\/wp-json\/wp\/v2\/product"}],"about":[{"href":"https:\/\/veganova.eu\/hr\/wp-json\/wp\/v2\/types\/product"}],"replies":[{"embeddable":true,"href":"https:\/\/veganova.eu\/hr\/wp-json\/wp\/v2\/comments?post=47793"}],"version-history":[{"count":1,"href":"https:\/\/veganova.eu\/hr\/wp-json\/wp\/v2\/product\/47793\/revisions"}],"predecessor-version":[{"id":59233,"href":"https:\/\/veganova.eu\/hr\/wp-json\/wp\/v2\/product\/47793\/revisions\/59233"}],"wp:featuredmedia":[{"embeddable":true,"href":"https:\/\/veganova.eu\/hr\/wp-json\/wp\/v2\/media\/52220"}],"wp:attachment":[{"href":"https:\/\/veganova.eu\/hr\/wp-json\/wp\/v2\/media?parent=47793"}],"wp:term":[{"taxonomy":"pwb-brand","embeddable":true,"href":"https:\/\/veganova.eu\/hr\/wp-json\/wp\/v2\/pwb-brand?post=47793"},{"taxonomy":"product_brand","embeddable":true,"href":"https:\/\/veganova.eu\/hr\/wp-json\/wp\/v2\/product_brand?post=47793"},{"taxonomy":"product_cat","embeddable":true,"href":"https:\/\/veganova.eu\/hr\/wp-json\/wp\/v2\/product_cat?post=47793"},{"taxonomy":"product_tag","embeddable":true,"href":"https:\/\/veganova.eu\/hr\/wp-json\/wp\/v2\/product_tag?post=47793"}],"curies":[{"name":"wp","href":"https:\/\/api.w.org\/{rel}","templated":true}]}}