{"id":47827,"date":"2024-09-15T12:29:34","date_gmt":"2024-09-15T10:29:34","guid":{"rendered":"https:\/\/veganova.eu\/?post_type=product&#038;p=47827"},"modified":"2026-04-21T07:25:56","modified_gmt":"2026-04-21T05:25:56","slug":"applied-nutrition-critical-plant-protein-vanilla-1800g","status":"publish","type":"product","link":"https:\/\/veganova.eu\/hr\/shop\/applied-nutrition-critical-plant-protein-vanilla-1800g\/","title":{"rendered":"Applied Nutrition kriti\u010dni biljni protein, vanilija \u2013 1800g"},"content":{"rendered":"<h3>Applied Nutrition kriti\u010dni biljni protein, vanilija \u2013 1800g<\/h3>\n<p>Biljni protein u prahu<br \/>\nProtein soje \u2022 Protein gra\u0161ka \u2022 Protein sme\u0111e ri\u017ee<\/p>\n<p>Critical Plant Protein savr\u0161ena je mje\u0161avina biljnih proteina koja kombinira izolat proteina soje, izolat proteina gra\u0161ka i protein sme\u0111e ri\u017ee kako bi se dobio prvoklasni biljni protein u prahu s cijelim nizom esencijalnih aminokiselina i preko 24 g proteina po porciji.<\/p>\n<p>Critical Plant Protein dobar je izbor za svakoga tko \u017eeli pove\u0107ati unos proteina. Slo\u017een s profilom aminokiselina visokog razgranatog lanca (BCAA) leucinom, izoleucinom i valinom, kriti\u010dni biljni protein tako\u0111er mo\u017ee pomo\u0107i pridonijeti rastu i odr\u017eavanju mi\u0161i\u0107ne mase.<\/p>","protected":false},"excerpt":{"rendered":"<p>Veganski proteinski prah Applied Nutrition Critical Plant Protein, s okusom: vanilija. Sadr\u017eaj: 1800g. Certifikacija: veganska, vegetarijanska, halal.<\/p>","protected":false},"featured_media":52245,"comment_status":"closed","ping_status":"closed","template":"","meta":{"advanced_seo_description":"","jetpack_seo_html_title":"","jetpack_seo_noindex":false},"pwb-brand":[202],"product_brand":[4592],"product_cat":[132,133],"product_tag":[],"class_list":{"0":"post-47827","1":"product","2":"type-product","3":"status-publish","4":"has-post-thumbnail","6":"pwb-brand-applied-nutrition","7":"product_brand-applied-nutrition","8":"product_cat-sports-nutrition","9":"product_cat-vegan-proteins","10":"brand_woo-applied-nutrition","12":"first","13":"instock","14":"taxable","15":"shipping-taxable","16":"purchasable","17":"product-type-simple"},"jetpack_sharing_enabled":true,"brands":[{"id":202,"name":"Primijenjena prehrana","slug":"applied-nutrition"}],"_links":{"self":[{"href":"https:\/\/veganova.eu\/hr\/wp-json\/wp\/v2\/product\/47827","targetHints":{"allow":["GET"]}}],"collection":[{"href":"https:\/\/veganova.eu\/hr\/wp-json\/wp\/v2\/product"}],"about":[{"href":"https:\/\/veganova.eu\/hr\/wp-json\/wp\/v2\/types\/product"}],"replies":[{"embeddable":true,"href":"https:\/\/veganova.eu\/hr\/wp-json\/wp\/v2\/comments?post=47827"}],"version-history":[{"count":1,"href":"https:\/\/veganova.eu\/hr\/wp-json\/wp\/v2\/product\/47827\/revisions"}],"predecessor-version":[{"id":59248,"href":"https:\/\/veganova.eu\/hr\/wp-json\/wp\/v2\/product\/47827\/revisions\/59248"}],"wp:featuredmedia":[{"embeddable":true,"href":"https:\/\/veganova.eu\/hr\/wp-json\/wp\/v2\/media\/52245"}],"wp:attachment":[{"href":"https:\/\/veganova.eu\/hr\/wp-json\/wp\/v2\/media?parent=47827"}],"wp:term":[{"taxonomy":"pwb-brand","embeddable":true,"href":"https:\/\/veganova.eu\/hr\/wp-json\/wp\/v2\/pwb-brand?post=47827"},{"taxonomy":"product_brand","embeddable":true,"href":"https:\/\/veganova.eu\/hr\/wp-json\/wp\/v2\/product_brand?post=47827"},{"taxonomy":"product_cat","embeddable":true,"href":"https:\/\/veganova.eu\/hr\/wp-json\/wp\/v2\/product_cat?post=47827"},{"taxonomy":"product_tag","embeddable":true,"href":"https:\/\/veganova.eu\/hr\/wp-json\/wp\/v2\/product_tag?post=47827"}],"curies":[{"name":"wp","href":"https:\/\/api.w.org\/{rel}","templated":true}]}}