{"id":47853,"date":"2024-09-15T12:30:02","date_gmt":"2024-09-15T10:30:02","guid":{"rendered":"https:\/\/veganova.eu\/?post_type=product&#038;p=47853"},"modified":"2026-05-02T00:00:25","modified_gmt":"2026-05-01T22:00:25","slug":"enzymedica-digest-180-caps","status":"publish","type":"product","link":"https:\/\/veganova.eu\/hr\/shop\/enzymedica-digest-180-caps\/","title":{"rendered":"Enzymedica Digest \u2013 180 kap"},"content":{"rendered":"<h3>Enzymedica Digest \u2013 180 kap<\/h3>\n<p>Nedostaci enzima mogu biti posljedica kombinacije dobi, prehrane i na\u010dina \u017eivota. Ovi nedostaci mogu dovesti do raznih probavnih smetnji, uklju\u010duju\u0107i povremene plinove, nadutost, probavne smetnje i nepravilnosti.<\/p>\n<p>Digest je pobolj\u0161ana formula koja razgra\u0111uje ugljikohidrate, masti, vlakna i proteine. Enzimi uklju\u010deni u Digest podr\u017eavaju optimalnu probavu poma\u017eu\u0107i tijelu da apsorbira hranjive tvari i pretvori hranu u energiju. Probavno stanje pobolj\u0161ava koncentraciju i pove\u0107ava vitalnost.<\/p>","protected":false},"excerpt":{"rendered":"<p>Enzymedica Digest supports healthy digestion. Content: 180 vegetarian capsules. Certification: vegan, NON GMO.<\/p>","protected":false},"featured_media":52186,"comment_status":"closed","ping_status":"closed","template":"","meta":{"advanced_seo_description":"","jetpack_seo_html_title":"","jetpack_seo_noindex":false},"pwb-brand":[467],"product_brand":[4767],"product_cat":[596,143],"product_tag":[],"class_list":{"0":"post-47853","1":"product","2":"type-product","3":"status-publish","4":"has-post-thumbnail","6":"pwb-brand-enzymedica","7":"product_brand-enzymedica","8":"product_cat-digestion","9":"product_cat-health-issues","10":"brand_woo-enzymedica","12":"first","13":"instock","14":"taxable","15":"shipping-taxable","16":"purchasable","17":"product-type-simple"},"jetpack_sharing_enabled":true,"brands":[{"id":467,"name":"Enzymedica","slug":"enzymedica"}],"_links":{"self":[{"href":"https:\/\/veganova.eu\/hr\/wp-json\/wp\/v2\/product\/47853","targetHints":{"allow":["GET"]}}],"collection":[{"href":"https:\/\/veganova.eu\/hr\/wp-json\/wp\/v2\/product"}],"about":[{"href":"https:\/\/veganova.eu\/hr\/wp-json\/wp\/v2\/types\/product"}],"replies":[{"embeddable":true,"href":"https:\/\/veganova.eu\/hr\/wp-json\/wp\/v2\/comments?post=47853"}],"version-history":[{"count":1,"href":"https:\/\/veganova.eu\/hr\/wp-json\/wp\/v2\/product\/47853\/revisions"}],"predecessor-version":[{"id":59260,"href":"https:\/\/veganova.eu\/hr\/wp-json\/wp\/v2\/product\/47853\/revisions\/59260"}],"wp:featuredmedia":[{"embeddable":true,"href":"https:\/\/veganova.eu\/hr\/wp-json\/wp\/v2\/media\/52186"}],"wp:attachment":[{"href":"https:\/\/veganova.eu\/hr\/wp-json\/wp\/v2\/media?parent=47853"}],"wp:term":[{"taxonomy":"pwb-brand","embeddable":true,"href":"https:\/\/veganova.eu\/hr\/wp-json\/wp\/v2\/pwb-brand?post=47853"},{"taxonomy":"product_brand","embeddable":true,"href":"https:\/\/veganova.eu\/hr\/wp-json\/wp\/v2\/product_brand?post=47853"},{"taxonomy":"product_cat","embeddable":true,"href":"https:\/\/veganova.eu\/hr\/wp-json\/wp\/v2\/product_cat?post=47853"},{"taxonomy":"product_tag","embeddable":true,"href":"https:\/\/veganova.eu\/hr\/wp-json\/wp\/v2\/product_tag?post=47853"}],"curies":[{"name":"wp","href":"https:\/\/api.w.org\/{rel}","templated":true}]}}