{"id":48027,"date":"2024-09-15T12:33:25","date_gmt":"2024-09-15T10:33:25","guid":{"rendered":"https:\/\/veganova.eu\/?post_type=product&#038;p=48027"},"modified":"2026-04-21T07:26:04","modified_gmt":"2026-04-21T05:26:04","slug":"garden-of-life-mykind-organics-ashwagandha-60-vegan-tablets","status":"publish","type":"product","link":"https:\/\/veganova.eu\/hr\/shop\/garden-of-life-mykind-organics-ashwagandha-60-vegan-tablets\/","title":{"rendered":"Garden of Life Mykind Organics Ashwagandha \u2013 60 veganskih tableta"},"content":{"rendered":"<h3>Garden of Life Mykind Organics Ashwagandha \u2013 60 veganskih tableta<\/h3>\n<p>Ove tablete, koje su dizajnirane za uzimanje dva puta dnevno, sadr\u017ee organski fermentirani korijen \u0111umbira i Ashwagandhu.<\/p>\n<p>Asortiman Garden of Life mykind Organics sastoji se od biljnih sastojaka uzgojenih bez pesticida, herbicida ili fungicida, a tijekom procesa ekstrakcije ne koriste se jake kemikalije, tako da mo\u017eete biti sigurni da hranite svoje tijelo \u010distim, cjelovitim sastojcima.<\/p>\n<p><strong>Klju\u010dne prednosti<\/strong><\/p>\n<p>Sadr\u017ei raznolik niz \u017eivih bakterija<\/p>\n<p><strong>Dijetetski detalj<\/strong><\/p>\n<p>Bez mlije\u010dnih proizvoda<br \/>\nBez soje<br \/>\nVegetarijanac<br \/>\nveganska<br \/>\nKo\u0161er<br \/>\nBez glutena<\/p>","protected":false},"excerpt":{"rendered":"<p>Garden of Life Mykind Organics Ashwagandha podr\u017eava raspolo\u017eenje i ubla\u017eava stres. Sadr\u017eaj: 60 veganskih tableta. Certifikacija: veganska, bez glutena, bez GMO, organska.<\/p>","protected":false},"featured_media":51955,"comment_status":"closed","ping_status":"closed","template":"","meta":{"advanced_seo_description":"","jetpack_seo_html_title":"","jetpack_seo_noindex":false},"pwb-brand":[303],"product_brand":[4625],"product_cat":[286,2596,2595,152],"product_tag":[],"class_list":{"0":"post-48027","1":"product","2":"type-product","3":"status-publish","4":"has-post-thumbnail","6":"pwb-brand-garden-of-life","7":"product_brand-garden-of-life","8":"product_cat-for-a-better-mood","9":"product_cat-herbs","10":"product_cat-stress","11":"product_cat-vitamins-and-minerals","12":"brand_woo-garden-of-life","14":"first","15":"instock","16":"taxable","17":"shipping-taxable","18":"purchasable","19":"product-type-simple"},"jetpack_sharing_enabled":true,"brands":[{"id":303,"name":"Vrt \u017eivota","slug":"garden-of-life"}],"_links":{"self":[{"href":"https:\/\/veganova.eu\/hr\/wp-json\/wp\/v2\/product\/48027","targetHints":{"allow":["GET"]}}],"collection":[{"href":"https:\/\/veganova.eu\/hr\/wp-json\/wp\/v2\/product"}],"about":[{"href":"https:\/\/veganova.eu\/hr\/wp-json\/wp\/v2\/types\/product"}],"replies":[{"embeddable":true,"href":"https:\/\/veganova.eu\/hr\/wp-json\/wp\/v2\/comments?post=48027"}],"version-history":[{"count":1,"href":"https:\/\/veganova.eu\/hr\/wp-json\/wp\/v2\/product\/48027\/revisions"}],"predecessor-version":[{"id":59329,"href":"https:\/\/veganova.eu\/hr\/wp-json\/wp\/v2\/product\/48027\/revisions\/59329"}],"wp:featuredmedia":[{"embeddable":true,"href":"https:\/\/veganova.eu\/hr\/wp-json\/wp\/v2\/media\/51955"}],"wp:attachment":[{"href":"https:\/\/veganova.eu\/hr\/wp-json\/wp\/v2\/media?parent=48027"}],"wp:term":[{"taxonomy":"pwb-brand","embeddable":true,"href":"https:\/\/veganova.eu\/hr\/wp-json\/wp\/v2\/pwb-brand?post=48027"},{"taxonomy":"product_brand","embeddable":true,"href":"https:\/\/veganova.eu\/hr\/wp-json\/wp\/v2\/product_brand?post=48027"},{"taxonomy":"product_cat","embeddable":true,"href":"https:\/\/veganova.eu\/hr\/wp-json\/wp\/v2\/product_cat?post=48027"},{"taxonomy":"product_tag","embeddable":true,"href":"https:\/\/veganova.eu\/hr\/wp-json\/wp\/v2\/product_tag?post=48027"}],"curies":[{"name":"wp","href":"https:\/\/api.w.org\/{rel}","templated":true}]}}