{"id":48121,"date":"2024-09-15T12:35:04","date_gmt":"2024-09-15T10:35:04","guid":{"rendered":"https:\/\/veganova.eu\/?post_type=product&#038;p=48121"},"modified":"2026-04-21T07:26:08","modified_gmt":"2026-04-21T05:26:08","slug":"jarrow-formulas-same-200-20-tabs","status":"publish","type":"product","link":"https:\/\/veganova.eu\/hr\/shop\/jarrow-formulas-same-200-20-tabs\/","title":{"rendered":"Jarrow Formulas SAMe 200 \u2013 20 tab"},"content":{"rendered":"<h3>Jarrow Formulas SAMe 200 \u2013 20 tab<\/h3>\n<p>Jarrow Formulas SAMe 200 daje punih 200 mg SAMe (neto prinos) iz 400 mg SAMe tosilat disulfata. SAMe 200 se proizvodi na niskim temperaturama i niskoj vla\u017enosti te je oblo\u017een crijevom kako bi se osigurao biolo\u0161ki aktivan proizvod.<\/p>\n<p>S vi\u0161e biolo\u0161ki aktivnog S,S nego R,S oblika<br \/>\nProna\u0111en u svim \u017eivim stanicama, SAMe je metabolit metionina (esencijalne aminokiseline). SAMe je kiralna molekula koja se sastoji od dva oblika: (S,S) SAMe i (R,S) SAMe. Biolo\u0161ki aktivan oblik je (S,S) struktura, dok je (R,S) struktura biolo\u0161ki neaktivna. Jarrow Formulas SAMe proizvodi se mikrobiolo\u0161kom fermentacijom i potom obra\u0111uje bez kemijskih otapala kako bi se o\u010duvao 68-80% (S,S) SAMe.<\/p>\n<p>SAMe podr\u017eava:<\/p>\n<p>Mo\u017edani metabolizam i raspolo\u017eenje*<br \/>\nSAMe reakcije metilacije uklju\u010dene su u sintezu fosfatidilkolina, zna\u010dajnog sastojka sive tvari u mozgu i stani\u010dnih membrana.* Tako\u0111er je predlo\u017eeno da su uklju\u010dene<br \/>\nu stvaranju ili metabolizmu neurotransmitera, \u0161to poma\u017ee u<br \/>\npodr\u017eavaju uravnote\u017eeno raspolo\u017eenje.*<\/p>\n<p>Zdravlje zglobova*<br \/>\nSAMe podr\u017eava proizvodnju zdravog vezivnog tkiva putem transsulfuracije.* U ovom procesu transsulfuracije, kriti\u010dne komponente vezivnog tkiva poznate kao glikozaminoglikani (GAG), uklju\u010duju\u0107i glukozamin i kondroitin, sulfatirani su metabolitima SAMe da bi se dobili sulfatirani GAG, kao \u0161to su glukozamin sulfat i kondroitin sulfat, gra\u0111evni blokovi hrskavice.*<\/p>\n<p>Funkcija jetre*<br \/>\nSAMe podr\u017eava sintezu glutationa (GSH), koji je kriti\u010dan za antioksidacijsku obranu i funkcije jetre uklju\u010duju\u0107i fazu II detoksikacije.*<\/p>\n<p>Jarrow Formulas SAMe 200 pakiran je u blister foliju kako bi se pove\u0107ala stabilnost i sadr\u017ei 200 mg S-adenozil metionina dobivenog iz 400 mg SAMe tosilat disulfata.<\/p>","protected":false},"excerpt":{"rendered":"<p>Jarrow Formulas SAMe 200 supports healthy liver, joints and is mood enhancer. Content: 20 tablets. Certifitation: gluten free, vegan.<\/p>","protected":false},"featured_media":51903,"comment_status":"closed","ping_status":"closed","template":"","meta":{"advanced_seo_description":"","jetpack_seo_html_title":"","jetpack_seo_noindex":false},"pwb-brand":[165],"product_brand":[4572],"product_cat":[2593,286,143,2591,152],"product_tag":[],"class_list":{"0":"post-48121","1":"product","2":"type-product","3":"status-publish","4":"has-post-thumbnail","6":"pwb-brand-jarrow-formulas","7":"product_brand-jarrow-formulas","8":"product_cat-antioxidants","9":"product_cat-for-a-better-mood","10":"product_cat-health-issues","11":"product_cat-liver","12":"product_cat-vitamins-and-minerals","13":"brand_woo-jarrow-formulas","15":"first","16":"outofstock","17":"taxable","18":"shipping-taxable","19":"purchasable","20":"product-type-simple"},"jetpack_sharing_enabled":true,"brands":[{"id":165,"name":"Jarrow formule","slug":"jarrow-formulas"}],"_links":{"self":[{"href":"https:\/\/veganova.eu\/hr\/wp-json\/wp\/v2\/product\/48121","targetHints":{"allow":["GET"]}}],"collection":[{"href":"https:\/\/veganova.eu\/hr\/wp-json\/wp\/v2\/product"}],"about":[{"href":"https:\/\/veganova.eu\/hr\/wp-json\/wp\/v2\/types\/product"}],"replies":[{"embeddable":true,"href":"https:\/\/veganova.eu\/hr\/wp-json\/wp\/v2\/comments?post=48121"}],"version-history":[{"count":1,"href":"https:\/\/veganova.eu\/hr\/wp-json\/wp\/v2\/product\/48121\/revisions"}],"predecessor-version":[{"id":59357,"href":"https:\/\/veganova.eu\/hr\/wp-json\/wp\/v2\/product\/48121\/revisions\/59357"}],"wp:featuredmedia":[{"embeddable":true,"href":"https:\/\/veganova.eu\/hr\/wp-json\/wp\/v2\/media\/51903"}],"wp:attachment":[{"href":"https:\/\/veganova.eu\/hr\/wp-json\/wp\/v2\/media?parent=48121"}],"wp:term":[{"taxonomy":"pwb-brand","embeddable":true,"href":"https:\/\/veganova.eu\/hr\/wp-json\/wp\/v2\/pwb-brand?post=48121"},{"taxonomy":"product_brand","embeddable":true,"href":"https:\/\/veganova.eu\/hr\/wp-json\/wp\/v2\/product_brand?post=48121"},{"taxonomy":"product_cat","embeddable":true,"href":"https:\/\/veganova.eu\/hr\/wp-json\/wp\/v2\/product_cat?post=48121"},{"taxonomy":"product_tag","embeddable":true,"href":"https:\/\/veganova.eu\/hr\/wp-json\/wp\/v2\/product_tag?post=48121"}],"curies":[{"name":"wp","href":"https:\/\/api.w.org\/{rel}","templated":true}]}}