{"id":48223,"date":"2024-09-15T12:36:54","date_gmt":"2024-09-15T10:36:54","guid":{"rendered":"https:\/\/veganova.eu\/?post_type=product&#038;p=48223"},"modified":"2026-04-21T07:26:12","modified_gmt":"2026-04-21T05:26:12","slug":"revive-vitamin-d3-60-vcaps","status":"publish","type":"product","link":"https:\/\/veganova.eu\/hr\/shop\/revive-vitamin-d3-60-vcaps\/","title":{"rendered":"Revive Vitamin D3 \u2013 60 vcaps"},"content":{"rendered":"<h3>Revive Vitamin D3 \u2013 60 vcaps<\/h3>\n<p>Revive Supplements Vitamin D3 pru\u017ea visokokvalitetni izvor ovog esencijalnog vitamina, koji je klju\u010dan za odr\u017eavanje jakih kostiju, podr\u017eavanje imunolo\u0161ke funkcije i reguliranje raspolo\u017eenja. Ovaj dodatak sadr\u017ei 5000 IU vitamina D3 po porciji, \u0161to je preporu\u010dena dnevna doza za ve\u0107inu ljudi.<br \/>\nVitamin D poznat je kao &quot;vitamin sunca&quot; jer ga na\u0161e tijelo mo\u017ee proizvesti kada nam je ko\u017ea izlo\u017eena sun\u010devoj svjetlosti. Me\u0111utim, mnogi ljudi ne dobivaju dovoljno vitamina D samo izlaganjem suncu, osobito tijekom zimskih mjeseci ili ako ve\u0107inu vremena provode u zatvorenom prostoru.<br \/>\nAko tra\u017eite prikladan i u\u010dinkovit na\u010din da podr\u017eite svoje cjelokupno zdravlje i dobrobit, probajte Revive Supplements Vitamin D3 danas.<\/p>\n<ul>\n<li>Podr\u017eite zdravlje kostiju<\/li>\n<li>Promicati zdravlje kardiovaskularnog sustava<\/li>\n<li>Poma\u017ee imunolo\u0161kom sustavu<\/li>\n<\/ul>","protected":false},"excerpt":{"rendered":"<p>Revive Vitamin D3 podr\u017eava imunitet i jake kosti. Sadr\u017eaj: 60 vegetarijanskih kapsula.<\/p>","protected":false},"featured_media":52226,"comment_status":"closed","ping_status":"closed","template":"","meta":{"advanced_seo_description":"","jetpack_seo_html_title":"","jetpack_seo_noindex":false},"pwb-brand":[406],"product_brand":[4719],"product_cat":[143,597,153,152],"product_tag":[],"class_list":{"0":"post-48223","1":"product","2":"type-product","3":"status-publish","4":"has-post-thumbnail","6":"pwb-brand-revive","7":"product_brand-revive","8":"product_cat-health-issues","9":"product_cat-body-immunity","10":"product_cat-vitamins","11":"product_cat-vitamins-and-minerals","12":"brand_woo-revive","14":"first","15":"outofstock","16":"taxable","17":"shipping-taxable","18":"purchasable","19":"product-type-simple"},"jetpack_sharing_enabled":true,"brands":[{"id":406,"name":"O\u017eivjeti","slug":"revive"}],"_links":{"self":[{"href":"https:\/\/veganova.eu\/hr\/wp-json\/wp\/v2\/product\/48223","targetHints":{"allow":["GET"]}}],"collection":[{"href":"https:\/\/veganova.eu\/hr\/wp-json\/wp\/v2\/product"}],"about":[{"href":"https:\/\/veganova.eu\/hr\/wp-json\/wp\/v2\/types\/product"}],"replies":[{"embeddable":true,"href":"https:\/\/veganova.eu\/hr\/wp-json\/wp\/v2\/comments?post=48223"}],"version-history":[{"count":1,"href":"https:\/\/veganova.eu\/hr\/wp-json\/wp\/v2\/product\/48223\/revisions"}],"predecessor-version":[{"id":59401,"href":"https:\/\/veganova.eu\/hr\/wp-json\/wp\/v2\/product\/48223\/revisions\/59401"}],"wp:featuredmedia":[{"embeddable":true,"href":"https:\/\/veganova.eu\/hr\/wp-json\/wp\/v2\/media\/52226"}],"wp:attachment":[{"href":"https:\/\/veganova.eu\/hr\/wp-json\/wp\/v2\/media?parent=48223"}],"wp:term":[{"taxonomy":"pwb-brand","embeddable":true,"href":"https:\/\/veganova.eu\/hr\/wp-json\/wp\/v2\/pwb-brand?post=48223"},{"taxonomy":"product_brand","embeddable":true,"href":"https:\/\/veganova.eu\/hr\/wp-json\/wp\/v2\/product_brand?post=48223"},{"taxonomy":"product_cat","embeddable":true,"href":"https:\/\/veganova.eu\/hr\/wp-json\/wp\/v2\/product_cat?post=48223"},{"taxonomy":"product_tag","embeddable":true,"href":"https:\/\/veganova.eu\/hr\/wp-json\/wp\/v2\/product_tag?post=48223"}],"curies":[{"name":"wp","href":"https:\/\/api.w.org\/{rel}","templated":true}]}}