{"id":5245,"date":"2023-10-01T17:09:46","date_gmt":"2023-10-01T15:09:46","guid":{"rendered":"https:\/\/veganova.eu\/?post_type=product&#038;p=5245"},"modified":"2026-04-26T02:21:36","modified_gmt":"2026-04-26T00:21:36","slug":"san-rawfusion-natural-chocolate-931g","status":"publish","type":"product","link":"https:\/\/veganova.eu\/hr\/shop\/san-rawfusion-natural-chocolate-931g\/","title":{"rendered":"SAN RawFusion, prirodna \u010dokolada (931g)"},"content":{"rendered":"<h3>SAN RawFusion<\/h3>\n<ul>\n<li>Nova generacija biljnih proteina<\/li>\n<li>Vi\u0161e od godinu dana sna\u017enog istra\u017eivanja i razvoja tehnologija hladnog istiskivanja rezultiralo je SAN-ovom proteinskom formulom bez premca koju su odobrili vegani.<\/li>\n<li>Ne samo da je RAWFUSION ne-GMO projekt verificiran, potpuno prirodan izvor proteina na biljnoj bazi bez alergena, ve\u0107 tako\u0111er nudi nevjerojatnih 21 gram na\u0161ih vlastitih bio-fermentiranih proteina po porciji \u2013 \u0161to ga \u010dini savr\u0161enim za svakoga.<\/li>\n<li>RAWFUSION-ova ekskluzivna mje\u0161avina izolata proteina gra\u0161ka, koncentrata proteina proklijale sme\u0111e ri\u017ee, koncentrata proteina arti\u010doke i matrice suncokretovog ulja bogate EFA donosi ovu za\u0161ti\u0107enu formulu koja je idealna za vegane i visokoproteinski, razuman izbor i za ne-vegane.<\/li>\n<li>Zapravo, s vi\u0161e od 4,5 grama BCAA po obroku, profil aminokiselina RAWFUSION-a parira onom mlije\u010dnih proteina, ali bez ikakvih nedostataka mlije\u010dnih ili \u017eivotinjskih proteina.<\/li>\n<\/ul>","protected":false},"excerpt":{"rendered":"<p>Vegan nutritional supplement containing vegetable protein and amino acids SAN RawFusion is a mixture of peas, brown rice, artichokes and sunflower oil. Contains 21g of protein and 4.5g of BCAA per serving. Flavor: Natural Chocolate, package contains: 931g. Gluten-free, GMO-free.<\/p>","protected":false},"featured_media":51542,"comment_status":"closed","ping_status":"closed","template":"","meta":{"advanced_seo_description":"","jetpack_seo_html_title":"","jetpack_seo_noindex":false},"pwb-brand":[431],"product_brand":[4740],"product_cat":[132,133],"product_tag":[1445,1378,1443],"class_list":{"0":"post-5245","1":"product","2":"type-product","3":"status-publish","4":"has-post-thumbnail","6":"pwb-brand-san","7":"product_brand-san","8":"product_cat-sports-nutrition","9":"product_cat-vegan-proteins","10":"product_tag-protein-for-men","11":"product_tag-protein-with-amino-acids","12":"product_tag-vegetable-protein","13":"brand_woo-san","15":"first","16":"instock","17":"featured","18":"taxable","19":"shipping-taxable","20":"purchasable","21":"product-type-simple"},"jetpack_sharing_enabled":true,"brands":[{"id":431,"name":"SAN","slug":"san"}],"_links":{"self":[{"href":"https:\/\/veganova.eu\/hr\/wp-json\/wp\/v2\/product\/5245","targetHints":{"allow":["GET"]}}],"collection":[{"href":"https:\/\/veganova.eu\/hr\/wp-json\/wp\/v2\/product"}],"about":[{"href":"https:\/\/veganova.eu\/hr\/wp-json\/wp\/v2\/types\/product"}],"replies":[{"embeddable":true,"href":"https:\/\/veganova.eu\/hr\/wp-json\/wp\/v2\/comments?post=5245"}],"version-history":[{"count":1,"href":"https:\/\/veganova.eu\/hr\/wp-json\/wp\/v2\/product\/5245\/revisions"}],"predecessor-version":[{"id":58349,"href":"https:\/\/veganova.eu\/hr\/wp-json\/wp\/v2\/product\/5245\/revisions\/58349"}],"wp:featuredmedia":[{"embeddable":true,"href":"https:\/\/veganova.eu\/hr\/wp-json\/wp\/v2\/media\/51542"}],"wp:attachment":[{"href":"https:\/\/veganova.eu\/hr\/wp-json\/wp\/v2\/media?parent=5245"}],"wp:term":[{"taxonomy":"pwb-brand","embeddable":true,"href":"https:\/\/veganova.eu\/hr\/wp-json\/wp\/v2\/pwb-brand?post=5245"},{"taxonomy":"product_brand","embeddable":true,"href":"https:\/\/veganova.eu\/hr\/wp-json\/wp\/v2\/product_brand?post=5245"},{"taxonomy":"product_cat","embeddable":true,"href":"https:\/\/veganova.eu\/hr\/wp-json\/wp\/v2\/product_cat?post=5245"},{"taxonomy":"product_tag","embeddable":true,"href":"https:\/\/veganova.eu\/hr\/wp-json\/wp\/v2\/product_tag?post=5245"}],"curies":[{"name":"wp","href":"https:\/\/api.w.org\/{rel}","templated":true}]}}