{"id":5317,"date":"2023-10-01T17:10:24","date_gmt":"2023-10-01T15:10:24","guid":{"rendered":"https:\/\/veganova.eu\/?post_type=product&#038;p=5317"},"modified":"2026-04-21T07:24:46","modified_gmt":"2026-04-21T05:24:46","slug":"swanson-acetyl-l-carnitine-500mg-100-kaps","status":"publish","type":"product","link":"https:\/\/veganova.eu\/hr\/shop\/swanson-acetyl-l-carnitine-500mg-100-kaps\/","title":{"rendered":"Swanson acetil L-karnitin, 500 mg (100 kapsula)"},"content":{"rendered":"<h3>Swanson acetil L-karnitin, 500 mg (100 kapsula)<\/h3>\n<p>Energizira um i poti\u010de koncentraciju<br \/>\nProlazi kroz krvno-mo\u017edanu barijeru kako bi podr\u017eao kognitivno zdravlje i optimalnu funkciju mozga<br \/>\nPromi\u010de antioksidacijsku za\u0161titu cijelog \u017eiv\u010danog sustava<\/p>\n<p>Energizirajte um i potaknite koncentraciju uz pomo\u0107 Swanson Premium Acetyl L-Carnitina! Ova jedinstvena formula dolazi od estera esencijalne aminokiseline L-karnitina. Mi\u0161i\u0107i cijelog tijela tako\u0111er trebaju ovu energiju kako bi oja\u010dali dok vje\u017ebate. Va\u0161 mozak koristi ovu energiju za odr\u017eavanje zdravih funkcija poput proizvodnje neurotransmitera. Acetil L-karnitin tako\u0111er poma\u017ee u odr\u017eavanju zdrave neurolo\u0161ke funkcije pru\u017eanjem antioksidativne za\u0161tite kroz cijeli \u017eiv\u010dani sustav. Svaka veggie kapsula donosi 500 mg acetil L-karnitina.<\/p>","protected":false},"excerpt":{"rendered":"<p>Vegetarijanski dodatak prehrani Swanson Acetyl L-Carnitine, 500mg za energiju tijekom treninga, pravilan metabolizam i zdrav \u017eiv\u010dani sustav. Pakiranje sadr\u017ei: 100 kapsula.<\/p>","protected":false},"featured_media":52932,"comment_status":"closed","ping_status":"closed","template":"","meta":{"advanced_seo_description":"","jetpack_seo_html_title":"","jetpack_seo_noindex":false},"pwb-brand":[450],"product_brand":[4753],"product_cat":[155,132],"product_tag":[1401,1094,1150],"class_list":{"0":"post-5317","1":"product","2":"type-product","3":"status-publish","4":"has-post-thumbnail","6":"pwb-brand-swanson","7":"product_brand-swanson","8":"product_cat-fat-burners","9":"product_cat-sports-nutrition","10":"product_tag-character-drawing","11":"product_tag-metabolism","12":"product_tag-nervous-system","13":"brand_woo-swanson","15":"first","16":"instock","17":"taxable","18":"shipping-taxable","19":"purchasable","20":"product-type-simple"},"jetpack_sharing_enabled":true,"brands":[{"id":450,"name":"Swanson","slug":"swanson"}],"_links":{"self":[{"href":"https:\/\/veganova.eu\/hr\/wp-json\/wp\/v2\/product\/5317","targetHints":{"allow":["GET"]}}],"collection":[{"href":"https:\/\/veganova.eu\/hr\/wp-json\/wp\/v2\/product"}],"about":[{"href":"https:\/\/veganova.eu\/hr\/wp-json\/wp\/v2\/types\/product"}],"replies":[{"embeddable":true,"href":"https:\/\/veganova.eu\/hr\/wp-json\/wp\/v2\/comments?post=5317"}],"version-history":[{"count":1,"href":"https:\/\/veganova.eu\/hr\/wp-json\/wp\/v2\/product\/5317\/revisions"}],"predecessor-version":[{"id":58415,"href":"https:\/\/veganova.eu\/hr\/wp-json\/wp\/v2\/product\/5317\/revisions\/58415"}],"wp:featuredmedia":[{"embeddable":true,"href":"https:\/\/veganova.eu\/hr\/wp-json\/wp\/v2\/media\/52932"}],"wp:attachment":[{"href":"https:\/\/veganova.eu\/hr\/wp-json\/wp\/v2\/media?parent=5317"}],"wp:term":[{"taxonomy":"pwb-brand","embeddable":true,"href":"https:\/\/veganova.eu\/hr\/wp-json\/wp\/v2\/pwb-brand?post=5317"},{"taxonomy":"product_brand","embeddable":true,"href":"https:\/\/veganova.eu\/hr\/wp-json\/wp\/v2\/product_brand?post=5317"},{"taxonomy":"product_cat","embeddable":true,"href":"https:\/\/veganova.eu\/hr\/wp-json\/wp\/v2\/product_cat?post=5317"},{"taxonomy":"product_tag","embeddable":true,"href":"https:\/\/veganova.eu\/hr\/wp-json\/wp\/v2\/product_tag?post=5317"}],"curies":[{"name":"wp","href":"https:\/\/api.w.org\/{rel}","templated":true}]}}