{"id":54509,"date":"2025-05-17T15:59:50","date_gmt":"2025-05-17T13:59:50","guid":{"rendered":"https:\/\/veganova.eu\/?post_type=product&#038;p=54509"},"modified":"2026-04-21T07:26:22","modified_gmt":"2026-04-21T05:26:22","slug":"now-foods-creatine-monohydrate-750mg-120-vcaps","status":"publish","type":"product","link":"https:\/\/veganova.eu\/hr\/shop\/now-foods-creatine-monohydrate-750mg-120-vcaps\/","title":{"rendered":"NOW Foods Creatine Monohydrate, 750mg &#8211; 120 vcaps"},"content":{"rendered":"<h3>NOW Foods Creatine Monohydrate, 750mg &#8211; 120 vcaps<\/h3>\n<p>Mi\u0161i\u0107no gorivo<br \/>\nMr\u0161ava masa<br \/>\nKreatin je spoj koji se prirodno pojavljuje u tijelu, prvenstveno u skeletnim mi\u0161i\u0107ima. Funkcija kreatina je da slu\u017ei kao prethodnik adenozin trifosfata (ATP), oblika kemijske energije koju koriste sve stanice. Tjelesne zalihe kreatina stvaraju spremnik lako dostupnog ATP-a za energiju, koji je neophodan za poticanje brzih naleta snage i snage. Studije su pokazale da suplementacija kreatinom mo\u017ee pomo\u0107i u odr\u017eavanju postoje\u0107eg mi\u0161i\u0107nog tkiva, podr\u017eati rast i razvoj nemasne mase i promicati optimalnu izvedbu tijekom kratkih napada intenzivne vje\u017ebe. NOW kreatin monohidrat nema aditiva ni konzervansa.<\/p>","protected":false},"excerpt":{"rendered":"<p>NOW Foods Creatine Monohydrate, 750mg &#8211; 120 vcaps Muscle Fuel Lean Mass Creatine is a compound that occurs naturally in the body, primarily in skeletal muscle. Creatine\u2019s function is to serve as a precursor to adenosine triphosphate (ATP), the form of chemical energy used by all cells. Body stores of creatine create a pool of [&hellip;]<\/p>\n","protected":false},"featured_media":55377,"comment_status":"closed","ping_status":"closed","template":"","meta":{"advanced_seo_description":"","jetpack_seo_html_title":"","jetpack_seo_noindex":false},"pwb-brand":[173],"product_brand":[4580],"product_cat":[272,132],"product_tag":[],"class_list":{"0":"post-54509","1":"product","2":"type-product","3":"status-publish","4":"has-post-thumbnail","6":"pwb-brand-now-foods","7":"product_brand-now-foods","8":"product_cat-creatines","9":"product_cat-sports-nutrition","10":"brand_woo-now-foods","12":"first","13":"instock","14":"taxable","15":"shipping-taxable","16":"purchasable","17":"product-type-simple"},"jetpack_sharing_enabled":true,"brands":[{"id":173,"name":"NOW Foods","slug":"now-foods"}],"_links":{"self":[{"href":"https:\/\/veganova.eu\/hr\/wp-json\/wp\/v2\/product\/54509","targetHints":{"allow":["GET"]}}],"collection":[{"href":"https:\/\/veganova.eu\/hr\/wp-json\/wp\/v2\/product"}],"about":[{"href":"https:\/\/veganova.eu\/hr\/wp-json\/wp\/v2\/types\/product"}],"replies":[{"embeddable":true,"href":"https:\/\/veganova.eu\/hr\/wp-json\/wp\/v2\/comments?post=54509"}],"version-history":[{"count":3,"href":"https:\/\/veganova.eu\/hr\/wp-json\/wp\/v2\/product\/54509\/revisions"}],"predecessor-version":[{"id":59521,"href":"https:\/\/veganova.eu\/hr\/wp-json\/wp\/v2\/product\/54509\/revisions\/59521"}],"wp:featuredmedia":[{"embeddable":true,"href":"https:\/\/veganova.eu\/hr\/wp-json\/wp\/v2\/media\/55377"}],"wp:attachment":[{"href":"https:\/\/veganova.eu\/hr\/wp-json\/wp\/v2\/media?parent=54509"}],"wp:term":[{"taxonomy":"pwb-brand","embeddable":true,"href":"https:\/\/veganova.eu\/hr\/wp-json\/wp\/v2\/pwb-brand?post=54509"},{"taxonomy":"product_brand","embeddable":true,"href":"https:\/\/veganova.eu\/hr\/wp-json\/wp\/v2\/product_brand?post=54509"},{"taxonomy":"product_cat","embeddable":true,"href":"https:\/\/veganova.eu\/hr\/wp-json\/wp\/v2\/product_cat?post=54509"},{"taxonomy":"product_tag","embeddable":true,"href":"https:\/\/veganova.eu\/hr\/wp-json\/wp\/v2\/product_tag?post=54509"}],"curies":[{"name":"wp","href":"https:\/\/api.w.org\/{rel}","templated":true}]}}