{"id":8714,"date":"2023-10-01T17:12:19","date_gmt":"2023-10-01T15:12:19","guid":{"rendered":"https:\/\/veganova.eu\/?post_type=product&#038;p=8714"},"modified":"2026-04-21T07:25:04","modified_gmt":"2026-04-21T05:25:04","slug":"now-foods-branched-chain-amino-acids-120-vcaps","status":"publish","type":"product","link":"https:\/\/veganova.eu\/hr\/shop\/now-foods-branched-chain-amino-acids-120-vcaps\/","title":{"rendered":"NOW Foods aminokiseline razgranatog lanca \u2013 120 vcaps"},"content":{"rendered":"<h3>NOW Foods aminokiseline razgranatog lanca \u2013 120 vcaps<\/h3>\n<p>Esencijalne aminokiseline<br \/>\nLeucin, izoleucin, valin<br \/>\n\u010ciste aminokiseline<br \/>\nAminokiseline razgranatog lanca (BCAA), leucin, izoleucin i valin esencijalne su aminokiseline i stoga se ne mogu proizvesti u tijelu. BCAA su klju\u010dne za sintezu mi\u0161i\u0107nih proteina, a budu\u0107i da se BCAA mogu koristiti kao gorivo tijekom intenzivnog vje\u017ebanja, suplementacija BCAA mo\u017ee pomo\u0107i u o\u010duvanju postoje\u0107eg mi\u0161i\u0107nog tkiva. Osim toga, BCAA mogu podr\u017eati proces oporavka promicanjem normalnih procesa oporavka koji se odvijaju nakon napora. BCAA tako\u0111er igraju va\u017enu ulogu u odr\u017eavanju pravilne funkcije imunolo\u0161kog sustava i potpori zdravog starenja.<\/p>","protected":false},"excerpt":{"rendered":"<p>Veganski dodatak prehrani koji sadr\u017ei BCAA NOW Foods aminokiseline razgranatog lanca, bez GMO-a, soje i glutena. Pogodan za zdrav imunolo\u0161ki sustav i zdravo starenje. Sadr\u017eaj pakiranja: 120 veganskih kapsula.<\/p>","protected":false},"featured_media":52792,"comment_status":"closed","ping_status":"closed","template":"","meta":{"advanced_seo_description":"","jetpack_seo_html_title":"","jetpack_seo_noindex":false},"pwb-brand":[173],"product_brand":[4580],"product_cat":[174,132],"product_tag":[860,1117,1214],"class_list":{"0":"post-8714","1":"product","2":"type-product","3":"status-publish","4":"has-post-thumbnail","6":"pwb-brand-now-foods","7":"product_brand-now-foods","8":"product_cat-amino-acids","9":"product_cat-sports-nutrition","10":"product_tag-energy","11":"product_tag-immunity","12":"product_tag-muscle-regeneration","13":"brand_woo-now-foods","15":"first","16":"instock","17":"taxable","18":"shipping-taxable","19":"purchasable","20":"product-type-simple"},"jetpack_sharing_enabled":true,"brands":[{"id":173,"name":"NOW Foods","slug":"now-foods"}],"_links":{"self":[{"href":"https:\/\/veganova.eu\/hr\/wp-json\/wp\/v2\/product\/8714","targetHints":{"allow":["GET"]}}],"collection":[{"href":"https:\/\/veganova.eu\/hr\/wp-json\/wp\/v2\/product"}],"about":[{"href":"https:\/\/veganova.eu\/hr\/wp-json\/wp\/v2\/types\/product"}],"replies":[{"embeddable":true,"href":"https:\/\/veganova.eu\/hr\/wp-json\/wp\/v2\/comments?post=8714"}],"version-history":[{"count":1,"href":"https:\/\/veganova.eu\/hr\/wp-json\/wp\/v2\/product\/8714\/revisions"}],"predecessor-version":[{"id":58633,"href":"https:\/\/veganova.eu\/hr\/wp-json\/wp\/v2\/product\/8714\/revisions\/58633"}],"wp:featuredmedia":[{"embeddable":true,"href":"https:\/\/veganova.eu\/hr\/wp-json\/wp\/v2\/media\/52792"}],"wp:attachment":[{"href":"https:\/\/veganova.eu\/hr\/wp-json\/wp\/v2\/media?parent=8714"}],"wp:term":[{"taxonomy":"pwb-brand","embeddable":true,"href":"https:\/\/veganova.eu\/hr\/wp-json\/wp\/v2\/pwb-brand?post=8714"},{"taxonomy":"product_brand","embeddable":true,"href":"https:\/\/veganova.eu\/hr\/wp-json\/wp\/v2\/product_brand?post=8714"},{"taxonomy":"product_cat","embeddable":true,"href":"https:\/\/veganova.eu\/hr\/wp-json\/wp\/v2\/product_cat?post=8714"},{"taxonomy":"product_tag","embeddable":true,"href":"https:\/\/veganova.eu\/hr\/wp-json\/wp\/v2\/product_tag?post=8714"}],"curies":[{"name":"wp","href":"https:\/\/api.w.org\/{rel}","templated":true}]}}