{"id":8718,"date":"2023-10-01T17:12:20","date_gmt":"2023-10-01T15:12:20","guid":{"rendered":"https:\/\/veganova.eu\/?post_type=product&#038;p=8718"},"modified":"2026-05-05T02:31:19","modified_gmt":"2026-05-05T00:31:19","slug":"natural-vitality-calm-gummies-raspberry-lemon-60-gummies","status":"publish","type":"product","link":"https:\/\/veganova.eu\/hr\/shop\/natural-vitality-calm-gummies-raspberry-lemon-60-gummies\/","title":{"rendered":"Gumice Natural Vitality Calm, Raspberry Lemon \u2013 60 gumice"},"content":{"rendered":"<h3>Gumice Natural Vitality Calm, Raspberry Lemon \u2013 60 gumice<\/h3>\n<p>VOLIMO magnezij zbog dobrobiti raspolo\u017eenja\u2014i to od na\u0161eg prvog lansiranja CALM-a 1982. Ali \u010dinjenica je da je magnezij neophodan za vi\u0161e od 300 procesa u tijelu, no ve\u0107ina nas ga ipak ne dobiva dovoljno. Dakle, \u010dak i ako uzimate magnezij za spokoj, tako\u0111er \u010dinite mnogo vi\u0161e za svoje ukupno zdravlje i dobrobit.<\/p>\n<p>URAVNOTE\u017dENO RASPOLO\u017dENJE<br \/>\nNa\u0161a najdra\u017ea prednost magnezija je, naravno, koliko dobro djeluje na podr\u017eavanje uravnote\u017eenog raspolo\u017eenja i zdrav odgovor na stres. Tako\u0111er ubla\u017eava napetost i poma\u017ee vam da se opustite.*<\/p>\n<p>SPAVATI<br \/>\nMagnezij mo\u017ee pomo\u0107i pripremiti va\u0161 um i tijelo za opu\u0161tanje u san.*<\/p>\n<p>FUNKCIJA MI\u0160I\u0106A<br \/>\nKada ka\u017eemo da je magnezij esencijalni mineral, to i mislimo. Va\u0161i mi\u0161i\u0107i to trebaju kako bi se stegli i opustili. To zna\u010di da \u0161to ste aktivniji, to \u0107e vam vi\u0161e trebati za reguliranje zdrave funkcije mi\u0161i\u0107a.*<\/p>\n<p>BRAIN &amp; NERVOUS SYSTEM FUNCTION<br \/>\nMagnezij \u0161titi sluznicu va\u0161ih \u017eivaca i poma\u017ee va\u0161im \u017eivcima da razgovaraju jedni s drugima. U kona\u010dnici, sve ovo podupire cjelokupnu funkciju \u017eivaca i mozga.*<\/p>\n<p>KARDIOVASKULARNO ZDRAVLJE<br \/>\nJo\u0161 jedan razlog da volite magnezij? Va\u0161e srce. Ne samo da poma\u017ee u odr\u017eavanju zdrave razine krvnog tlaka, ve\u0107 je tako\u0111er neophodan za normalnu kontrakciju srca.*<\/p>\n<p>GUSTO\u0106A KOSTIJU<br \/>\nOdr\u017eavanje dnevne razine magnezija poma\u017ee vam u odr\u017eavanju zdravih kostiju. Kada ne unosite dovoljno, sposobnost va\u0161eg tijela da apsorbira kalcij i vitamin D mo\u017ee biti smanjena.*<\/p>","protected":false},"excerpt":{"rendered":"<p>Veganski dodatak prehrani Natural Vitality Calm Gummies koji sadr\u017ei magnezij idealan je za zdrav san, dobro raspolo\u017eenje, pravilan rad mi\u0161i\u0107a, mozga, \u017eiv\u010danog sustava, zdravo srce i jake kosti. Dodatak prehrani u obliku \u017eelatine. Okus: Raspberry Lemon (malina, limun). Sadr\u017eaj pakiranja: 60 \u017eelatina.<\/p>","protected":false},"featured_media":12305,"comment_status":"closed","ping_status":"closed","template":"","meta":{"advanced_seo_description":"","jetpack_seo_html_title":"","jetpack_seo_noindex":false},"pwb-brand":[422],"product_brand":[4732],"product_cat":[286,143],"product_tag":[1146,1158,1208,1150,1079,1126,1403],"class_list":{"0":"post-8718","1":"product","2":"type-product","3":"status-publish","4":"has-post-thumbnail","6":"pwb-brand-natural-vitality","7":"product_brand-natural-vitality","8":"product_cat-for-a-better-mood","9":"product_cat-health-issues","10":"product_tag-good-mood","11":"product_tag-heart","12":"product_tag-muscles","13":"product_tag-nervous-system","14":"product_tag-relaxation","15":"product_tag-stress","16":"product_tag-well-being","17":"brand_woo-natural-vitality","19":"first","20":"outofstock","21":"taxable","22":"shipping-taxable","23":"purchasable","24":"product-type-simple"},"jetpack_sharing_enabled":true,"brands":[{"id":422,"name":"Prirodna vitalnost","slug":"natural-vitality"}],"_links":{"self":[{"href":"https:\/\/veganova.eu\/hr\/wp-json\/wp\/v2\/product\/8718","targetHints":{"allow":["GET"]}}],"collection":[{"href":"https:\/\/veganova.eu\/hr\/wp-json\/wp\/v2\/product"}],"about":[{"href":"https:\/\/veganova.eu\/hr\/wp-json\/wp\/v2\/types\/product"}],"replies":[{"embeddable":true,"href":"https:\/\/veganova.eu\/hr\/wp-json\/wp\/v2\/comments?post=8718"}],"version-history":[{"count":1,"href":"https:\/\/veganova.eu\/hr\/wp-json\/wp\/v2\/product\/8718\/revisions"}],"predecessor-version":[{"id":58635,"href":"https:\/\/veganova.eu\/hr\/wp-json\/wp\/v2\/product\/8718\/revisions\/58635"}],"wp:featuredmedia":[{"embeddable":true,"href":"https:\/\/veganova.eu\/hr\/wp-json\/wp\/v2\/media\/12305"}],"wp:attachment":[{"href":"https:\/\/veganova.eu\/hr\/wp-json\/wp\/v2\/media?parent=8718"}],"wp:term":[{"taxonomy":"pwb-brand","embeddable":true,"href":"https:\/\/veganova.eu\/hr\/wp-json\/wp\/v2\/pwb-brand?post=8718"},{"taxonomy":"product_brand","embeddable":true,"href":"https:\/\/veganova.eu\/hr\/wp-json\/wp\/v2\/product_brand?post=8718"},{"taxonomy":"product_cat","embeddable":true,"href":"https:\/\/veganova.eu\/hr\/wp-json\/wp\/v2\/product_cat?post=8718"},{"taxonomy":"product_tag","embeddable":true,"href":"https:\/\/veganova.eu\/hr\/wp-json\/wp\/v2\/product_tag?post=8718"}],"curies":[{"name":"wp","href":"https:\/\/api.w.org\/{rel}","templated":true}]}}