{"id":8774,"date":"2023-10-01T17:12:34","date_gmt":"2023-10-01T15:12:34","guid":{"rendered":"https:\/\/veganova.eu\/?post_type=product&#038;p=8774"},"modified":"2026-04-21T07:25:06","modified_gmt":"2026-04-21T05:25:06","slug":"enzymedica-digest-90-caps","status":"publish","type":"product","link":"https:\/\/veganova.eu\/hr\/shop\/enzymedica-digest-90-caps\/","title":{"rendered":"Enzymedica Digest \u2013 90 kap"},"content":{"rendered":"<h3>Enzymedica Digest \u2013 90 kap<\/h3>\n<p>Enzimi punog spektra za razgradnju svakodnevnih obroka!<br \/>\nDigest Complete uklju\u010duje enzime za razgradnju 2x vi\u0161e nego Digest Basic.<br \/>\nOva formula u\u010dinkovito razgra\u0111uje ugljikohidrate, masti, vlakna i proteine \u2014 sve \u0161to se obi\u010dno nalazi u va\u0161im dnevnim obrocima. Tako\u0111er ubrzava probavu i poti\u010de apsorpciju hranjivih tvari. Ovi enzimi poma\u017eu pretvoriti dnevne obroke u cjelodnevnu energiju. Na\u0161i za\u0161ti\u0107eni enzimi Thera-blend znanstveno su formulirani za rezultate na cijelom tijelu.<\/p>","protected":false},"excerpt":{"rendered":"<p>Enzymedica Digest veganski probavni enzimi osiguravaju tijelu sve enzime za popravak va\u0161e poreme\u0107ene probave nakon lo\u0161e prehrane, lo\u0161eg na\u010dina \u017eivota ili probavnih smetnji povezanih s godinama. Posebna formula enzima pomo\u0107i \u0107e tijelu da pravilno preradi ugljikohidrate, masti, vlakna i proteine. Sadr\u017eaj pakiranja: 90 kapsula.<\/p>","protected":false},"featured_media":12113,"comment_status":"closed","ping_status":"closed","template":"","meta":{"advanced_seo_description":"","jetpack_seo_html_title":"","jetpack_seo_noindex":false},"pwb-brand":[467],"product_brand":[4767],"product_cat":[596],"product_tag":[1190,1191],"class_list":{"0":"post-8774","1":"product","2":"type-product","3":"status-publish","4":"has-post-thumbnail","6":"pwb-brand-enzymedica","7":"product_brand-enzymedica","8":"product_cat-digestion","9":"product_tag-digestive-enzymes","10":"product_tag-digestive-problems","11":"brand_woo-enzymedica","13":"first","14":"outofstock","15":"sale","16":"taxable","17":"shipping-taxable","18":"purchasable","19":"product-type-simple"},"jetpack_sharing_enabled":true,"brands":[{"id":467,"name":"Enzymedica","slug":"enzymedica"}],"_links":{"self":[{"href":"https:\/\/veganova.eu\/hr\/wp-json\/wp\/v2\/product\/8774","targetHints":{"allow":["GET"]}}],"collection":[{"href":"https:\/\/veganova.eu\/hr\/wp-json\/wp\/v2\/product"}],"about":[{"href":"https:\/\/veganova.eu\/hr\/wp-json\/wp\/v2\/types\/product"}],"replies":[{"embeddable":true,"href":"https:\/\/veganova.eu\/hr\/wp-json\/wp\/v2\/comments?post=8774"}],"version-history":[{"count":1,"href":"https:\/\/veganova.eu\/hr\/wp-json\/wp\/v2\/product\/8774\/revisions"}],"predecessor-version":[{"id":58661,"href":"https:\/\/veganova.eu\/hr\/wp-json\/wp\/v2\/product\/8774\/revisions\/58661"}],"wp:featuredmedia":[{"embeddable":true,"href":"https:\/\/veganova.eu\/hr\/wp-json\/wp\/v2\/media\/12113"}],"wp:attachment":[{"href":"https:\/\/veganova.eu\/hr\/wp-json\/wp\/v2\/media?parent=8774"}],"wp:term":[{"taxonomy":"pwb-brand","embeddable":true,"href":"https:\/\/veganova.eu\/hr\/wp-json\/wp\/v2\/pwb-brand?post=8774"},{"taxonomy":"product_brand","embeddable":true,"href":"https:\/\/veganova.eu\/hr\/wp-json\/wp\/v2\/product_brand?post=8774"},{"taxonomy":"product_cat","embeddable":true,"href":"https:\/\/veganova.eu\/hr\/wp-json\/wp\/v2\/product_cat?post=8774"},{"taxonomy":"product_tag","embeddable":true,"href":"https:\/\/veganova.eu\/hr\/wp-json\/wp\/v2\/product_tag?post=8774"}],"curies":[{"name":"wp","href":"https:\/\/api.w.org\/{rel}","templated":true}]}}