{"id":8778,"date":"2023-10-01T17:12:35","date_gmt":"2023-10-01T15:12:35","guid":{"rendered":"https:\/\/veganova.eu\/?post_type=product&#038;p=8778"},"modified":"2026-04-21T07:25:07","modified_gmt":"2026-04-21T05:25:07","slug":"enzymedica-digest-basic-90-caps","status":"publish","type":"product","link":"https:\/\/veganova.eu\/hr\/shop\/enzymedica-digest-basic-90-caps\/","title":{"rendered":"Enzymedica Digest Basic \u2013 90 kap"},"content":{"rendered":"<h3>Enzymedica Digest Basic \u2013 90 kap<\/h3>\n<p>Nje\u017ena pomo\u0107 za osjetljive \u017eeludce<br \/>\nRazgra\u0111uje masti, vlakna, proteine i ugljikohidrate<br \/>\nUbrzava probavu<br \/>\nPove\u0107ava energiju<br \/>\nSmanjuje povremene plinove, nadutost i probavne smetnje<\/p>","protected":false},"excerpt":{"rendered":"<p>Enzymedica Digest Basic veganski probavni enzimi osiguravaju tijelu sve enzime za popravak va\u0161e poreme\u0107ene probave nakon nepravilne prehrane, lo\u0161eg na\u010dina \u017eivota ili probavnih smetnji povezanih s godinama. Posebna formula enzima pomo\u0107i \u0107e tijelu da pravilno preradi ugljikohidrate, masti, vlakna i proteine. Sadr\u017eaj pakiranja: 90 kapsula.<\/p>","protected":false},"featured_media":12111,"comment_status":"closed","ping_status":"closed","template":"","meta":{"advanced_seo_description":"","jetpack_seo_html_title":"","jetpack_seo_noindex":false},"pwb-brand":[467],"product_brand":[4767],"product_cat":[596],"product_tag":[601,602],"class_list":{"0":"post-8778","1":"product","2":"type-product","3":"status-publish","4":"has-post-thumbnail","6":"pwb-brand-enzymedica","7":"product_brand-enzymedica","8":"product_cat-digestion","9":"product_tag-non-gmo","10":"product_tag-vegan","11":"brand_woo-enzymedica","13":"first","14":"instock","15":"sale","16":"taxable","17":"shipping-taxable","18":"purchasable","19":"product-type-simple"},"jetpack_sharing_enabled":true,"brands":[{"id":467,"name":"Enzymedica","slug":"enzymedica"}],"_links":{"self":[{"href":"https:\/\/veganova.eu\/hr\/wp-json\/wp\/v2\/product\/8778","targetHints":{"allow":["GET"]}}],"collection":[{"href":"https:\/\/veganova.eu\/hr\/wp-json\/wp\/v2\/product"}],"about":[{"href":"https:\/\/veganova.eu\/hr\/wp-json\/wp\/v2\/types\/product"}],"replies":[{"embeddable":true,"href":"https:\/\/veganova.eu\/hr\/wp-json\/wp\/v2\/comments?post=8778"}],"version-history":[{"count":1,"href":"https:\/\/veganova.eu\/hr\/wp-json\/wp\/v2\/product\/8778\/revisions"}],"predecessor-version":[{"id":58663,"href":"https:\/\/veganova.eu\/hr\/wp-json\/wp\/v2\/product\/8778\/revisions\/58663"}],"wp:featuredmedia":[{"embeddable":true,"href":"https:\/\/veganova.eu\/hr\/wp-json\/wp\/v2\/media\/12111"}],"wp:attachment":[{"href":"https:\/\/veganova.eu\/hr\/wp-json\/wp\/v2\/media?parent=8778"}],"wp:term":[{"taxonomy":"pwb-brand","embeddable":true,"href":"https:\/\/veganova.eu\/hr\/wp-json\/wp\/v2\/pwb-brand?post=8778"},{"taxonomy":"product_brand","embeddable":true,"href":"https:\/\/veganova.eu\/hr\/wp-json\/wp\/v2\/product_brand?post=8778"},{"taxonomy":"product_cat","embeddable":true,"href":"https:\/\/veganova.eu\/hr\/wp-json\/wp\/v2\/product_cat?post=8778"},{"taxonomy":"product_tag","embeddable":true,"href":"https:\/\/veganova.eu\/hr\/wp-json\/wp\/v2\/product_tag?post=8778"}],"curies":[{"name":"wp","href":"https:\/\/api.w.org\/{rel}","templated":true}]}}