{"id":8788,"date":"2023-10-01T17:12:39","date_gmt":"2023-10-01T15:12:39","guid":{"rendered":"https:\/\/veganova.eu\/?post_type=product&#038;p=8788"},"modified":"2026-04-21T07:25:07","modified_gmt":"2026-04-21T05:25:07","slug":"garden-of-life-dr-formulated-vegan-prenatal-dha-30-softgels","status":"publish","type":"product","link":"https:\/\/veganova.eu\/hr\/shop\/garden-of-life-dr-formulated-vegan-prenatal-dha-30-softgels\/","title":{"rendered":"Garden of Life Dr. Formulirana veganska prenatalna DHA \u2013 30 mekih gelova"},"content":{"rendered":"<h3>Garden of Life Dr. Formulirana veganska prenatalna DHA \u2013 30 mekih gelova<\/h3>\n<p>400 mg DHA plus 90 mg DPA (oblik triglicerida)<br \/>\nSa SPM-ovima, spojevima koji prirodno podr\u017eavaju normalan upalni odgovor u tijelu<br \/>\nPodr\u017eava razvoj bebinog mozga<br \/>\nPodr\u017eava zdravu trudno\u0107u i dojenje<br \/>\nNon-GMO Project Verified &amp; Certified Vegan<br \/>\nPrikladan meki gel jednom dnevno<\/p>","protected":false},"excerpt":{"rendered":"<p>Veganski dodatak prehrani namijenjen trudnicama Garden of Life Dr. Formulirana veganska prenatalna DHA podr\u017eava zdravu trudno\u0107u i zdrav razvoj djetetova mozga i njegovih funkcija. Sadr\u017eaj pakiranja: 30 mekih tableta.<\/p>","protected":false},"featured_media":52745,"comment_status":"closed","ping_status":"closed","template":"","meta":{"advanced_seo_description":"","jetpack_seo_html_title":"","jetpack_seo_noindex":false},"pwb-brand":[303],"product_brand":[4625],"product_cat":[267,143],"product_tag":[1104,1503],"class_list":{"0":"post-8788","1":"product","2":"type-product","3":"status-publish","4":"has-post-thumbnail","6":"pwb-brand-garden-of-life","7":"product_brand-garden-of-life","8":"product_cat-for-women","9":"product_cat-health-issues","10":"product_tag-pregnancy","11":"product_tag-vitamins-for-pregnant-women","12":"brand_woo-garden-of-life","14":"first","15":"instock","16":"taxable","17":"shipping-taxable","18":"purchasable","19":"product-type-simple"},"jetpack_sharing_enabled":true,"brands":[{"id":303,"name":"Vrt \u017eivota","slug":"garden-of-life"}],"_links":{"self":[{"href":"https:\/\/veganova.eu\/hr\/wp-json\/wp\/v2\/product\/8788","targetHints":{"allow":["GET"]}}],"collection":[{"href":"https:\/\/veganova.eu\/hr\/wp-json\/wp\/v2\/product"}],"about":[{"href":"https:\/\/veganova.eu\/hr\/wp-json\/wp\/v2\/types\/product"}],"replies":[{"embeddable":true,"href":"https:\/\/veganova.eu\/hr\/wp-json\/wp\/v2\/comments?post=8788"}],"version-history":[{"count":1,"href":"https:\/\/veganova.eu\/hr\/wp-json\/wp\/v2\/product\/8788\/revisions"}],"predecessor-version":[{"id":58668,"href":"https:\/\/veganova.eu\/hr\/wp-json\/wp\/v2\/product\/8788\/revisions\/58668"}],"wp:featuredmedia":[{"embeddable":true,"href":"https:\/\/veganova.eu\/hr\/wp-json\/wp\/v2\/media\/52745"}],"wp:attachment":[{"href":"https:\/\/veganova.eu\/hr\/wp-json\/wp\/v2\/media?parent=8788"}],"wp:term":[{"taxonomy":"pwb-brand","embeddable":true,"href":"https:\/\/veganova.eu\/hr\/wp-json\/wp\/v2\/pwb-brand?post=8788"},{"taxonomy":"product_brand","embeddable":true,"href":"https:\/\/veganova.eu\/hr\/wp-json\/wp\/v2\/product_brand?post=8788"},{"taxonomy":"product_cat","embeddable":true,"href":"https:\/\/veganova.eu\/hr\/wp-json\/wp\/v2\/product_cat?post=8788"},{"taxonomy":"product_tag","embeddable":true,"href":"https:\/\/veganova.eu\/hr\/wp-json\/wp\/v2\/product_tag?post=8788"}],"curies":[{"name":"wp","href":"https:\/\/api.w.org\/{rel}","templated":true}]}}