{"id":9150,"date":"2023-10-01T17:14:14","date_gmt":"2023-10-01T15:14:14","guid":{"rendered":"https:\/\/veganova.eu\/?post_type=product&#038;p=9150"},"modified":"2026-04-21T07:25:19","modified_gmt":"2026-04-21T05:25:19","slug":"swanson-pure-brainpower-60-vcaps","status":"publish","type":"product","link":"https:\/\/veganova.eu\/hr\/shop\/swanson-pure-brainpower-60-vcaps\/","title":{"rendered":"Swanson Pure Brainpower \u2013 60 vcaps"},"content":{"rendered":"<h3>Swanson Pure Brainpower \u2013 60 vcaps<\/h3>\n<ul>\n<li>Klini\u010dki ispitane biljke dokazano poti\u010du pam\u0107enje i op\u0107e zdravlje mozga<\/li>\n<li>Sadr\u017ei Ginkgo biloba, BaCognize Bacopa monnieri i NeuroFactor ekstrakt ploda kave<\/li>\n<li>Adaptogena formula donosi znanstveno ispitane doze za kognitivnu funkciju i fokus<\/li>\n<\/ul>\n<p>Kada razmi\u0161ljamo o zdravom starenju, lako je usredoto\u010diti se uglavnom na fizi\u010dko zdravlje\u2014stvari poput pokretljivosti, fleksibilnosti i izdr\u017eljivosti. Skloni smo zanemariti druge klju\u010dne komponente zdravog starenja - na\u0161e mentalno, emocionalno i psiholo\u0161ko zdravlje. Ukratko, zaboravljamo razmi\u0161ljati o zdravlju mozga. Kognitivna funkcija i izvedba mogu opadati s godinama, osobito jer su studije pokazale da zdrava proizvodnja mo\u017edanog neurotrofnog faktora (BDNF)\u2014povezana sa zdravom kognitivnom funkcijom\u2014mo\u017ee opadati kako starimo.<\/p>\n<p>Swanson Pure Science Herbals donosi vam Pure Brainpower kako biste lak\u0161e hranili svoj mozak klini\u010dki istra\u017eenim sastojcima koji podr\u017eavaju vitalne neurotransmitere koji poma\u017eu kognitivnoj funkciji, fokusu i pam\u0107enju. Pure Brainpower je mje\u0161avina tradicionalnih adaptogenih biljaka i vrhunskih biljnih ekstrakata u znanstveno ispitanim dozama za koje je dokazano da poti\u010du ukupni mentalni fokus, kognitivne funkcije, kao i zdrav protok krvi u mozgu. Swanson Pure Science Herbals tako\u0111er vam donosi ovu \u010distu, mo\u0107nu formulu za zdravlje mozga po djeli\u0107u cijene u usporedbi s vode\u0107im nacionalnim brands.<\/p>","protected":false},"excerpt":{"rendered":"<p>Veganski dodatak prehrani za zdrav mozak i podr\u0161ku pam\u0107enja Swanson Pure Brainpower koji sadr\u017ei Ginkgo Biloba, Bacognize Bacopa monnieri i ekstrakt bobica kave. Veganski certifikat. Sadr\u017eaj: 60 veganskih kapsula.<\/p>","protected":false},"featured_media":53897,"comment_status":"closed","ping_status":"closed","template":"","meta":{"advanced_seo_description":"","jetpack_seo_html_title":"","jetpack_seo_noindex":false},"pwb-brand":[450],"product_brand":[4753],"product_cat":[2599,294,143],"product_tag":[1221,855,1223],"class_list":{"0":"post-9150","1":"product","2":"type-product","3":"status-publish","4":"has-post-thumbnail","6":"pwb-brand-swanson","7":"product_brand-swanson","8":"product_cat-brain-and-memory","9":"product_cat-for-seniors","10":"product_cat-health-issues","11":"product_tag-brain","12":"product_tag-for-seniors","13":"product_tag-memory","14":"brand_woo-swanson","16":"first","17":"outofstock","18":"taxable","19":"shipping-taxable","20":"purchasable","21":"product-type-simple"},"jetpack_sharing_enabled":true,"brands":[{"id":450,"name":"Swanson","slug":"swanson"}],"_links":{"self":[{"href":"https:\/\/veganova.eu\/hr\/wp-json\/wp\/v2\/product\/9150","targetHints":{"allow":["GET"]}}],"collection":[{"href":"https:\/\/veganova.eu\/hr\/wp-json\/wp\/v2\/product"}],"about":[{"href":"https:\/\/veganova.eu\/hr\/wp-json\/wp\/v2\/types\/product"}],"replies":[{"embeddable":true,"href":"https:\/\/veganova.eu\/hr\/wp-json\/wp\/v2\/comments?post=9150"}],"version-history":[{"count":1,"href":"https:\/\/veganova.eu\/hr\/wp-json\/wp\/v2\/product\/9150\/revisions"}],"predecessor-version":[{"id":58834,"href":"https:\/\/veganova.eu\/hr\/wp-json\/wp\/v2\/product\/9150\/revisions\/58834"}],"wp:featuredmedia":[{"embeddable":true,"href":"https:\/\/veganova.eu\/hr\/wp-json\/wp\/v2\/media\/53897"}],"wp:attachment":[{"href":"https:\/\/veganova.eu\/hr\/wp-json\/wp\/v2\/media?parent=9150"}],"wp:term":[{"taxonomy":"pwb-brand","embeddable":true,"href":"https:\/\/veganova.eu\/hr\/wp-json\/wp\/v2\/pwb-brand?post=9150"},{"taxonomy":"product_brand","embeddable":true,"href":"https:\/\/veganova.eu\/hr\/wp-json\/wp\/v2\/product_brand?post=9150"},{"taxonomy":"product_cat","embeddable":true,"href":"https:\/\/veganova.eu\/hr\/wp-json\/wp\/v2\/product_cat?post=9150"},{"taxonomy":"product_tag","embeddable":true,"href":"https:\/\/veganova.eu\/hr\/wp-json\/wp\/v2\/product_tag?post=9150"}],"curies":[{"name":"wp","href":"https:\/\/api.w.org\/{rel}","templated":true}]}}