{"id":14665,"date":"2023-11-13T19:30:04","date_gmt":"2023-11-13T18:30:04","guid":{"rendered":"https:\/\/veganova.eu\/?post_type=product&#038;p=14665"},"modified":"2026-04-21T07:25:28","modified_gmt":"2026-04-21T05:25:28","slug":"allnutrition-flex-all-complete-cherry-400g","status":"publish","type":"product","link":"https:\/\/veganova.eu\/hu\/shop\/allnutrition-flex-all-complete-cherry-400g\/","title":{"rendered":"Allnutrition Flex All Complete, cseresznye - 400g"},"content":{"rendered":"<h3>Allnutrition Flex All Complete, cseresznye - 400g<\/h3>\n<p>Az \u00edz\u00fcleti porcot porcsz\u00f6vetnek nevezik, \u00e9s megakad\u00e1lyozza az egym\u00e1ssal \u00e9rintkez\u0151 csontok kop\u00e1s\u00e1t. Id\u0151sebb korban az \u00edz\u00fcleti porc nem k\u00e9pes regener\u00e1l\u00f3dni, ami az elveszt\u00e9s\u00e9nek lehet\u0151s\u00e9g\u00e9t eredm\u00e9nyezi.<\/p>\n<p>A FLEX ALL COMPLETE-nak k\u00f6sz\u00f6nhet\u0151en felgyors\u00edthatja a regener\u00e1ci\u00f3t \u00e9s t\u00e1mogathatja a s\u00e9r\u00fclt porcszerkezet \u00fajj\u00e1\u00e9p\u00edt\u00e9s\u00e9t, ami serkenti a kollag\u00e9ntermel\u00e9st \u00e9s helyre\u00e1ll\u00edtja az \u00edz\u00fcletek rugalmass\u00e1g\u00e1t. A k\u00f6nnyen em\u00e9szthet\u0151, por alakban rendelkez\u00e9sre \u00e1ll\u00f3 \u00f6sszetev\u0151k a leghat\u00e9konyabbak ebben a regener\u00e1ci\u00f3s folyamatban.<\/p>\n<p>A FLEX ALL COMPLETE egy olyan term\u00e9k, amely els\u0151sorban kollag\u00e9nen alapul. A kollag\u00e9n egy olyan feh\u00e9rje, amely seg\u00edt fenntartani az eg\u00e9szs\u00e9ges csontokat. Ezenk\u00edv\u00fcl sz\u00e1mos t\u00e1mogat\u00f3 \u00f6sszetev\u0151vel rendelkezik. Ezek k\u00f6z\u00e9 tartozik a C-vitamin, amely seg\u00edt a kollag\u00e9n megfelel\u0151 termel\u00e9s\u00e9ben, hogy biztos\u00edtsa a porcok \u00e9s a b\u0151r megfelel\u0151 m\u0171k\u00f6d\u00e9s\u00e9t.<\/p>","protected":false},"excerpt":{"rendered":"<p>Sz\u00e9ps\u00e9g \u00e9s eg\u00e9szs\u00e9g kieg\u00e9sz\u00edt\u0151 Allnutrition Flex All Complete Tartalom: hidroliz\u00e1lt marhah\u00fas kollag\u00e9n, L-prolin, gl\u00fckozamin, MSM, C-vitamin, magn\u00e9zium \u00e9s B6. \u00cdzes\u00edtve: Cseresznye. Tartalom: Cseresznye: 400g.<\/p>","protected":false},"featured_media":53753,"comment_status":"closed","ping_status":"closed","template":"","meta":{"advanced_seo_description":"","jetpack_seo_html_title":"","jetpack_seo_noindex":false},"pwb-brand":[475],"product_brand":[4774],"product_cat":[688,684],"product_tag":[],"class_list":{"0":"post-14665","1":"product","2":"type-product","3":"status-publish","4":"has-post-thumbnail","6":"pwb-brand-allnutrition","7":"product_brand-allnutrition","8":"product_cat-beauty-supplements","9":"product_cat-clean-beauty","10":"brand_woo-allnutrition","12":"first","13":"outofstock","14":"taxable","15":"shipping-taxable","16":"purchasable","17":"product-type-simple"},"jetpack_sharing_enabled":true,"brands":[{"id":475,"name":"Allnutrition","slug":"allnutrition"}],"_links":{"self":[{"href":"https:\/\/veganova.eu\/hu\/wp-json\/wp\/v2\/product\/14665","targetHints":{"allow":["GET"]}}],"collection":[{"href":"https:\/\/veganova.eu\/hu\/wp-json\/wp\/v2\/product"}],"about":[{"href":"https:\/\/veganova.eu\/hu\/wp-json\/wp\/v2\/types\/product"}],"replies":[{"embeddable":true,"href":"https:\/\/veganova.eu\/hu\/wp-json\/wp\/v2\/comments?post=14665"}],"version-history":[{"count":1,"href":"https:\/\/veganova.eu\/hu\/wp-json\/wp\/v2\/product\/14665\/revisions"}],"predecessor-version":[{"id":58918,"href":"https:\/\/veganova.eu\/hu\/wp-json\/wp\/v2\/product\/14665\/revisions\/58918"}],"wp:featuredmedia":[{"embeddable":true,"href":"https:\/\/veganova.eu\/hu\/wp-json\/wp\/v2\/media\/53753"}],"wp:attachment":[{"href":"https:\/\/veganova.eu\/hu\/wp-json\/wp\/v2\/media?parent=14665"}],"wp:term":[{"taxonomy":"pwb-brand","embeddable":true,"href":"https:\/\/veganova.eu\/hu\/wp-json\/wp\/v2\/pwb-brand?post=14665"},{"taxonomy":"product_brand","embeddable":true,"href":"https:\/\/veganova.eu\/hu\/wp-json\/wp\/v2\/product_brand?post=14665"},{"taxonomy":"product_cat","embeddable":true,"href":"https:\/\/veganova.eu\/hu\/wp-json\/wp\/v2\/product_cat?post=14665"},{"taxonomy":"product_tag","embeddable":true,"href":"https:\/\/veganova.eu\/hu\/wp-json\/wp\/v2\/product_tag?post=14665"}],"curies":[{"name":"wp","href":"https:\/\/api.w.org\/{rel}","templated":true}]}}