{"id":14823,"date":"2023-11-13T19:31:16","date_gmt":"2023-11-13T18:31:16","guid":{"rendered":"https:\/\/veganova.eu\/?post_type=product&#038;p=14823"},"modified":"2026-04-21T07:25:33","modified_gmt":"2026-04-21T05:25:33","slug":"himalaya-total-care-herbal-toothpaste-100-ml","status":"publish","type":"product","link":"https:\/\/veganova.eu\/hu\/shop\/himalaya-total-care-herbal-toothpaste-100-ml\/","title":{"rendered":"Himalaya Total Care gy\u00f3gyn\u00f6v\u00e9nyes fogkr\u00e9m - 100 ml."},"content":{"rendered":"<h3>Himalaya Total Care gy\u00f3gyn\u00f6v\u00e9nyes fogkr\u00e9m<\/h3>\n<p>Az eg\u00e9szs\u00e9ges fog\u00edny az eg\u00e9szs\u00e9ges fogak \u00e9s a sz\u00e1jhigi\u00e9nia kulcsa. A Himalaya Gum Expert fogkr\u00e9mcsal\u00e1d Miswakot \u00e9s term\u00e9szetes \u00f6sszeh\u00faz\u00f3szereket tartalmaz, amelyek biztos\u00edtj\u00e1k, hogy \u00ednye eg\u00e9szs\u00e9ges \u00e9s v\u00e9dett maradjon. A Himalaya Gum Expert Total Care Herbal Fogkr\u00e9m egy fejlett gy\u00f3gyn\u00f6v\u00e9nyes k\u00e9sz\u00edtm\u00e9ny, amely 12 \u00f3r\u00e1s v\u00e9delmet ny\u00fajt a k\u00e1ros bakt\u00e9riumokkal szemben, seg\u00edt megel\u0151zni az \u00ednyv\u00e9rz\u00e9st \u00e9s a leped\u00e9k felhalmoz\u00f3d\u00e1s\u00e1t a fogakon.<\/p>","protected":false},"excerpt":{"rendered":"<p>A Himalaya Total Care Herbal fogkr\u00e9m seg\u00edt megel\u0151zni a fog\u00ednyv\u00e9rz\u00e9st \u00e9s a leped\u00e9kk\u00e9pz\u0151d\u00e9st. Term\u00e9szetes \u00f6sszetev\u0151k. Tartalom: 1: Tartalom: 100ml.<\/p>","protected":false},"featured_media":51277,"comment_status":"closed","ping_status":"closed","template":"","meta":{"advanced_seo_description":"","jetpack_seo_html_title":"","jetpack_seo_noindex":false},"pwb-brand":[690],"product_brand":[4859],"product_cat":[684,689],"product_tag":[],"class_list":{"0":"post-14823","1":"product","2":"type-product","3":"status-publish","4":"has-post-thumbnail","6":"pwb-brand-himalaya","7":"product_brand-himalaya","8":"product_cat-clean-beauty","9":"product_cat-natural-cosmetics","10":"brand_woo-himalaya","12":"first","13":"instock","14":"taxable","15":"shipping-taxable","16":"purchasable","17":"product-type-simple"},"jetpack_sharing_enabled":true,"brands":[{"id":690,"name":"Himal\u00e1ja","slug":"himalaya"}],"_links":{"self":[{"href":"https:\/\/veganova.eu\/hu\/wp-json\/wp\/v2\/product\/14823","targetHints":{"allow":["GET"]}}],"collection":[{"href":"https:\/\/veganova.eu\/hu\/wp-json\/wp\/v2\/product"}],"about":[{"href":"https:\/\/veganova.eu\/hu\/wp-json\/wp\/v2\/types\/product"}],"replies":[{"embeddable":true,"href":"https:\/\/veganova.eu\/hu\/wp-json\/wp\/v2\/comments?post=14823"}],"version-history":[{"count":1,"href":"https:\/\/veganova.eu\/hu\/wp-json\/wp\/v2\/product\/14823\/revisions"}],"predecessor-version":[{"id":58982,"href":"https:\/\/veganova.eu\/hu\/wp-json\/wp\/v2\/product\/14823\/revisions\/58982"}],"wp:featuredmedia":[{"embeddable":true,"href":"https:\/\/veganova.eu\/hu\/wp-json\/wp\/v2\/media\/51277"}],"wp:attachment":[{"href":"https:\/\/veganova.eu\/hu\/wp-json\/wp\/v2\/media?parent=14823"}],"wp:term":[{"taxonomy":"pwb-brand","embeddable":true,"href":"https:\/\/veganova.eu\/hu\/wp-json\/wp\/v2\/pwb-brand?post=14823"},{"taxonomy":"product_brand","embeddable":true,"href":"https:\/\/veganova.eu\/hu\/wp-json\/wp\/v2\/product_brand?post=14823"},{"taxonomy":"product_cat","embeddable":true,"href":"https:\/\/veganova.eu\/hu\/wp-json\/wp\/v2\/product_cat?post=14823"},{"taxonomy":"product_tag","embeddable":true,"href":"https:\/\/veganova.eu\/hu\/wp-json\/wp\/v2\/product_tag?post=14823"}],"curies":[{"name":"wp","href":"https:\/\/api.w.org\/{rel}","templated":true}]}}