{"id":15441,"date":"2023-12-20T17:29:20","date_gmt":"2023-12-20T16:29:20","guid":{"rendered":"https:\/\/veganova.eu\/?post_type=product&#038;p=15441"},"modified":"2026-04-21T07:25:40","modified_gmt":"2026-04-21T05:25:40","slug":"garden-of-life-dr-formulated-magnesium-with-pre-probiotics-gummies-orange-creme-60-gummies","status":"publish","type":"product","link":"https:\/\/veganova.eu\/hu\/shop\/garden-of-life-dr-formulated-magnesium-with-pre-probiotics-gummies-orange-creme-60-gummies\/","title":{"rendered":"Garden of Life Dr. Formulated Magn\u00e9zium Pre &amp; Probiotikumokkal gumicukor, narancs kr\u00e9m - 60 gumicukor"},"content":{"rendered":"<h3>Garden of Life Dr. Formulated Magnesium with Pre &amp; Probiotics Gummies<\/h3>\n<p><strong>Mik azok a magn\u00e9zium gumicukrok?<\/strong><\/p>\n<p>A Garden of Life Dr Formulated Magnesium Gummies magn\u00e9zium gumicukrot \u00fagy tervezt\u00e9k, hogy n\u00f6velje a magn\u00e9ziumszintet, hogy hozz\u00e1j\u00e1ruljon a f\u00e1radts\u00e1g \u00e9s a kimer\u00fclts\u00e9g cs\u00f6kkent\u00e9s\u00e9hez, valamint t\u00e1mogassa a norm\u00e1l izomm\u0171k\u00f6d\u00e9st.<\/p>\n<p><strong>Mit tartalmaz a Dr. Formulated Magn\u00e9zium gumicukor?<\/strong><\/p>\n<p>A magn\u00e9zium gumicukrok 4 gumicukronk\u00e9nt 400 mg biol\u00f3giailag hasznosul\u00f3 magn\u00e9ziumot biztos\u00edtanak, \u00e9s finom m\u00e1lna \u00edzben kaphat\u00f3k.<\/p>\n<p>A citruspektinnel \u00e9s hozz\u00e1adott cukrot nem tartalmaz\u00f3 magn\u00e9zium gumicukrok adagonk\u00e9nt 1 milli\u00e1rd CFU klinikailag vizsg\u00e1lt hasznos \u00e9l\u0151 bakt\u00e9riumot tartalmaznak.<\/p>\n<p>Ezeket a magn\u00e9zium gumicukrokat \u00fagy tervezt\u00e9k, hogy hozz\u00e1j\u00e1ruljanak a norm\u00e1l pszichol\u00f3giai funkci\u00f3khoz, mint p\u00e9ld\u00e1ul a stresszold\u00e1s, az alv\u00e1s, a sz\u00edv eg\u00e9szs\u00e9ge, a norm\u00e1l izomm\u0171k\u00f6d\u00e9s \u00e9s a csontok. Emellett non-GMO ellen\u0151rz\u00f6ttek, NSF tan\u00fas\u00edtv\u00e1nnyal rendelkez\u0151 glut\u00e9nmentesek, veg\u00e1n \u00e9s k\u00f3serbar\u00e1tok.<\/p>\n<p><span style=\"text-decoration: underline;\"><strong>A magn\u00e9zium gumicukor el\u0151nyei:<\/strong><\/span><\/p>\n<ul>\n<li>Fokozza a magn\u00e9ziumszintet, 400 mg magn\u00e9ziumot biztos\u00edt (4 gumicukorral).<\/li>\n<li>Adagonk\u00e9nt 1 milli\u00e1rd CFU mikrobiomot biztos\u00edt: Bacillus subtilis DE111<\/li>\n<li>T\u00e1mogatja a norm\u00e1l pszichol\u00f3giai funkci\u00f3kat<\/li>\n<li>Non-GMO, veg\u00e1n \u00e9s k\u00f3ser<\/li>\n<li>Glut\u00e9nmentes<\/li>\n<\/ul>","protected":false},"excerpt":{"rendered":"<p>Vegan nutritional supplement in the form of &#8220;gelatin&#8221; candies Garden of Life Dr. Formulated Magnesium with Pre \u00b4n\u00b4Probiotics contains magnesium with high bioavailability, supplemented with pre and probiotics. Ideal during periods of increased physical and mental exertion. Gluten-free, GMO-free. Flavor: Orange Creme. Package contents: 60 gelatins.<\/p>","protected":false},"featured_media":51349,"comment_status":"closed","ping_status":"closed","template":"","meta":{"advanced_seo_description":"","jetpack_seo_html_title":"","jetpack_seo_noindex":false},"pwb-brand":[303],"product_brand":[4625],"product_cat":[596,597,2598],"product_tag":[],"class_list":{"0":"post-15441","1":"product","2":"type-product","3":"status-publish","4":"has-post-thumbnail","6":"pwb-brand-garden-of-life","7":"product_brand-garden-of-life","8":"product_cat-digestion","9":"product_cat-body-immunity","10":"product_cat-recovery","11":"brand_woo-garden-of-life","13":"first","14":"instock","15":"taxable","16":"shipping-taxable","17":"purchasable","18":"product-type-simple"},"jetpack_sharing_enabled":true,"brands":[{"id":303,"name":"Az \u00e9let kertje","slug":"garden-of-life"}],"_links":{"self":[{"href":"https:\/\/veganova.eu\/hu\/wp-json\/wp\/v2\/product\/15441","targetHints":{"allow":["GET"]}}],"collection":[{"href":"https:\/\/veganova.eu\/hu\/wp-json\/wp\/v2\/product"}],"about":[{"href":"https:\/\/veganova.eu\/hu\/wp-json\/wp\/v2\/types\/product"}],"replies":[{"embeddable":true,"href":"https:\/\/veganova.eu\/hu\/wp-json\/wp\/v2\/comments?post=15441"}],"version-history":[{"count":1,"href":"https:\/\/veganova.eu\/hu\/wp-json\/wp\/v2\/product\/15441\/revisions"}],"predecessor-version":[{"id":59056,"href":"https:\/\/veganova.eu\/hu\/wp-json\/wp\/v2\/product\/15441\/revisions\/59056"}],"wp:featuredmedia":[{"embeddable":true,"href":"https:\/\/veganova.eu\/hu\/wp-json\/wp\/v2\/media\/51349"}],"wp:attachment":[{"href":"https:\/\/veganova.eu\/hu\/wp-json\/wp\/v2\/media?parent=15441"}],"wp:term":[{"taxonomy":"pwb-brand","embeddable":true,"href":"https:\/\/veganova.eu\/hu\/wp-json\/wp\/v2\/pwb-brand?post=15441"},{"taxonomy":"product_brand","embeddable":true,"href":"https:\/\/veganova.eu\/hu\/wp-json\/wp\/v2\/product_brand?post=15441"},{"taxonomy":"product_cat","embeddable":true,"href":"https:\/\/veganova.eu\/hu\/wp-json\/wp\/v2\/product_cat?post=15441"},{"taxonomy":"product_tag","embeddable":true,"href":"https:\/\/veganova.eu\/hu\/wp-json\/wp\/v2\/product_tag?post=15441"}],"curies":[{"name":"wp","href":"https:\/\/api.w.org\/{rel}","templated":true}]}}