{"id":15585,"date":"2023-12-20T17:30:24","date_gmt":"2023-12-20T16:30:24","guid":{"rendered":"https:\/\/veganova.eu\/?post_type=product&#038;p=15585"},"modified":"2026-04-21T07:25:44","modified_gmt":"2026-04-21T05:25:44","slug":"betteryou-zinc-daily-oral-spray-natural-lemon-lime-50-ml","status":"publish","type":"product","link":"https:\/\/veganova.eu\/hu\/shop\/betteryou-zinc-daily-oral-spray-natural-lemon-lime-50-ml\/","title":{"rendered":"BetterYou cink napi sz\u00e1jspray, term\u00e9szetes citrom \u00e9s lime - 50 ml."},"content":{"rendered":"<h3>BetterYou Zinc Daily Oral Spray, Natural Lemon &amp; Lime<\/h3>\n<p>BetterYou Zinc Oral Spray is a tasty and easy way to maintain zinc levels, support normal immune system function and maintain healthy eyes, hair, skin and nails. Formulated to provide optimal nutritional delivery, each spray delivers zinc in micro-droplets that coat and penetrate the soft tissue on the inside of the cheek, delivering essential nutrients to the rich venous system beneath. This allows the formulation to quickly enter the bloodstream for optimal absorption.<\/p>","protected":false},"excerpt":{"rendered":"<p>Oral spray containing zinc BetterYou Zinc Daily Oral Spray is suitable for supporting immunity and healthy eyes, hair, nails and skin. Easy to use, fast absorption, does not burden the digestive tract. 5 spray doses for 1 use. Shelf life of the package: 32 days\/use.<\/p>","protected":false},"featured_media":51239,"comment_status":"closed","ping_status":"closed","template":"","meta":{"advanced_seo_description":"","jetpack_seo_html_title":"","jetpack_seo_noindex":false},"pwb-brand":[142],"product_brand":[4563],"product_cat":[597,153],"product_tag":[],"class_list":{"0":"post-15585","1":"product","2":"type-product","3":"status-publish","4":"has-post-thumbnail","6":"pwb-brand-betteryou","7":"product_brand-betteryou","8":"product_cat-body-immunity","9":"product_cat-vitamins","10":"brand_woo-betteryou","12":"first","13":"instock","14":"taxable","15":"shipping-taxable","16":"purchasable","17":"product-type-simple"},"jetpack_sharing_enabled":true,"brands":[{"id":142,"name":"BetterYou","slug":"betteryou"}],"_links":{"self":[{"href":"https:\/\/veganova.eu\/hu\/wp-json\/wp\/v2\/product\/15585","targetHints":{"allow":["GET"]}}],"collection":[{"href":"https:\/\/veganova.eu\/hu\/wp-json\/wp\/v2\/product"}],"about":[{"href":"https:\/\/veganova.eu\/hu\/wp-json\/wp\/v2\/types\/product"}],"replies":[{"embeddable":true,"href":"https:\/\/veganova.eu\/hu\/wp-json\/wp\/v2\/comments?post=15585"}],"version-history":[{"count":1,"href":"https:\/\/veganova.eu\/hu\/wp-json\/wp\/v2\/product\/15585\/revisions"}],"predecessor-version":[{"id":59117,"href":"https:\/\/veganova.eu\/hu\/wp-json\/wp\/v2\/product\/15585\/revisions\/59117"}],"wp:featuredmedia":[{"embeddable":true,"href":"https:\/\/veganova.eu\/hu\/wp-json\/wp\/v2\/media\/51239"}],"wp:attachment":[{"href":"https:\/\/veganova.eu\/hu\/wp-json\/wp\/v2\/media?parent=15585"}],"wp:term":[{"taxonomy":"pwb-brand","embeddable":true,"href":"https:\/\/veganova.eu\/hu\/wp-json\/wp\/v2\/pwb-brand?post=15585"},{"taxonomy":"product_brand","embeddable":true,"href":"https:\/\/veganova.eu\/hu\/wp-json\/wp\/v2\/product_brand?post=15585"},{"taxonomy":"product_cat","embeddable":true,"href":"https:\/\/veganova.eu\/hu\/wp-json\/wp\/v2\/product_cat?post=15585"},{"taxonomy":"product_tag","embeddable":true,"href":"https:\/\/veganova.eu\/hu\/wp-json\/wp\/v2\/product_tag?post=15585"}],"curies":[{"name":"wp","href":"https:\/\/api.w.org\/{rel}","templated":true}]}}