{"id":2745,"date":"2023-10-01T17:01:17","date_gmt":"2023-10-01T15:01:17","guid":{"rendered":"https:\/\/veganova.eu\/?post_type=product&#038;p=2745"},"modified":"2026-04-26T02:21:33","modified_gmt":"2026-04-26T00:21:33","slug":"doctors-best-fully-active-b-complex-with-quatrefolic-30-kaps","status":"publish","type":"product","link":"https:\/\/veganova.eu\/hu\/shop\/doctors-best-fully-active-b-complex-with-quatrefolic-30-kaps\/","title":{"rendered":"Doctor's Best Fully Active B-Complex Quatrefolic-kel (30 kapszula)"},"content":{"rendered":"<h3>Doctor's Best Teljesen akt\u00edv B-komplex quatrefolic-kel<\/h3>\n<ul>\n<li>A Doctor's Best Fully Active B Complex energi\u00e1t biztos\u00edt \u00e9s seg\u00edt megbirk\u00f3zni a stresszel.<\/li>\n<li>A B-vitaminok sz\u00fcks\u00e9gesek a t\u00e1pl\u00e1l\u00e9kb\u00f3l t\u00f6rt\u00e9n\u0151 energiatermel\u00e9shez, valamint az eg\u00e9szs\u00e9ges DNS, g\u00e9nek, sejtek, sz\u00f6vetek, szervek \u00e9s enzimek m\u0171k\u00f6d\u00e9s\u00e9hez \u00e9s fenntart\u00e1s\u00e1hoz.<\/li>\n<li>A B-vitaminok az \u00e9let alapj\u00e1t k\u00e9pezik; az ember nem tudja el\u0151\u00e1ll\u00edtani \u0151ket, ez\u00e9rt a t\u00e1pl\u00e1lkoz\u00e1ssal kell hozz\u00e1jutnunk.<\/li>\n<li>A Doctor's Best Fully Active B Complex csak a B-vitaminok legjobban hasznos\u00edthat\u00f3 form\u00e1it biztos\u00edtja. Ez mag\u00e1ban foglalja a teljesen akt\u00edv folsavat, a szervezetben legakt\u00edvabb folsavat \u00e9s az MTHF-et (metil-tetra-hidro-fol\u00e1t). Teljesen akt\u00edv B12-vitamint biztos\u00edt metil-kobalamin (metil-B12) form\u00e1j\u00e1ban, ami el\u0151seg\u00edti a kiv\u00e1l\u00f3 sz\u00e1jon \u00e1t t\u00f6rt\u00e9n\u0151 felsz\u00edv\u00f3d\u00e1st.<\/li>\n<li>A Best Fully Active B Complex egy teljes spektrum\u00fa B-vitamin-kieg\u00e9sz\u00edt\u0151, amelyet gondosan az optim\u00e1lis felsz\u00edv\u00f3d\u00e1s \u00e9s felhaszn\u00e1l\u00e1s \u00e9rdek\u00e9ben terveztek.<\/li>\n<li>Ez a k\u00e9sz\u00edtm\u00e9ny a B-vitaminokat a legbiztons\u00e1gosabb, legjobban toler\u00e1lt \u00e9s biok\u00e9miailag legakt\u00edvabb form\u00e1ban biztos\u00edtja.<\/li>\n<\/ul>","protected":false},"excerpt":{"rendered":"<p>A Doctor's Best Fully Active B-Complex with Quatrefolic veg\u00e1n t\u00e1pl\u00e1l\u00e9kkieg\u00e9sz\u00edt\u0151 a B-vitaminok komplex\u00e9t mutatja be a legakt\u00edvabb form\u00e1ban. Nem tartalmaz glut\u00e9nt \u00e9s GMO-mentes. A csomag tartalmazza: A B-vitamin-kieg\u00e9sz\u00edt\u0151 a k\u00f6vetkez\u0151 \u00f6sszetev\u0151kb\u0151l \u00e1ll: A csomagban 30 kapszula tal\u00e1lhat\u00f3.<\/p>","protected":false},"featured_media":51677,"comment_status":"closed","ping_status":"closed","template":"","meta":{"advanced_seo_description":"","jetpack_seo_html_title":"","jetpack_seo_noindex":false},"pwb-brand":[147],"product_brand":[4565],"product_cat":[153,152],"product_tag":[860,1094,1150],"class_list":{"0":"post-2745","1":"product","2":"type-product","3":"status-publish","4":"has-post-thumbnail","6":"pwb-brand-doctors-best","7":"product_brand-doctors-best","8":"product_cat-vitamins","9":"product_cat-vitamins-and-minerals","10":"product_tag-energy","11":"product_tag-metabolism","12":"product_tag-nervous-system","13":"brand_woo-doctors-best","15":"first","16":"instock","17":"taxable","18":"shipping-taxable","19":"purchasable","20":"product-type-simple"},"jetpack_sharing_enabled":true,"brands":[{"id":147,"name":"Doctor's Best","slug":"doctors-best"}],"_links":{"self":[{"href":"https:\/\/veganova.eu\/hu\/wp-json\/wp\/v2\/product\/2745","targetHints":{"allow":["GET"]}}],"collection":[{"href":"https:\/\/veganova.eu\/hu\/wp-json\/wp\/v2\/product"}],"about":[{"href":"https:\/\/veganova.eu\/hu\/wp-json\/wp\/v2\/types\/product"}],"replies":[{"embeddable":true,"href":"https:\/\/veganova.eu\/hu\/wp-json\/wp\/v2\/comments?post=2745"}],"version-history":[{"count":1,"href":"https:\/\/veganova.eu\/hu\/wp-json\/wp\/v2\/product\/2745\/revisions"}],"predecessor-version":[{"id":57309,"href":"https:\/\/veganova.eu\/hu\/wp-json\/wp\/v2\/product\/2745\/revisions\/57309"}],"wp:featuredmedia":[{"embeddable":true,"href":"https:\/\/veganova.eu\/hu\/wp-json\/wp\/v2\/media\/51677"}],"wp:attachment":[{"href":"https:\/\/veganova.eu\/hu\/wp-json\/wp\/v2\/media?parent=2745"}],"wp:term":[{"taxonomy":"pwb-brand","embeddable":true,"href":"https:\/\/veganova.eu\/hu\/wp-json\/wp\/v2\/pwb-brand?post=2745"},{"taxonomy":"product_brand","embeddable":true,"href":"https:\/\/veganova.eu\/hu\/wp-json\/wp\/v2\/product_brand?post=2745"},{"taxonomy":"product_cat","embeddable":true,"href":"https:\/\/veganova.eu\/hu\/wp-json\/wp\/v2\/product_cat?post=2745"},{"taxonomy":"product_tag","embeddable":true,"href":"https:\/\/veganova.eu\/hu\/wp-json\/wp\/v2\/product_tag?post=2745"}],"curies":[{"name":"wp","href":"https:\/\/api.w.org\/{rel}","templated":true}]}}