{"id":3152,"date":"2023-10-01T17:03:48","date_gmt":"2023-10-01T15:03:48","guid":{"rendered":"https:\/\/veganova.eu\/?post_type=product&#038;p=3152"},"modified":"2026-04-21T07:23:46","modified_gmt":"2026-04-21T05:23:46","slug":"jarrow-formulas-broccomax-120-kaps","status":"publish","type":"product","link":"https:\/\/veganova.eu\/hu\/shop\/jarrow-formulas-broccomax-120-kaps\/","title":{"rendered":"Jarrow Formul\u00e1k BroccoMax (120 kapszula)"},"content":{"rendered":"<h3>Jarrow Formul\u00e1k BroccoMax (120 kapszula)<\/h3>\n<p>A Jarrow Formulas BroccoMax brokkolimag kivonatot szabadalmaztatott elj\u00e1r\u00e1ssal \u00e1ll\u00edtj\u00e1k el\u0151, amely meg\u0151rzi az akt\u00edv myrosin\u00e1zt, a brokkoliban l\u00e9v\u0151 enzimet, amely a v\u00e9konyb\u00e9lben az SGS-t (szulforaf\u00e1n gl\u00fckozinol\u00e1t, m\u00e1s n\u00e9ven gl\u00fckoraf\u00e1nin) szulforaf\u00e1nn\u00e1 metaboliz\u00e1lja. A szulforaf\u00e1n t\u00e1mogatja a sejtek eg\u00e9szs\u00e9ges szaporod\u00e1s\u00e1t \u00e9s a m\u00e1j eg\u00e9szs\u00e9g\u00e9t.<\/p>","protected":false},"excerpt":{"rendered":"<p>Vegetarian food supplement Jarrow Formulas BroccoMax is ideal for supporting your liver health and detoxification. The package contains: 120 vegetarian capsules.<\/p>","protected":false},"featured_media":53205,"comment_status":"closed","ping_status":"closed","template":"","meta":{"advanced_seo_description":"","jetpack_seo_html_title":"","jetpack_seo_noindex":false},"pwb-brand":[165],"product_brand":[4572],"product_cat":[149],"product_tag":[1037,1154],"class_list":{"0":"post-3152","1":"product","2":"type-product","3":"status-publish","4":"has-post-thumbnail","6":"pwb-brand-jarrow-formulas","7":"product_brand-jarrow-formulas","8":"product_cat-superfoods","9":"product_tag-detox","10":"product_tag-liver","11":"brand_woo-jarrow-formulas","13":"first","14":"instock","15":"taxable","16":"shipping-taxable","17":"purchasable","18":"product-type-simple"},"jetpack_sharing_enabled":true,"brands":[{"id":165,"name":"Jarrow Formul\u00e1k","slug":"jarrow-formulas"}],"_links":{"self":[{"href":"https:\/\/veganova.eu\/hu\/wp-json\/wp\/v2\/product\/3152","targetHints":{"allow":["GET"]}}],"collection":[{"href":"https:\/\/veganova.eu\/hu\/wp-json\/wp\/v2\/product"}],"about":[{"href":"https:\/\/veganova.eu\/hu\/wp-json\/wp\/v2\/types\/product"}],"replies":[{"embeddable":true,"href":"https:\/\/veganova.eu\/hu\/wp-json\/wp\/v2\/comments?post=3152"}],"version-history":[{"count":1,"href":"https:\/\/veganova.eu\/hu\/wp-json\/wp\/v2\/product\/3152\/revisions"}],"predecessor-version":[{"id":57639,"href":"https:\/\/veganova.eu\/hu\/wp-json\/wp\/v2\/product\/3152\/revisions\/57639"}],"wp:featuredmedia":[{"embeddable":true,"href":"https:\/\/veganova.eu\/hu\/wp-json\/wp\/v2\/media\/53205"}],"wp:attachment":[{"href":"https:\/\/veganova.eu\/hu\/wp-json\/wp\/v2\/media?parent=3152"}],"wp:term":[{"taxonomy":"pwb-brand","embeddable":true,"href":"https:\/\/veganova.eu\/hu\/wp-json\/wp\/v2\/pwb-brand?post=3152"},{"taxonomy":"product_brand","embeddable":true,"href":"https:\/\/veganova.eu\/hu\/wp-json\/wp\/v2\/product_brand?post=3152"},{"taxonomy":"product_cat","embeddable":true,"href":"https:\/\/veganova.eu\/hu\/wp-json\/wp\/v2\/product_cat?post=3152"},{"taxonomy":"product_tag","embeddable":true,"href":"https:\/\/veganova.eu\/hu\/wp-json\/wp\/v2\/product_tag?post=3152"}],"curies":[{"name":"wp","href":"https:\/\/api.w.org\/{rel}","templated":true}]}}