{"id":3194,"date":"2023-10-01T17:04:05","date_gmt":"2023-10-01T15:04:05","guid":{"rendered":"https:\/\/veganova.eu\/?post_type=product&#038;p=3194"},"modified":"2026-04-21T07:23:49","modified_gmt":"2026-04-21T05:23:49","slug":"jarrow-formulas-same-400-30-tab","status":"publish","type":"product","link":"https:\/\/veganova.eu\/hu\/shop\/jarrow-formulas-same-400-30-tab\/","title":{"rendered":"Jarrow Formulas SAMe 400 (30 tabletta)"},"content":{"rendered":"<h3>Jarrow Formulas SAMe 400 (30 tabletta)<\/h3>\n<p>A Jarrow Formulas SAMe 200 teljes 200 mg SAMe-t (nett\u00f3 hozam) biztos\u00edt 400 mg SAMe-tozil\u00e1t-diszulf\u00e1tb\u00f3l. A SAMe 200 alacsony h\u0151m\u00e9rs\u00e9kleten \u00e9s alacsony p\u00e1ratartalom mellett k\u00e9sz\u00fcl, \u00e9s b\u00e9lsavval bevont, hogy biol\u00f3giailag akt\u00edv term\u00e9ket biztos\u00edtson.<\/p>\n<p>T\u00f6bb biol\u00f3giailag akt\u00edv S,S-, mint R,S-form\u00e1val<br \/>\nA SAMe minden \u00e9l\u0151 sejtben megtal\u00e1lhat\u00f3, \u00e9s a metionin (egy esszenci\u00e1lis aminosav) metabolitja. A SAMe egy kir\u00e1lis molekula, amely k\u00e9t form\u00e1b\u00f3l \u00e1ll: (S,S) SAMe \u00e9s (R,S) SAMe. A biol\u00f3giailag akt\u00edv forma az (S,S) szerkezet, m\u00edg az (R,S) szerkezet biol\u00f3giailag inakt\u00edv. A Jarrow Formulas SAMe mikrobiol\u00f3giai ferment\u00e1ci\u00f3val k\u00e9sz\u00fcl, majd k\u00e9miai old\u00f3szerek n\u00e9lk\u00fcl ker\u00fcl feldolgoz\u00e1sra a 68-80% (S,S) SAMe meg\u0151rz\u00e9se \u00e9rdek\u00e9ben.<\/p>\n<p>A SAMe t\u00e1mogatja:<\/p>\n<p>Agyi anyagcsere \u00e9s hangulat*<br \/>\nA SAMe metil\u00e1ci\u00f3s reakci\u00f3i r\u00e9szt vesznek a foszfatidil-kolin szint\u00e9zis\u00e9ben, amely az agy sz\u00fcrke\u00e1llom\u00e1ny\u00e1nak \u00e9s a sejtmembr\u00e1noknak egy jelent\u0151s alkot\u00f3eleme.* Azt is javasolt\u00e1k, hogy r\u00e9szt vesz a foszfatidil-kolin szint\u00e9zis\u00e9ben.<br \/>\na neurotranszmitterek k\u00e9pz\u0151d\u00e9s\u00e9ben vagy anyagcser\u00e9j\u00e9ben, ami seg\u00edt a<br \/>\nt\u00e1mogatja a kiegyens\u00falyozott hangulatot.*<\/p>\n<p>\u00cdz\u00fcleti eg\u00e9szs\u00e9g*<br \/>\nA SAMe a transzszulfur\u00e1ci\u00f3 r\u00e9v\u00e9n t\u00e1mogatja az eg\u00e9szs\u00e9ges k\u00f6t\u0151sz\u00f6vet termel\u00e9s\u00e9t.* Ebben a transzszulfur\u00e1ci\u00f3s folyamatban a k\u00f6t\u0151sz\u00f6vet kritikus \u00f6sszetev\u0151i, a glikozaminoglik\u00e1nok (GAG-ok), bele\u00e9rtve a gl\u00fckozamint \u00e9s a kondroitint, a SAMe metabolitjaival szulfat\u00e1l\u00f3dnak, hogy szulfat\u00e1lt GAG-okat, p\u00e9ld\u00e1ul gl\u00fckozamin-szulf\u00e1tot \u00e9s kondroitin-szulf\u00e1tot, a porcok \u00e9p\u00edt\u0151k\u00f6veit nyerj\u00e9k.*<\/p>\n<p>M\u00e1jfunkci\u00f3*<br \/>\nA SAMe t\u00e1mogatja a glutation (GSH) szint\u00e9zis\u00e9t, amely kritikus fontoss\u00e1g\u00fa az antioxid\u00e1ns v\u00e9dekez\u00e9s \u00e9s a m\u00e1jfunkci\u00f3k szempontj\u00e1b\u00f3l, bele\u00e9rtve a II. f\u00e1zis\u00fa m\u00e9regtelen\u00edt\u00e9st is.<\/p>\n<p>A Jarrow Formulas SAMe 200 a stabilit\u00e1s maximaliz\u00e1l\u00e1sa \u00e9rdek\u00e9ben f\u00f3li\u00e1ba bubor\u00e9kcsomagolt, \u00e9s 200 mg S-Adenozil Metionint tartalmaz, amely 400 mg SAMe Tosilate Disulfate-b\u00f3l sz\u00e1rmazik.<\/p>","protected":false},"excerpt":{"rendered":"<p>A Jarrow Formulas SAMe 400 veg\u00e1n t\u00e1pl\u00e1l\u00e9kkieg\u00e9sz\u00edt\u0151 alkalmas az eg\u00e9szs\u00e9ges \u00edz\u00fcletek, a m\u00e1j m\u00e9regtelen\u00edt\u00e9s\u00e9re, az agyi funkci\u00f3k er\u0151s\u00edt\u00e9s\u00e9re \u00e9s a j\u00f3 hangulat t\u00e1mogat\u00e1s\u00e1ra.  30 tabletta.<\/p>","protected":false},"featured_media":11252,"comment_status":"closed","ping_status":"closed","template":"","meta":{"advanced_seo_description":"","jetpack_seo_html_title":"","jetpack_seo_noindex":false},"pwb-brand":[165],"product_brand":[4572],"product_cat":[294,143],"product_tag":[1146,1273,1272,1271],"class_list":{"0":"post-3194","1":"product","2":"type-product","3":"status-publish","4":"has-post-thumbnail","6":"pwb-brand-jarrow-formulas","7":"product_brand-jarrow-formulas","8":"product_cat-for-seniors","9":"product_cat-health-issues","10":"product_tag-good-mood","11":"product_tag-healthy-brain","12":"product_tag-healthy-joints","13":"product_tag-liver-detox","14":"brand_woo-jarrow-formulas","16":"first","17":"instock","18":"taxable","19":"shipping-taxable","20":"purchasable","21":"product-type-simple"},"jetpack_sharing_enabled":true,"brands":[{"id":165,"name":"Jarrow Formul\u00e1k","slug":"jarrow-formulas"}],"_links":{"self":[{"href":"https:\/\/veganova.eu\/hu\/wp-json\/wp\/v2\/product\/3194","targetHints":{"allow":["GET"]}}],"collection":[{"href":"https:\/\/veganova.eu\/hu\/wp-json\/wp\/v2\/product"}],"about":[{"href":"https:\/\/veganova.eu\/hu\/wp-json\/wp\/v2\/types\/product"}],"replies":[{"embeddable":true,"href":"https:\/\/veganova.eu\/hu\/wp-json\/wp\/v2\/comments?post=3194"}],"version-history":[{"count":1,"href":"https:\/\/veganova.eu\/hu\/wp-json\/wp\/v2\/product\/3194\/revisions"}],"predecessor-version":[{"id":57680,"href":"https:\/\/veganova.eu\/hu\/wp-json\/wp\/v2\/product\/3194\/revisions\/57680"}],"wp:featuredmedia":[{"embeddable":true,"href":"https:\/\/veganova.eu\/hu\/wp-json\/wp\/v2\/media\/11252"}],"wp:attachment":[{"href":"https:\/\/veganova.eu\/hu\/wp-json\/wp\/v2\/media?parent=3194"}],"wp:term":[{"taxonomy":"pwb-brand","embeddable":true,"href":"https:\/\/veganova.eu\/hu\/wp-json\/wp\/v2\/pwb-brand?post=3194"},{"taxonomy":"product_brand","embeddable":true,"href":"https:\/\/veganova.eu\/hu\/wp-json\/wp\/v2\/product_brand?post=3194"},{"taxonomy":"product_cat","embeddable":true,"href":"https:\/\/veganova.eu\/hu\/wp-json\/wp\/v2\/product_cat?post=3194"},{"taxonomy":"product_tag","embeddable":true,"href":"https:\/\/veganova.eu\/hu\/wp-json\/wp\/v2\/product_tag?post=3194"}],"curies":[{"name":"wp","href":"https:\/\/api.w.org\/{rel}","templated":true}]}}