{"id":3201,"date":"2023-10-01T17:04:09","date_gmt":"2023-10-01T15:04:09","guid":{"rendered":"https:\/\/veganova.eu\/?post_type=product&#038;p=3201"},"modified":"2026-04-21T07:23:50","modified_gmt":"2026-04-21T05:23:50","slug":"jarrow-formulas-yum-yum-dophilus-1-billion-120-chewable-tab","status":"publish","type":"product","link":"https:\/\/veganova.eu\/hu\/shop\/jarrow-formulas-yum-yum-dophilus-1-billion-120-chewable-tab\/","title":{"rendered":"Jarrow Formulas Yum-Yum Dophilus, 1 Billion (120 r\u00e1g\u00f3tabletta)"},"content":{"rendered":"<h3>Jarrow Formulas Yum-Yum Dophilus, 1 Billion (120 r\u00e1g\u00f3tabletta)<\/h3>\n<p>Mit csin\u00e1l a Yum-Yum Dophilus?<br \/>\nA Jarrow Formulas Yum-Yum Dophilus 4 klinikailag dokument\u00e1lt j\u00f3t\u00e9kony bakt\u00e9riumt\u00f6rzset biztos\u00edt egy finom r\u00e1g\u00f3tabletta form\u00e1j\u00e1ban. A j\u00f3t\u00e9kony b\u00e9lfl\u00f3r\u00e1t negat\u00edvan befoly\u00e1solhatja vagy cs\u00f6kkentheti a rostszeg\u00e9ny, magas \u00e1llati feh\u00e9rjetartalm\u00fa \u00e9trend, a gy\u00f3gyszeres kezel\u00e9s, az utaz\u00e1s \u00e9s a stressz stb. Az eredm\u00e9ny a diszbi\u00f3zis (azaz a norm\u00e1l b\u00e9lfl\u00f3ra megzavar\u00e1sa), ami negat\u00edvan befoly\u00e1solhatja a gyomor-b\u00e9lrendszer m\u0171k\u00f6d\u00e9s\u00e9t \u00e9s k\u00f6z\u00e9rzet\u00e9t.<\/p>\n<p>A Yum-Yum Dophilusban tal\u00e1lhat\u00f3 bar\u00e1ts\u00e1gos bakt\u00e9riumok seg\u00edtenek fenntartani a kiegyens\u00falyozott b\u00e9lfl\u00f3r\u00e1t, t\u00e1mogatj\u00e1k az immunrendszer m\u0171k\u00f6d\u00e9s\u00e9t \u00e9s el\u0151seg\u00edtik az eg\u00e9szs\u00e9get. A xilit az \u00edz fokoz\u00e1s\u00e1ra \u00e9s a fogak eg\u00e9szs\u00e9g\u00e9nek t\u00e1mogat\u00e1s\u00e1ra szolg\u00e1l.<\/p>\n<p>Cukormentes. Nincs mesters\u00e9ges \u00e9des\u00edt\u0151szer, aroma vagy sz\u00ednez\u00e9k.<\/p>\n<p>Minden egyes tabletta egyenk\u00e9nt bubor\u00e9kcsomagol\u00e1sban van a nagyobb stabilit\u00e1s \u00e9s k\u00e9nyelem \u00e9rdek\u00e9ben.<\/p>","protected":false},"excerpt":{"rendered":"<p>Probiotikumokat, inulint \u00e9s frukto-oligoszacharidokat tartalmaz\u00f3 t\u00e1pl\u00e1l\u00e9kkieg\u00e9sz\u00edt\u0151 Jarrow Formulas Yum-Yum Dophilus, 1 Billion, csomag tartalmaz: 120 r\u00e1g\u00f3tabletta.<\/p>","protected":false},"featured_media":11337,"comment_status":"closed","ping_status":"closed","template":"","meta":{"advanced_seo_description":"","jetpack_seo_html_title":"","jetpack_seo_noindex":false},"pwb-brand":[165],"product_brand":[4572],"product_cat":[596],"product_tag":[1156,1276,1117,1275],"class_list":{"0":"post-3201","1":"product","2":"type-product","3":"status-publish","4":"has-post-thumbnail","6":"pwb-brand-jarrow-formulas","7":"product_brand-jarrow-formulas","8":"product_cat-digestion","9":"product_tag-healthy-digestion","10":"product_tag-healthy-intestine","11":"product_tag-immunity","12":"product_tag-intestinal-microflora","13":"brand_woo-jarrow-formulas","15":"first","16":"instock","17":"sale","18":"taxable","19":"shipping-taxable","20":"purchasable","21":"product-type-simple"},"jetpack_sharing_enabled":true,"brands":[{"id":165,"name":"Jarrow Formul\u00e1k","slug":"jarrow-formulas"}],"_links":{"self":[{"href":"https:\/\/veganova.eu\/hu\/wp-json\/wp\/v2\/product\/3201","targetHints":{"allow":["GET"]}}],"collection":[{"href":"https:\/\/veganova.eu\/hu\/wp-json\/wp\/v2\/product"}],"about":[{"href":"https:\/\/veganova.eu\/hu\/wp-json\/wp\/v2\/types\/product"}],"replies":[{"embeddable":true,"href":"https:\/\/veganova.eu\/hu\/wp-json\/wp\/v2\/comments?post=3201"}],"version-history":[{"count":1,"href":"https:\/\/veganova.eu\/hu\/wp-json\/wp\/v2\/product\/3201\/revisions"}],"predecessor-version":[{"id":57687,"href":"https:\/\/veganova.eu\/hu\/wp-json\/wp\/v2\/product\/3201\/revisions\/57687"}],"wp:featuredmedia":[{"embeddable":true,"href":"https:\/\/veganova.eu\/hu\/wp-json\/wp\/v2\/media\/11337"}],"wp:attachment":[{"href":"https:\/\/veganova.eu\/hu\/wp-json\/wp\/v2\/media?parent=3201"}],"wp:term":[{"taxonomy":"pwb-brand","embeddable":true,"href":"https:\/\/veganova.eu\/hu\/wp-json\/wp\/v2\/pwb-brand?post=3201"},{"taxonomy":"product_brand","embeddable":true,"href":"https:\/\/veganova.eu\/hu\/wp-json\/wp\/v2\/product_brand?post=3201"},{"taxonomy":"product_cat","embeddable":true,"href":"https:\/\/veganova.eu\/hu\/wp-json\/wp\/v2\/product_cat?post=3201"},{"taxonomy":"product_tag","embeddable":true,"href":"https:\/\/veganova.eu\/hu\/wp-json\/wp\/v2\/product_tag?post=3201"}],"curies":[{"name":"wp","href":"https:\/\/api.w.org\/{rel}","templated":true}]}}