{"id":3464,"date":"2023-10-01T17:05:50","date_gmt":"2023-10-01T15:05:50","guid":{"rendered":"https:\/\/veganova.eu\/?post_type=product&#038;p=3464"},"modified":"2026-04-21T07:24:07","modified_gmt":"2026-04-21T05:24:07","slug":"now-foods-ginkgo-biloba-double-strength-120mg-100-kaps","status":"publish","type":"product","link":"https:\/\/veganova.eu\/hu\/shop\/now-foods-ginkgo-biloba-double-strength-120mg-100-kaps\/","title":{"rendered":"NOW Foods Ginkgo Biloba Double Strength, 120mg (100 kapszula)"},"content":{"rendered":"<h3>NOW Foods Ginkgo Biloba dupla er\u0151ss\u00e9g\u0171 Ginkgo Biloba<\/h3>\n<ul>\n<li>24% standardiz\u00e1lt kivonat<\/li>\n<li>A Now Ginkgo Biloba kivonat a vil\u00e1gon el\u00e9rhet\u0151 legmagasabb min\u0151s\u00e9g\u0171.<\/li>\n<li>Az in vitro vizsg\u00e1latokban v\u00e9gzett tudom\u00e1nyos kutat\u00e1sok kimutatt\u00e1k, hogy a Ginkgo biloba kivonat er\u0151s szabadgy\u00f6kfog\u00f3 hat\u00e1ssal rendelkezik.<\/li>\n<\/ul>","protected":false},"excerpt":{"rendered":"<p>A NOW Foods Ginkgo Biloba Double Strength, 120mg veg\u00e1n t\u00e1pl\u00e1l\u00e9kkieg\u00e9sz\u00edt\u0151 seg\u00edt a szabad gy\u00f6k\u00f6k elleni k\u00fczdelemben \u00e9s t\u00e1mogatja az agyi funkci\u00f3kat.  100 kapszula. Glut\u00e9nmentes, GMO-mentes.<\/p>","protected":false},"featured_media":51653,"comment_status":"closed","ping_status":"closed","template":"","meta":{"advanced_seo_description":"","jetpack_seo_html_title":"","jetpack_seo_noindex":false},"pwb-brand":[173],"product_brand":[4580],"product_cat":[2599,294,289,149],"product_tag":[1159,1200,1167,1221,860,1235],"class_list":{"0":"post-3464","1":"product","2":"type-product","3":"status-publish","4":"has-post-thumbnail","6":"pwb-brand-now-foods","7":"product_brand-now-foods","8":"product_cat-brain-and-memory","9":"product_cat-for-seniors","10":"product_cat-heart-and-blood-vessels","11":"product_cat-superfoods","12":"product_tag-aging","13":"product_tag-blood-circulation","14":"product_tag-blood-vessels","15":"product_tag-brain","16":"product_tag-energy","17":"product_tag-free-radical-scavenger","18":"brand_woo-now-foods","20":"first","21":"instock","22":"taxable","23":"shipping-taxable","24":"purchasable","25":"product-type-simple"},"jetpack_sharing_enabled":true,"brands":[{"id":173,"name":"NOW Foods","slug":"now-foods"}],"_links":{"self":[{"href":"https:\/\/veganova.eu\/hu\/wp-json\/wp\/v2\/product\/3464","targetHints":{"allow":["GET"]}}],"collection":[{"href":"https:\/\/veganova.eu\/hu\/wp-json\/wp\/v2\/product"}],"about":[{"href":"https:\/\/veganova.eu\/hu\/wp-json\/wp\/v2\/types\/product"}],"replies":[{"embeddable":true,"href":"https:\/\/veganova.eu\/hu\/wp-json\/wp\/v2\/comments?post=3464"}],"version-history":[{"count":1,"href":"https:\/\/veganova.eu\/hu\/wp-json\/wp\/v2\/product\/3464\/revisions"}],"predecessor-version":[{"id":57890,"href":"https:\/\/veganova.eu\/hu\/wp-json\/wp\/v2\/product\/3464\/revisions\/57890"}],"wp:featuredmedia":[{"embeddable":true,"href":"https:\/\/veganova.eu\/hu\/wp-json\/wp\/v2\/media\/51653"}],"wp:attachment":[{"href":"https:\/\/veganova.eu\/hu\/wp-json\/wp\/v2\/media?parent=3464"}],"wp:term":[{"taxonomy":"pwb-brand","embeddable":true,"href":"https:\/\/veganova.eu\/hu\/wp-json\/wp\/v2\/pwb-brand?post=3464"},{"taxonomy":"product_brand","embeddable":true,"href":"https:\/\/veganova.eu\/hu\/wp-json\/wp\/v2\/product_brand?post=3464"},{"taxonomy":"product_cat","embeddable":true,"href":"https:\/\/veganova.eu\/hu\/wp-json\/wp\/v2\/product_cat?post=3464"},{"taxonomy":"product_tag","embeddable":true,"href":"https:\/\/veganova.eu\/hu\/wp-json\/wp\/v2\/product_tag?post=3464"}],"curies":[{"name":"wp","href":"https:\/\/api.w.org\/{rel}","templated":true}]}}