{"id":3789,"date":"2023-10-01T17:08:16","date_gmt":"2023-10-01T15:08:16","guid":{"rendered":"https:\/\/veganova.eu\/?post_type=product&#038;p=3789"},"modified":"2026-04-21T07:24:29","modified_gmt":"2026-04-21T05:24:29","slug":"pescience-select-protein-vegan-series-vanilla-756g","status":"publish","type":"product","link":"https:\/\/veganova.eu\/hu\/shop\/pescience-select-protein-vegan-series-vanilla-756g\/","title":{"rendered":"PEScience Select Protein Veg\u00e1n sorozat, Van\u00edlia (756g)"},"content":{"rendered":"<h3>PEScience Select Protein Veg\u00e1n sorozat<\/h3>\n<ul>\n<li>A Select Vegan a k\u00e9t legjobb min\u0151s\u00e9g\u0171 n\u00f6v\u00e9nyi feh\u00e9rjeforr\u00e1s kever\u00e9k\u00e9t haszn\u00e1lja: bors\u00f3 \u00e9s barna rizs.<\/li>\n<li>Klinikailag tesztelt feh\u00e9rjeforr\u00e1sok.<\/li>\n<li>Nincs sz\u00f3ja.<\/li>\n<li>A Select Vegan Protein egyszer\u0171 formul\u00e1ja nem tartalmaz adal\u00e9kanyagokat - csak egy kis t\u00f6k\u00e9letesen \u00f6ssze\u00e1ll\u00edtott \u00f6sszetev\u0151ket, hogy biztos\u00edtsa a kiv\u00e1l\u00f3 \u00edzeket.<\/li>\n<li>K\u00e9t dologra van sz\u00fcks\u00e9g ahhoz, hogy a veg\u00e1n feh\u00e9rje \u00edzletes legyen : a legjobb \u00f6sszetev\u0151kre \u00e9s a PEScience speci\u00e1lis \u00edzes\u00edt\u00e9s\u00e9re.<\/li>\n<li>Minden Select Vegan kiz\u00e1r\u00f3lag stevi\u00e1val \u00e9des\u00edtett.<\/li>\n<\/ul>","protected":false},"excerpt":{"rendered":"<p>Vegan sports nutritional supplement containing vegetable protein PEScience Select Protein Vegan Series. Premium protein with amino acids, soy-free, gluten-free, lactose-free, GMO-free. 20g protein from peas and brown rice. Flavor: Vanilla, package contains: 756g.<\/p>","protected":false},"featured_media":53426,"comment_status":"closed","ping_status":"closed","template":"","meta":{"advanced_seo_description":"","jetpack_seo_html_title":"","jetpack_seo_noindex":false},"pwb-brand":[382],"product_brand":[4706],"product_cat":[132,133],"product_tag":[1210,1377,1145],"class_list":{"0":"post-3789","1":"product","2":"type-product","3":"status-publish","4":"has-post-thumbnail","6":"pwb-brand-pescience","7":"product_brand-pescience","8":"product_cat-sports-nutrition","9":"product_cat-vegan-proteins","10":"product_tag-protein-for-allergy-sufferers","11":"product_tag-protein-without-sugar","12":"product_tag-vegan-protein","13":"brand_woo-pescience","15":"first","16":"outofstock","17":"taxable","18":"shipping-taxable","19":"purchasable","20":"product-type-simple"},"jetpack_sharing_enabled":true,"brands":[{"id":382,"name":"PEScience","slug":"pescience"}],"_links":{"self":[{"href":"https:\/\/veganova.eu\/hu\/wp-json\/wp\/v2\/product\/3789","targetHints":{"allow":["GET"]}}],"collection":[{"href":"https:\/\/veganova.eu\/hu\/wp-json\/wp\/v2\/product"}],"about":[{"href":"https:\/\/veganova.eu\/hu\/wp-json\/wp\/v2\/types\/product"}],"replies":[{"embeddable":true,"href":"https:\/\/veganova.eu\/hu\/wp-json\/wp\/v2\/comments?post=3789"}],"version-history":[{"count":1,"href":"https:\/\/veganova.eu\/hu\/wp-json\/wp\/v2\/product\/3789\/revisions"}],"predecessor-version":[{"id":58171,"href":"https:\/\/veganova.eu\/hu\/wp-json\/wp\/v2\/product\/3789\/revisions\/58171"}],"wp:featuredmedia":[{"embeddable":true,"href":"https:\/\/veganova.eu\/hu\/wp-json\/wp\/v2\/media\/53426"}],"wp:attachment":[{"href":"https:\/\/veganova.eu\/hu\/wp-json\/wp\/v2\/media?parent=3789"}],"wp:term":[{"taxonomy":"pwb-brand","embeddable":true,"href":"https:\/\/veganova.eu\/hu\/wp-json\/wp\/v2\/pwb-brand?post=3789"},{"taxonomy":"product_brand","embeddable":true,"href":"https:\/\/veganova.eu\/hu\/wp-json\/wp\/v2\/product_brand?post=3789"},{"taxonomy":"product_cat","embeddable":true,"href":"https:\/\/veganova.eu\/hu\/wp-json\/wp\/v2\/product_cat?post=3789"},{"taxonomy":"product_tag","embeddable":true,"href":"https:\/\/veganova.eu\/hu\/wp-json\/wp\/v2\/product_tag?post=3789"}],"curies":[{"name":"wp","href":"https:\/\/api.w.org\/{rel}","templated":true}]}}