{"id":47777,"date":"2024-09-15T12:28:48","date_gmt":"2024-09-15T10:28:48","guid":{"rendered":"https:\/\/veganova.eu\/?post_type=product&#038;p=47777"},"modified":"2026-04-21T07:25:55","modified_gmt":"2026-04-21T05:25:55","slug":"trained-by-jp-cream-of-rice-chocolate-fudge-2000g","status":"publish","type":"product","link":"https:\/\/veganova.eu\/hu\/shop\/trained-by-jp-cream-of-rice-chocolate-fudge-2000g\/","title":{"rendered":"Trained by JP Rizskr\u00e9m, Csokol\u00e1d\u00e9 karamell - 2000g"},"content":{"rendered":"<h3>Trained by JP Rizskr\u00e9m, Csokol\u00e1d\u00e9 karamell - 2000g<\/h3>\n<p>Mi\u00e9rt rizskr\u00e9m?<\/p>\n<p>A felk\u00e9sz\u00fcl\u00e9s, a szezonon k\u00edv\u00fcli vagy b\u00e1rmely edz\u00e9sszakasz sor\u00e1n az \u00edzletes \u00edzes\u00edtett dolgok fogyaszt\u00e1sa az unalmasabb rizs helyett seg\u00edthet abban, hogy a di\u00e9ta ir\u00e1ny\u00e1ba tartsd magad, mivel gyakran \u00fagy \u00e9rzed, hogy ez egy \u00e9lvezet, de t\u00f6k\u00e9letesen k\u00f6nnyen beilleszthet\u0151 a napi sz\u00e9nhidr\u00e1tsz\u00fcks\u00e9gletedbe.<\/p>\n<p>A szezonon k\u00edv\u00fcli id\u0151szakban, amikor az \u00e9telek magasabbak lehetnek, az em\u00e9szt\u00e9s gyakran egy kicsit nehezebb\u00e9 v\u00e1lhat, \u00e9s ebben a f\u00e1zisban a k\u00fcl\u00f6nb\u00f6z\u0151 \u00edzek, amelyek mindig t\u00f6k\u00e9letesen em\u00e9szthet\u0151ek , lehet\u0151v\u00e9 teszi, hogy meg\u0151rizze az \u00e9tv\u00e1gy\u00e1t \u00e9s a halad\u00e1st el\u0151rehaladjon.<\/p>\n<p>JP maga is nagy hangs\u00falyt fektet az em\u00e9szt\u00e9sre, hatalmas tests\u00falyokat \u00e9s kal\u00f3riabevitelt \u00e9r el, ez\u00e9rt mindent, amit k\u00e9sz\u00edt\u00fcnk, kipr\u00f3b\u00e1l \u00e9s tesztel, hogy biztos\u00edtsa, nincs-e benne t\u00fal sok \u00e9des\u00edt\u0151szer, hogy az \u00edzes\u00edt\u0151k nem t\u00fal er\u0151sek-e - minden olyan dolog, ami fontos, amikor val\u00f3ban a test\u00e9p\u00edt\u00e9sben \u00e9l\u00fcnk \u00e9s l\u00e9legz\u00fcnk.<\/p>\n<p>A 2 kg-os COR 13 finom \u00edzben kaphat\u00f3, hogy az \u00edzlel\u0151bimb\u00f3k boldogok legyenek!<\/p>\n<p>Gyorsan hat\u00f3 sz\u00e9nhidr\u00e1t<\/p>\n<pre><code>Incredible Taste\nEasy to Mix\nPerfectly Digested\n2KG is 80x 25g servings \n<\/code><\/pre>","protected":false},"excerpt":{"rendered":"<p>Power fitness breakfast Trained by JP Cream of Rice, flavor: Chocolate Fudge. Content: 2000g. Certification: vegan, vegetarian, gluten free.<\/p>","protected":false},"featured_media":47332,"comment_status":"closed","ping_status":"closed","template":"","meta":{"advanced_seo_description":"","jetpack_seo_html_title":"","jetpack_seo_noindex":false},"pwb-brand":[2217],"product_brand":[4954],"product_cat":[225,132],"product_tag":[],"class_list":{"0":"post-47777","1":"product","2":"type-product","3":"status-publish","4":"has-post-thumbnail","6":"pwb-brand-trained-by-jp","7":"product_brand-trained-by-jp","8":"product_cat-carbohydrates","9":"product_cat-sports-nutrition","10":"brand_woo-trained-by-jp","12":"first","13":"outofstock","14":"taxable","15":"shipping-taxable","16":"purchasable","17":"product-type-simple"},"jetpack_sharing_enabled":true,"brands":[{"id":2217,"name":"K\u00e9pzett JP","slug":"trained-by-jp"}],"_links":{"self":[{"href":"https:\/\/veganova.eu\/hu\/wp-json\/wp\/v2\/product\/47777","targetHints":{"allow":["GET"]}}],"collection":[{"href":"https:\/\/veganova.eu\/hu\/wp-json\/wp\/v2\/product"}],"about":[{"href":"https:\/\/veganova.eu\/hu\/wp-json\/wp\/v2\/types\/product"}],"replies":[{"embeddable":true,"href":"https:\/\/veganova.eu\/hu\/wp-json\/wp\/v2\/comments?post=47777"}],"version-history":[{"count":1,"href":"https:\/\/veganova.eu\/hu\/wp-json\/wp\/v2\/product\/47777\/revisions"}],"predecessor-version":[{"id":59225,"href":"https:\/\/veganova.eu\/hu\/wp-json\/wp\/v2\/product\/47777\/revisions\/59225"}],"wp:featuredmedia":[{"embeddable":true,"href":"https:\/\/veganova.eu\/hu\/wp-json\/wp\/v2\/media\/47332"}],"wp:attachment":[{"href":"https:\/\/veganova.eu\/hu\/wp-json\/wp\/v2\/media?parent=47777"}],"wp:term":[{"taxonomy":"pwb-brand","embeddable":true,"href":"https:\/\/veganova.eu\/hu\/wp-json\/wp\/v2\/pwb-brand?post=47777"},{"taxonomy":"product_brand","embeddable":true,"href":"https:\/\/veganova.eu\/hu\/wp-json\/wp\/v2\/product_brand?post=47777"},{"taxonomy":"product_cat","embeddable":true,"href":"https:\/\/veganova.eu\/hu\/wp-json\/wp\/v2\/product_cat?post=47777"},{"taxonomy":"product_tag","embeddable":true,"href":"https:\/\/veganova.eu\/hu\/wp-json\/wp\/v2\/product_tag?post=47777"}],"curies":[{"name":"wp","href":"https:\/\/api.w.org\/{rel}","templated":true}]}}