{"id":47789,"date":"2024-09-15T12:28:59","date_gmt":"2024-09-15T10:28:59","guid":{"rendered":"https:\/\/veganova.eu\/?post_type=product&#038;p=47789"},"modified":"2026-04-21T07:25:55","modified_gmt":"2026-04-21T05:25:55","slug":"applied-nutrition-cream-of-rice-golden-syrup-1000g","status":"publish","type":"product","link":"https:\/\/veganova.eu\/hu\/shop\/applied-nutrition-cream-of-rice-golden-syrup-1000g\/","title":{"rendered":"Applied Nutrition Rizskr\u00e9m, arany szirup - 1000g"},"content":{"rendered":"<h3>Applied Nutrition Rizskr\u00e9m, arany szirup - 1000g<\/h3>\n<p>T\u00d6K\u00c9LETES SZ\u00c9NHIDR\u00c1TOS SNACK!<\/p>\n<p>30g adagonk\u00e9nt<br \/>\n24g sz\u00e9nhidr\u00e1t | 106 kal\u00f3ria<\/p>\n<p>1kg | 33 adag<\/p>\n<p>MAGAS SZ\u00c9NHIDR\u00c1TTARTALM\u00da \u00c9TREND-KIEG\u00c9SZ\u00cdT\u0150 \u00c9DES\u00cdT\u0150SZERREL<\/p>\n<p>A rizskr\u00e9m nagyszer\u0171 sz\u00e9nhidr\u00e1tforr\u00e1s, amely k\u00edm\u00e9li a gyomrot \u00e9s finom is. A veg\u00e1nok sz\u00e1m\u00e1ra is alkalmas, kiv\u00e1l\u00f3 energiaforr\u00e1s, amely telts\u00e9g\u00e9rzetet biztos\u00edt \u00e9s felt\u00f6lt az el\u0151tt\u00fcnk \u00e1ll\u00f3 napra.<\/p>","protected":false},"excerpt":{"rendered":"<p>Perfect morning fitness meal Applied Nutrition Cream of Rice, flavor: Golden Syrup. Content: 1000g. Certification: Vegan, Halal.<\/p>","protected":false},"featured_media":52288,"comment_status":"closed","ping_status":"closed","template":"","meta":{"advanced_seo_description":"","jetpack_seo_html_title":"","jetpack_seo_noindex":false},"pwb-brand":[202],"product_brand":[4592],"product_cat":[225,132],"product_tag":[],"class_list":{"0":"post-47789","1":"product","2":"type-product","3":"status-publish","4":"has-post-thumbnail","6":"pwb-brand-applied-nutrition","7":"product_brand-applied-nutrition","8":"product_cat-carbohydrates","9":"product_cat-sports-nutrition","10":"brand_woo-applied-nutrition","12":"first","13":"instock","14":"taxable","15":"shipping-taxable","16":"purchasable","17":"product-type-simple"},"jetpack_sharing_enabled":true,"brands":[{"id":202,"name":"Alkalmazott t\u00e1pl\u00e1lkoz\u00e1s","slug":"applied-nutrition"}],"_links":{"self":[{"href":"https:\/\/veganova.eu\/hu\/wp-json\/wp\/v2\/product\/47789","targetHints":{"allow":["GET"]}}],"collection":[{"href":"https:\/\/veganova.eu\/hu\/wp-json\/wp\/v2\/product"}],"about":[{"href":"https:\/\/veganova.eu\/hu\/wp-json\/wp\/v2\/types\/product"}],"replies":[{"embeddable":true,"href":"https:\/\/veganova.eu\/hu\/wp-json\/wp\/v2\/comments?post=47789"}],"version-history":[{"count":1,"href":"https:\/\/veganova.eu\/hu\/wp-json\/wp\/v2\/product\/47789\/revisions"}],"predecessor-version":[{"id":59231,"href":"https:\/\/veganova.eu\/hu\/wp-json\/wp\/v2\/product\/47789\/revisions\/59231"}],"wp:featuredmedia":[{"embeddable":true,"href":"https:\/\/veganova.eu\/hu\/wp-json\/wp\/v2\/media\/52288"}],"wp:attachment":[{"href":"https:\/\/veganova.eu\/hu\/wp-json\/wp\/v2\/media?parent=47789"}],"wp:term":[{"taxonomy":"pwb-brand","embeddable":true,"href":"https:\/\/veganova.eu\/hu\/wp-json\/wp\/v2\/pwb-brand?post=47789"},{"taxonomy":"product_brand","embeddable":true,"href":"https:\/\/veganova.eu\/hu\/wp-json\/wp\/v2\/product_brand?post=47789"},{"taxonomy":"product_cat","embeddable":true,"href":"https:\/\/veganova.eu\/hu\/wp-json\/wp\/v2\/product_cat?post=47789"},{"taxonomy":"product_tag","embeddable":true,"href":"https:\/\/veganova.eu\/hu\/wp-json\/wp\/v2\/product_tag?post=47789"}],"curies":[{"name":"wp","href":"https:\/\/api.w.org\/{rel}","templated":true}]}}