{"id":47855,"date":"2024-09-15T12:30:04","date_gmt":"2024-09-15T10:30:04","guid":{"rendered":"https:\/\/veganova.eu\/?post_type=product&#038;p=47855"},"modified":"2026-04-21T07:25:57","modified_gmt":"2026-04-21T05:25:57","slug":"enzymedica-digest-240-caps","status":"publish","type":"product","link":"https:\/\/veganova.eu\/hu\/shop\/enzymedica-digest-240-caps\/","title":{"rendered":"Enzymedica Digest - 240 kapszula"},"content":{"rendered":"<h3>Enzymedica Digest - 240 kapszula<\/h3>\n<p>Az enzimhi\u00e1nyt az \u00e9letkor, a t\u00e1pl\u00e1lkoz\u00e1s \u00e9s az \u00e9letm\u00f3d kombin\u00e1ci\u00f3ja okozhatja. Ezek a hi\u00e1nyoss\u00e1gok k\u00fcl\u00f6nf\u00e9le em\u00e9szt\u00e9si panaszokhoz vezethetnek, bele\u00e9rtve az alkalmi g\u00e1zokat, puffad\u00e1st, em\u00e9szt\u00e9si zavarokat \u00e9s rendszertelens\u00e9get.<\/p>\n<p>A Digest egy tov\u00e1bbfejlesztett formula, amely lebontja a sz\u00e9nhidr\u00e1tokat, zs\u00edrokat, rostokat \u00e9s feh\u00e9rj\u00e9ket. A Digestben tal\u00e1lhat\u00f3 enzimek t\u00e1mogatj\u00e1k az optim\u00e1lis em\u00e9szt\u00e9st, seg\u00edtve a szervezetet a t\u00e1panyagok felsz\u00edv\u00f3d\u00e1s\u00e1ban \u00e9s az \u00e9telek energi\u00e1v\u00e1 alak\u00edt\u00e1s\u00e1ban. Az em\u00e9szt\u00e9si j\u00f3l\u00e9t jav\u00edtja a koncentr\u00e1ci\u00f3t \u00e9s n\u00f6veli a vitalit\u00e1st.<\/p>","protected":false},"excerpt":{"rendered":"<p>Az Enzymedica Digest t\u00e1mogatja az eg\u00e9szs\u00e9ges em\u00e9szt\u00e9st. Tartalom: A k\u00e9sz\u00edtm\u00e9nyt az em\u00e9szt\u00e9st el\u0151seg\u00edt\u0151 t\u00e1panyagokat tartalmazza: 240 veget\u00e1ri\u00e1nus kapszula. Min\u0151s\u00edt\u00e9s: veg\u00e1n, NON GMO.<\/p>","protected":false},"featured_media":52188,"comment_status":"closed","ping_status":"closed","template":"","meta":{"advanced_seo_description":"","jetpack_seo_html_title":"","jetpack_seo_noindex":false},"pwb-brand":[467],"product_brand":[4767],"product_cat":[596,143],"product_tag":[],"class_list":{"0":"post-47855","1":"product","2":"type-product","3":"status-publish","4":"has-post-thumbnail","6":"pwb-brand-enzymedica","7":"product_brand-enzymedica","8":"product_cat-digestion","9":"product_cat-health-issues","10":"brand_woo-enzymedica","12":"first","13":"instock","14":"sale","15":"taxable","16":"shipping-taxable","17":"purchasable","18":"product-type-simple"},"jetpack_sharing_enabled":true,"brands":[{"id":467,"name":"Enzymedica","slug":"enzymedica"}],"_links":{"self":[{"href":"https:\/\/veganova.eu\/hu\/wp-json\/wp\/v2\/product\/47855","targetHints":{"allow":["GET"]}}],"collection":[{"href":"https:\/\/veganova.eu\/hu\/wp-json\/wp\/v2\/product"}],"about":[{"href":"https:\/\/veganova.eu\/hu\/wp-json\/wp\/v2\/types\/product"}],"replies":[{"embeddable":true,"href":"https:\/\/veganova.eu\/hu\/wp-json\/wp\/v2\/comments?post=47855"}],"version-history":[{"count":1,"href":"https:\/\/veganova.eu\/hu\/wp-json\/wp\/v2\/product\/47855\/revisions"}],"predecessor-version":[{"id":59261,"href":"https:\/\/veganova.eu\/hu\/wp-json\/wp\/v2\/product\/47855\/revisions\/59261"}],"wp:featuredmedia":[{"embeddable":true,"href":"https:\/\/veganova.eu\/hu\/wp-json\/wp\/v2\/media\/52188"}],"wp:attachment":[{"href":"https:\/\/veganova.eu\/hu\/wp-json\/wp\/v2\/media?parent=47855"}],"wp:term":[{"taxonomy":"pwb-brand","embeddable":true,"href":"https:\/\/veganova.eu\/hu\/wp-json\/wp\/v2\/pwb-brand?post=47855"},{"taxonomy":"product_brand","embeddable":true,"href":"https:\/\/veganova.eu\/hu\/wp-json\/wp\/v2\/product_brand?post=47855"},{"taxonomy":"product_cat","embeddable":true,"href":"https:\/\/veganova.eu\/hu\/wp-json\/wp\/v2\/product_cat?post=47855"},{"taxonomy":"product_tag","embeddable":true,"href":"https:\/\/veganova.eu\/hu\/wp-json\/wp\/v2\/product_tag?post=47855"}],"curies":[{"name":"wp","href":"https:\/\/api.w.org\/{rel}","templated":true}]}}