{"id":48027,"date":"2024-09-15T12:33:25","date_gmt":"2024-09-15T10:33:25","guid":{"rendered":"https:\/\/veganova.eu\/?post_type=product&#038;p=48027"},"modified":"2026-04-21T07:26:04","modified_gmt":"2026-04-21T05:26:04","slug":"garden-of-life-mykind-organics-ashwagandha-60-vegan-tablets","status":"publish","type":"product","link":"https:\/\/veganova.eu\/hu\/shop\/garden-of-life-mykind-organics-ashwagandha-60-vegan-tablets\/","title":{"rendered":"Garden of Life Mykind Organics Ashwagandha - 60 veg\u00e1n tabletta"},"content":{"rendered":"<h3>Garden of Life Mykind Organics Ashwagandha - 60 veg\u00e1n tabletta<\/h3>\n<p>Ezek a naponta k\u00e9tszer bevehet\u0151 tablett\u00e1k szerves erjesztett gy\u00f6mb\u00e9rgy\u00f6keret \u00e9s Ashwagandh\u00e1t tartalmaznak.<\/p>\n<p>A Garden of Life mykind Organics term\u00e9kcsal\u00e1d n\u00f6v\u00e9nyv\u00e9d\u0151 szerek, gyomirt\u00f3k \u00e9s gomba\u00f6l\u0151 szerek n\u00e9lk\u00fcl termesztett n\u00f6v\u00e9nyi alapanyagokb\u00f3l \u00e1ll, \u00e9s a kivon\u00e1si folyamat sor\u00e1n nem haszn\u00e1lnak durva vegyi anyagokat, \u00edgy biztos lehet benne, hogy tiszta, teljes \u00e9rt\u00e9k\u0171 \u00f6sszetev\u0151kkel t\u00e1pl\u00e1lja a szervezet\u00e9t.<\/p>\n<p><strong>Legfontosabb el\u0151ny\u00f6k<\/strong><\/p>\n<p>Sokf\u00e9le \u00e9l\u0151 bakt\u00e9riumot tartalmaz<\/p>\n<p><strong>Di\u00e9t\u00e1s r\u00e9szletek<\/strong><\/p>\n<p>Tejmentes<br \/>\nSz\u00f3jamentes<br \/>\nVeget\u00e1ri\u00e1nus<br \/>\nVeg\u00e1n<br \/>\nK\u00f3ser<br \/>\nGlut\u00e9nmentes<\/p>","protected":false},"excerpt":{"rendered":"<p>A Garden of Life Mykind Organics Ashwagandha t\u00e1mogatja a hangulatot \u00e9s enyh\u00edti a stresszt.  60 veg\u00e1n tabletta. Min\u0151s\u00edt\u00e9s: veg\u00e1n, glut\u00e9nmentes, non gmo, bio.<\/p>","protected":false},"featured_media":51955,"comment_status":"closed","ping_status":"closed","template":"","meta":{"advanced_seo_description":"","jetpack_seo_html_title":"","jetpack_seo_noindex":false},"pwb-brand":[303],"product_brand":[4625],"product_cat":[286,2596,2595,152],"product_tag":[],"class_list":{"0":"post-48027","1":"product","2":"type-product","3":"status-publish","4":"has-post-thumbnail","6":"pwb-brand-garden-of-life","7":"product_brand-garden-of-life","8":"product_cat-for-a-better-mood","9":"product_cat-herbs","10":"product_cat-stress","11":"product_cat-vitamins-and-minerals","12":"brand_woo-garden-of-life","14":"first","15":"instock","16":"taxable","17":"shipping-taxable","18":"purchasable","19":"product-type-simple"},"jetpack_sharing_enabled":true,"brands":[{"id":303,"name":"Az \u00e9let kertje","slug":"garden-of-life"}],"_links":{"self":[{"href":"https:\/\/veganova.eu\/hu\/wp-json\/wp\/v2\/product\/48027","targetHints":{"allow":["GET"]}}],"collection":[{"href":"https:\/\/veganova.eu\/hu\/wp-json\/wp\/v2\/product"}],"about":[{"href":"https:\/\/veganova.eu\/hu\/wp-json\/wp\/v2\/types\/product"}],"replies":[{"embeddable":true,"href":"https:\/\/veganova.eu\/hu\/wp-json\/wp\/v2\/comments?post=48027"}],"version-history":[{"count":1,"href":"https:\/\/veganova.eu\/hu\/wp-json\/wp\/v2\/product\/48027\/revisions"}],"predecessor-version":[{"id":59329,"href":"https:\/\/veganova.eu\/hu\/wp-json\/wp\/v2\/product\/48027\/revisions\/59329"}],"wp:featuredmedia":[{"embeddable":true,"href":"https:\/\/veganova.eu\/hu\/wp-json\/wp\/v2\/media\/51955"}],"wp:attachment":[{"href":"https:\/\/veganova.eu\/hu\/wp-json\/wp\/v2\/media?parent=48027"}],"wp:term":[{"taxonomy":"pwb-brand","embeddable":true,"href":"https:\/\/veganova.eu\/hu\/wp-json\/wp\/v2\/pwb-brand?post=48027"},{"taxonomy":"product_brand","embeddable":true,"href":"https:\/\/veganova.eu\/hu\/wp-json\/wp\/v2\/product_brand?post=48027"},{"taxonomy":"product_cat","embeddable":true,"href":"https:\/\/veganova.eu\/hu\/wp-json\/wp\/v2\/product_cat?post=48027"},{"taxonomy":"product_tag","embeddable":true,"href":"https:\/\/veganova.eu\/hu\/wp-json\/wp\/v2\/product_tag?post=48027"}],"curies":[{"name":"wp","href":"https:\/\/api.w.org\/{rel}","templated":true}]}}