{"id":48097,"date":"2024-09-15T12:34:39","date_gmt":"2024-09-15T10:34:39","guid":{"rendered":"https:\/\/veganova.eu\/?post_type=product&#038;p=48097"},"modified":"2026-04-21T07:26:08","modified_gmt":"2026-04-21T05:26:08","slug":"jarrow-formulas-quercetin-500mg-200-vcaps","status":"publish","type":"product","link":"https:\/\/veganova.eu\/hu\/shop\/jarrow-formulas-quercetin-500mg-200-vcaps\/","title":{"rendered":"Jarrow Formul\u00e1k Quercetin, 500mg - 200 vkapszula"},"content":{"rendered":"<h3>Jarrow Formul\u00e1k Quercetin, 500mg - 200 vkapszula<\/h3>\n<p>A kvercetin egy bioflavonoid antioxid\u00e1ns, amely megtal\u00e1lhat\u00f3 a hagym\u00e1ban, a z\u00f6ld leveles z\u00f6lds\u00e9gekben \u00e9s gy\u00fcm\u00f6lcs\u00f6kben, p\u00e9ld\u00e1ul az alm\u00e1ban \u00e9s a csereszny\u00e9ben. A kvercetin t\u00e1mogatja az eg\u00e9szs\u00e9ges sejtm\u0171k\u00f6d\u00e9st, a sz\u00edv- \u00e9s \u00e9rrendszeri eg\u00e9szs\u00e9get, \u00e9s bizony\u00edtottan t\u00e1mogatja az eg\u00e9szs\u00e9ges immunv\u00e1laszt.<\/p>","protected":false},"excerpt":{"rendered":"<p>A Jarrow Formulas Quercetin (500mg) t\u00e1mogatja az eg\u00e9szs\u00e9ges sejtm\u0171k\u00f6d\u00e9st \u00e9s a sz\u00edv- \u00e9s \u00e9rrendszeri eg\u00e9szs\u00e9get. Tartalom: A quercerincit (Quercetin) egy \u00f6sszetev\u0151je, amely a k\u00f6vetkez\u0151 \u00f6sszetev\u0151kb\u0151l \u00e1ll: 200 veget\u00e1ri\u00e1nus kapszula. Tan\u00fas\u00edt\u00e1s: veg\u00e1n.<\/p>","protected":false},"featured_media":51901,"comment_status":"closed","ping_status":"closed","template":"","meta":{"advanced_seo_description":"","jetpack_seo_html_title":"","jetpack_seo_noindex":false},"pwb-brand":[165],"product_brand":[4572],"product_cat":[143,289,597],"product_tag":[],"class_list":{"0":"post-48097","1":"product","2":"type-product","3":"status-publish","4":"has-post-thumbnail","6":"pwb-brand-jarrow-formulas","7":"product_brand-jarrow-formulas","8":"product_cat-health-issues","9":"product_cat-heart-and-blood-vessels","10":"product_cat-body-immunity","11":"brand_woo-jarrow-formulas","13":"first","14":"instock","15":"taxable","16":"shipping-taxable","17":"purchasable","18":"product-type-simple"},"jetpack_sharing_enabled":true,"brands":[{"id":165,"name":"Jarrow Formul\u00e1k","slug":"jarrow-formulas"}],"_links":{"self":[{"href":"https:\/\/veganova.eu\/hu\/wp-json\/wp\/v2\/product\/48097","targetHints":{"allow":["GET"]}}],"collection":[{"href":"https:\/\/veganova.eu\/hu\/wp-json\/wp\/v2\/product"}],"about":[{"href":"https:\/\/veganova.eu\/hu\/wp-json\/wp\/v2\/types\/product"}],"replies":[{"embeddable":true,"href":"https:\/\/veganova.eu\/hu\/wp-json\/wp\/v2\/comments?post=48097"}],"version-history":[{"count":1,"href":"https:\/\/veganova.eu\/hu\/wp-json\/wp\/v2\/product\/48097\/revisions"}],"predecessor-version":[{"id":59348,"href":"https:\/\/veganova.eu\/hu\/wp-json\/wp\/v2\/product\/48097\/revisions\/59348"}],"wp:featuredmedia":[{"embeddable":true,"href":"https:\/\/veganova.eu\/hu\/wp-json\/wp\/v2\/media\/51901"}],"wp:attachment":[{"href":"https:\/\/veganova.eu\/hu\/wp-json\/wp\/v2\/media?parent=48097"}],"wp:term":[{"taxonomy":"pwb-brand","embeddable":true,"href":"https:\/\/veganova.eu\/hu\/wp-json\/wp\/v2\/pwb-brand?post=48097"},{"taxonomy":"product_brand","embeddable":true,"href":"https:\/\/veganova.eu\/hu\/wp-json\/wp\/v2\/product_brand?post=48097"},{"taxonomy":"product_cat","embeddable":true,"href":"https:\/\/veganova.eu\/hu\/wp-json\/wp\/v2\/product_cat?post=48097"},{"taxonomy":"product_tag","embeddable":true,"href":"https:\/\/veganova.eu\/hu\/wp-json\/wp\/v2\/product_tag?post=48097"}],"curies":[{"name":"wp","href":"https:\/\/api.w.org\/{rel}","templated":true}]}}