{"id":48101,"date":"2024-09-15T12:34:43","date_gmt":"2024-09-15T10:34:43","guid":{"rendered":"https:\/\/veganova.eu\/?post_type=product&#038;p=48101"},"modified":"2026-04-28T02:23:33","modified_gmt":"2026-04-28T00:23:33","slug":"garden-of-life-raw-organic-protein-vanilla-620g","status":"publish","type":"product","link":"https:\/\/veganova.eu\/hu\/shop\/garden-of-life-raw-organic-protein-vanilla-620g\/","title":{"rendered":"Garden of Life nyers bio feh\u00e9rje, van\u00edlia - 620g"},"content":{"rendered":"<h3>Garden of Life nyers bio feh\u00e9rje, van\u00edlia - 620g<\/h3>\n<p>Nyers bio feh\u00e9rje por<\/p>\n<p>A Raw Organic Protein egy tan\u00fas\u00edtottan organikus, Non-GMO Project Verified nyers veg\u00e1n feh\u00e9rjepor, amely 13 nyers cs\u00edr\u00e1ztatott feh\u00e9rj\u00e9b\u0151l k\u00e9sz\u00fclt, 22 gramm feh\u00e9rj\u00e9t biztos\u00edt, amely tejmentes, az \u00f6sszes esszenci\u00e1lis aminosav teljes profilj\u00e1val, valamint hozz\u00e1adott teljes \u00e9rt\u00e9k\u0171, zs\u00edrban old\u00f3d\u00f3 vitaminokkal, probiotikumokkal \u00e9s enzimekkel.<\/p>\n<p>Haszn\u00e1lja ki az \u00e9l\u0151 magvak \u00e9s magvak t\u00e1pl\u00e1l\u00f3 erej\u00e9t a Garden of Life nyers biofeh\u00e9rj\u00e9vel - egy tan\u00fas\u00edtottan organikus, nyers, veg\u00e1n feh\u00e9rjeporral, amely \u00ednycsikland\u00f3 \u00edzzel rendelkezik. A 13 nyers \u00e9s organikus cs\u00edr\u00e1t tartalmaz\u00f3 Raw Organic Protein kiv\u00e1l\u00f3 forr\u00e1sa a teljes \u00e9rt\u00e9k\u0171 feh\u00e9rj\u00e9knek - 22 grammot \u00e9s a napi \u00e9rt\u00e9k 29%-j\u00e9t biztos\u00edtja - bele\u00e9rtve az \u00f6sszes esszenci\u00e1lis aminosavat. A Raw Organic Protein zs\u00edrban old\u00f3d\u00f3 A-, D-, E- \u00e9s K-vitamint tartalmaz, valamint \u00e9l\u0151 probiotikumokkal \u00e9s feh\u00e9rjeem\u00e9szt\u0151 enzimekkel t\u00e1mogatja az em\u00e9szt\u00e9s eg\u00e9szs\u00e9g\u00e9t \u00e9s m\u0171k\u00f6d\u00e9s\u00e9t. A nyers sz\u00e1m\u00edt, mert a h\u0151 denatur\u00e1lhatja a feh\u00e9rj\u00e9ket, cs\u00f6kkentve azok hozz\u00e1f\u00e9rhet\u0151s\u00e9g\u00e9t a szervezet sz\u00e1m\u00e1ra. De a Garden of Life tan\u00fas\u00edtott bio n\u00f6v\u00e9nyi feh\u00e9rj\u00e9i m\u00e1sok - mindig k\u00edm\u00e9letesen, alacsony h\u0151m\u00e9rs\u00e9kleten, hozz\u00e1adott t\u00f6lt\u0151anyagok \u00e9s hordoz\u00f3k n\u00e9lk\u00fcl k\u00e9sz\u00fclnek, meg\u0151rizve teljes aminosavintegrit\u00e1sukat \u00e9s teljes \u00e9rt\u00e9k\u0171, tan\u00fas\u00edtott bio, non-GMO j\u00f3s\u00e1gukat.<\/p>\n<p>Nyers bio feh\u00e9rje - kiv\u00e1l\u00f3 forr\u00e1sa a USDA tan\u00fas\u00edtv\u00e1nnyal rendelkez\u0151 bio, nem GMO ellen\u0151rz\u00f6tt, Informed-Choice Clean for Sport, nyers, veg\u00e1n teljes \u00e9rt\u00e9k\u0171 feh\u00e9rjepor 13 nyers \u00e9s organikus cs\u00edr\u00e1b\u00f3l.<\/p>","protected":false},"excerpt":{"rendered":"<p>A Garden of Life Raw Organic Protein egy tan\u00fas\u00edtottan organikus, Non-GMO Project Verified nyers veg\u00e1n feh\u00e9rjepor, amely 13 nyers feh\u00e9rj\u00e9b\u0151l k\u00e9sz\u00fclt, adagonk\u00e9nt 22 g feh\u00e9rj\u00e9vel, tejmentes, az \u00f6sszes esszenci\u00e1lis aminosav teljes profilj\u00e1val, valamint hozz\u00e1adott teljes \u00e9rt\u00e9k\u0171, zs\u00edrban old\u00f3d\u00f3 vitaminokkal, probiotikumokkal \u00e9s enzimekkel. \u00cdzes\u00edt\u00e9s: Van\u00edlia. Tartalom: Vajas, feh\u00e9rje: Van\u00edlia: 620g. Min\u0151s\u00edt\u00e9s: veg\u00e1n, glut\u00e9nmentes, non gmo.<\/p>","protected":false},"featured_media":51872,"comment_status":"closed","ping_status":"closed","template":"","meta":{"advanced_seo_description":"","jetpack_seo_html_title":"","jetpack_seo_noindex":false},"pwb-brand":[303],"product_brand":[4625],"product_cat":[132,133],"product_tag":[],"class_list":{"0":"post-48101","1":"product","2":"type-product","3":"status-publish","4":"has-post-thumbnail","6":"pwb-brand-garden-of-life","7":"product_brand-garden-of-life","8":"product_cat-sports-nutrition","9":"product_cat-vegan-proteins","10":"brand_woo-garden-of-life","12":"first","13":"instock","14":"taxable","15":"shipping-taxable","16":"purchasable","17":"product-type-simple"},"jetpack_sharing_enabled":true,"brands":[{"id":303,"name":"Az \u00e9let kertje","slug":"garden-of-life"}],"_links":{"self":[{"href":"https:\/\/veganova.eu\/hu\/wp-json\/wp\/v2\/product\/48101","targetHints":{"allow":["GET"]}}],"collection":[{"href":"https:\/\/veganova.eu\/hu\/wp-json\/wp\/v2\/product"}],"about":[{"href":"https:\/\/veganova.eu\/hu\/wp-json\/wp\/v2\/types\/product"}],"replies":[{"embeddable":true,"href":"https:\/\/veganova.eu\/hu\/wp-json\/wp\/v2\/comments?post=48101"}],"version-history":[{"count":1,"href":"https:\/\/veganova.eu\/hu\/wp-json\/wp\/v2\/product\/48101\/revisions"}],"predecessor-version":[{"id":59350,"href":"https:\/\/veganova.eu\/hu\/wp-json\/wp\/v2\/product\/48101\/revisions\/59350"}],"wp:featuredmedia":[{"embeddable":true,"href":"https:\/\/veganova.eu\/hu\/wp-json\/wp\/v2\/media\/51872"}],"wp:attachment":[{"href":"https:\/\/veganova.eu\/hu\/wp-json\/wp\/v2\/media?parent=48101"}],"wp:term":[{"taxonomy":"pwb-brand","embeddable":true,"href":"https:\/\/veganova.eu\/hu\/wp-json\/wp\/v2\/pwb-brand?post=48101"},{"taxonomy":"product_brand","embeddable":true,"href":"https:\/\/veganova.eu\/hu\/wp-json\/wp\/v2\/product_brand?post=48101"},{"taxonomy":"product_cat","embeddable":true,"href":"https:\/\/veganova.eu\/hu\/wp-json\/wp\/v2\/product_cat?post=48101"},{"taxonomy":"product_tag","embeddable":true,"href":"https:\/\/veganova.eu\/hu\/wp-json\/wp\/v2\/product_tag?post=48101"}],"curies":[{"name":"wp","href":"https:\/\/api.w.org\/{rel}","templated":true}]}}