{"id":5152,"date":"2023-10-01T17:09:00","date_gmt":"2023-10-01T15:09:00","guid":{"rendered":"https:\/\/veganova.eu\/?post_type=product&#038;p=5152"},"modified":"2026-04-21T07:24:35","modified_gmt":"2026-04-21T05:24:35","slug":"jarrow-formulas-alpha-lipoic-sustain-300mg-with-biotin-120-tab","status":"publish","type":"product","link":"https:\/\/veganova.eu\/hu\/shop\/jarrow-formulas-alpha-lipoic-sustain-300mg-with-biotin-120-tab\/","title":{"rendered":"Jarrow Formulas Alpha Lipoic Sustain, 300mg biotinnal (120 tab)"},"content":{"rendered":"<h3>Jarrow Formulas Alpha Lipoic Sustain, 300mg biotinnal (120 tab)<\/h3>\n<p>Az alfa-liponsav (ALA) egy antioxid\u00e1ns, amely t\u00e1mogatja a norm\u00e1l gl\u00fck\u00f3z-anyagcser\u00e9t \u00e9s a sejtek energiatermel\u00e9s\u00e9t. A Jarrow Formulas Alpha Lipoic Sustain fejlett k\u00e9tr\u00e9teg\u0171 Sustain tablett\u00e1val k\u00e9sz\u00fclt, amely 1\/3 Quick Release \u00e9s 2\/3 Sustained Release form\u00e1tumot kombin\u00e1l, hogy az ALA v\u00e9rszintj\u00e9t n\u00f6velje \u00e9s hossz\u00fa t\u00e1von fenntartsa.<\/p>\n<p>Univerz\u00e1lis antioxid\u00e1ns alfa-liponsavval \u00e9s biotinnal<br \/>\nEgy speci\u00e1lis k\u00e9tr\u00e9teg\u0171 gyors felszabadul\u00e1s\/tart\u00f3s felszabadul\u00e1s form\u00e1tum hosszabb id\u0151n kereszt\u00fcl szabad\u00edtja fel az ALA-t<br \/>\nT\u00e1mogatja a sejtek energiatermel\u00e9s\u00e9t \u00e9s a norm\u00e1l gl\u00fck\u00f3z anyagcser\u00e9t<br \/>\nNon-GMO, Veg\u00e1n, Glut\u00e9nmentes<\/p>","protected":false},"excerpt":{"rendered":"<p>Vegan nutritional supplement Jarrow Formulas Alpha Lipoic Sustain, 300mg with biotin, package contains: 120 tablets. Gluten-free.<\/p>","protected":false},"featured_media":52986,"comment_status":"closed","ping_status":"closed","template":"","meta":{"advanced_seo_description":"","jetpack_seo_html_title":"","jetpack_seo_noindex":false},"pwb-brand":[165],"product_brand":[4572],"product_cat":[2593,289,152],"product_tag":[1093,1319,860,1094,1150,1318],"class_list":{"0":"post-5152","1":"product","2":"type-product","3":"status-publish","4":"has-post-thumbnail","6":"pwb-brand-jarrow-formulas","7":"product_brand-jarrow-formulas","8":"product_cat-antioxidants","9":"product_cat-heart-and-blood-vessels","10":"product_cat-vitamins-and-minerals","11":"product_tag-antioxidant","12":"product_tag-balanced-blood-sugar","13":"product_tag-energy","14":"product_tag-metabolism","15":"product_tag-nervous-system","16":"product_tag-weight-loss","17":"brand_woo-jarrow-formulas","19":"first","20":"instock","21":"taxable","22":"shipping-taxable","23":"purchasable","24":"product-type-simple"},"jetpack_sharing_enabled":true,"brands":[{"id":165,"name":"Jarrow Formul\u00e1k","slug":"jarrow-formulas"}],"_links":{"self":[{"href":"https:\/\/veganova.eu\/hu\/wp-json\/wp\/v2\/product\/5152","targetHints":{"allow":["GET"]}}],"collection":[{"href":"https:\/\/veganova.eu\/hu\/wp-json\/wp\/v2\/product"}],"about":[{"href":"https:\/\/veganova.eu\/hu\/wp-json\/wp\/v2\/types\/product"}],"replies":[{"embeddable":true,"href":"https:\/\/veganova.eu\/hu\/wp-json\/wp\/v2\/comments?post=5152"}],"version-history":[{"count":1,"href":"https:\/\/veganova.eu\/hu\/wp-json\/wp\/v2\/product\/5152\/revisions"}],"predecessor-version":[{"id":58262,"href":"https:\/\/veganova.eu\/hu\/wp-json\/wp\/v2\/product\/5152\/revisions\/58262"}],"wp:featuredmedia":[{"embeddable":true,"href":"https:\/\/veganova.eu\/hu\/wp-json\/wp\/v2\/media\/52986"}],"wp:attachment":[{"href":"https:\/\/veganova.eu\/hu\/wp-json\/wp\/v2\/media?parent=5152"}],"wp:term":[{"taxonomy":"pwb-brand","embeddable":true,"href":"https:\/\/veganova.eu\/hu\/wp-json\/wp\/v2\/pwb-brand?post=5152"},{"taxonomy":"product_brand","embeddable":true,"href":"https:\/\/veganova.eu\/hu\/wp-json\/wp\/v2\/product_brand?post=5152"},{"taxonomy":"product_cat","embeddable":true,"href":"https:\/\/veganova.eu\/hu\/wp-json\/wp\/v2\/product_cat?post=5152"},{"taxonomy":"product_tag","embeddable":true,"href":"https:\/\/veganova.eu\/hu\/wp-json\/wp\/v2\/product_tag?post=5152"}],"curies":[{"name":"wp","href":"https:\/\/api.w.org\/{rel}","templated":true}]}}