{"id":5165,"date":"2023-10-01T17:09:05","date_gmt":"2023-10-01T15:09:05","guid":{"rendered":"https:\/\/veganova.eu\/?post_type=product&#038;p=5165"},"modified":"2026-04-21T07:24:37","modified_gmt":"2026-04-21T05:24:37","slug":"life-extension-ascorbyl-palmitate-500mg-100-kaps","status":"publish","type":"product","link":"https:\/\/veganova.eu\/hu\/shop\/life-extension-ascorbyl-palmitate-500mg-100-kaps\/","title":{"rendered":"Life Extension Ascorbyl Palmitate, 500mg (100 kapszula)"},"content":{"rendered":"<h3>Life Extension Ascorbyl Palmitate, 500mg (100 kapszula)<\/h3>\n<p>Az aszkorbil-palmit\u00e1t (AP) egy aszkorbinsavb\u00f3l \u00e9s palmitinsavb\u00f3l k\u00e9pz\u0151d\u0151 \u00e9szter, amely a C-vitamin zs\u00edrban old\u00f3d\u00f3 form\u00e1j\u00e1t hozza l\u00e9tre, amely k\u00e9pes el\u00e9rni a sz\u00f6veti ter\u00fcleteket, ahov\u00e1 az aszkorbinsav nem k\u00e9pes. Ez a forma k\u00e9t vegy\u00fcletb\u0151l szintetikusan k\u00e9sz\u00fcl; kimutatt\u00e1k, hogy j\u00f3t\u00e9konyan v\u00e9di a lipideket a peroxid\u00e1ci\u00f3t\u00f3l. A lipofil AP k\u00e9pes \u00e1tjutni a biol\u00f3giai akad\u00e1lyokon, \u00e9s jobban kiel\u00e9g\u00edti a sz\u00f6vetek aszkorb\u00e1t ir\u00e1nti ig\u00e9ny\u00e9t, mint a hidrofil forma. Az AP-t az aszkorb\u00e1t idegsz\u00f6vetekbe t\u00f6rt\u00e9n\u0151 sz\u00e1ll\u00edt\u00e1s\u00e1nak el\u0151nyben r\u00e9szes\u00edtett form\u00e1j\u00e1nak kell tekinteni.<\/p>\n<p>Technikailag az aszkorbinsav \"r\u00e9sze\" az aszkorbil-palmit\u00e1tnak csak 40% a teljes t\u00f6megb\u0151l. Mivel az aszkorbil-palmit\u00e1t \u00e9s az aszkorbinsav a szervezet k\u00fcl\u00f6nb\u00f6z\u0151 ter\u00fcletein fejtheti ki hat\u00e1s\u00e1t, az aszkorbinsav t\u00f6megsz\u00e1zal\u00e9kos koncentr\u00e1ci\u00f3ja kev\u00e9ss\u00e9 befoly\u00e1solja az aszkorbil-palmit\u00e1t el\u0151nyeit, ez\u00e9rt nem szerepel a term\u00e9k tartalmi le\u00edr\u00e1s\u00e1ban.<\/p>","protected":false},"excerpt":{"rendered":"<p>T\u00e1pl\u00e1l\u00e9kkieg\u00e9sz\u00edt\u0151 Life Extension Ascorbyl Palmitate, 500mg, a csomagol\u00e1s tartalmaz: A csomagban 100 kapszula van. GMO-mentes.<\/p>","protected":false},"featured_media":11434,"comment_status":"closed","ping_status":"closed","template":"","meta":{"advanced_seo_description":"","jetpack_seo_html_title":"","jetpack_seo_noindex":false},"pwb-brand":[168],"product_brand":[4575],"product_cat":[152],"product_tag":[860,1117,1155],"class_list":{"0":"post-5165","1":"product","2":"type-product","3":"status-publish","4":"has-post-thumbnail","6":"pwb-brand-life-extension","7":"product_brand-life-extension","8":"product_cat-vitamins-and-minerals","9":"product_tag-energy","10":"product_tag-immunity","11":"product_tag-inflammation","12":"brand_woo-life-extension","14":"first","15":"instock","16":"sale","17":"taxable","18":"shipping-taxable","19":"purchasable","20":"product-type-simple"},"jetpack_sharing_enabled":true,"brands":[{"id":168,"name":"\u00c9let meghosszabb\u00edt\u00e1sa","slug":"life-extension"}],"_links":{"self":[{"href":"https:\/\/veganova.eu\/hu\/wp-json\/wp\/v2\/product\/5165","targetHints":{"allow":["GET"]}}],"collection":[{"href":"https:\/\/veganova.eu\/hu\/wp-json\/wp\/v2\/product"}],"about":[{"href":"https:\/\/veganova.eu\/hu\/wp-json\/wp\/v2\/types\/product"}],"replies":[{"embeddable":true,"href":"https:\/\/veganova.eu\/hu\/wp-json\/wp\/v2\/comments?post=5165"}],"version-history":[{"count":1,"href":"https:\/\/veganova.eu\/hu\/wp-json\/wp\/v2\/product\/5165\/revisions"}],"predecessor-version":[{"id":58275,"href":"https:\/\/veganova.eu\/hu\/wp-json\/wp\/v2\/product\/5165\/revisions\/58275"}],"wp:featuredmedia":[{"embeddable":true,"href":"https:\/\/veganova.eu\/hu\/wp-json\/wp\/v2\/media\/11434"}],"wp:attachment":[{"href":"https:\/\/veganova.eu\/hu\/wp-json\/wp\/v2\/media?parent=5165"}],"wp:term":[{"taxonomy":"pwb-brand","embeddable":true,"href":"https:\/\/veganova.eu\/hu\/wp-json\/wp\/v2\/pwb-brand?post=5165"},{"taxonomy":"product_brand","embeddable":true,"href":"https:\/\/veganova.eu\/hu\/wp-json\/wp\/v2\/product_brand?post=5165"},{"taxonomy":"product_cat","embeddable":true,"href":"https:\/\/veganova.eu\/hu\/wp-json\/wp\/v2\/product_cat?post=5165"},{"taxonomy":"product_tag","embeddable":true,"href":"https:\/\/veganova.eu\/hu\/wp-json\/wp\/v2\/product_tag?post=5165"}],"curies":[{"name":"wp","href":"https:\/\/api.w.org\/{rel}","templated":true}]}}