{"id":5211,"date":"2023-10-01T17:09:28","date_gmt":"2023-10-01T15:09:28","guid":{"rendered":"https:\/\/veganova.eu\/?post_type=product&#038;p=5211"},"modified":"2026-04-21T07:24:40","modified_gmt":"2026-04-21T05:24:40","slug":"now-foods-glucomannan-from-konjac-root-pure-powder-227g","status":"publish","type":"product","link":"https:\/\/veganova.eu\/hu\/shop\/now-foods-glucomannan-from-konjac-root-pure-powder-227g\/","title":{"rendered":"NOW Foods Glucomannan Konjac gy\u00f6k\u00e9rb\u0151l, tiszta por (227g)"},"content":{"rendered":"<h3>NOW Foods Glucomannan Konjac gy\u00f6k\u00e9rb\u0151l, tiszta por (227g)<\/h3>\n<p>T\u00e1mogatja az eg\u00e9szs\u00e9ges koleszterinszintet, amely m\u00e1r az eg\u00e9szs\u00e9ges tartom\u00e1nyban van<br \/>\nT\u00e1mogatja a rendszeress\u00e9get<br \/>\nA gl\u00fckomann\u00e1n a konjak gy\u00f6k\u00e9rb\u0151l (Amorphophallus konjak) sz\u00e1rmaz\u00f3 oldhat\u00f3, t\u00f6megn\u00f6vel\u0151 rost, amely seg\u00edthet a b\u00e9lrendszer szab\u00e1lyoss\u00e1g\u00e1nak fenntart\u00e1s\u00e1ban. A gl\u00fckomann\u00e1n seg\u00edthet a sz\u00e9rum lipidszintj\u00e9nek m\u00e1r az eg\u00e9szs\u00e9ges tartom\u00e1nyon bel\u00fcl tart\u00e1s\u00e1ban is. Ezenk\u00edv\u00fcl a telts\u00e9g\u00e9rzet (telts\u00e9g\u00e9rzet) el\u0151seg\u00edt\u00e9s\u00e9vel a Glucomannan k\u00e9nyelmes kieg\u00e9sz\u00edt\u0151je lehet az eg\u00e9szs\u00e9ges \u00e9trendet \u00e9s mozg\u00e1sprogramot tartalmaz\u00f3 tests\u00falycs\u00f6kkent\u0151 tervnek.<\/p>","protected":false},"excerpt":{"rendered":"<p>T\u00e1pl\u00e1l\u00e9kkieg\u00e9sz\u00edt\u0151 NOW Foods Glucomannan Konjac gy\u00f6k\u00e9rb\u0151l, tiszta por, a csomagol\u00e1s tartalmaz: 227g. Glut\u00e9nmentes, GMO-mentes.<\/p>","protected":false},"featured_media":51655,"comment_status":"closed","ping_status":"closed","template":"","meta":{"advanced_seo_description":"","jetpack_seo_html_title":"","jetpack_seo_noindex":false},"pwb-brand":[173],"product_brand":[4580],"product_cat":[149],"product_tag":[1040,1116,1437],"class_list":{"0":"post-5211","1":"product","2":"type-product","3":"status-publish","4":"has-post-thumbnail","6":"pwb-brand-now-foods","7":"product_brand-now-foods","8":"product_cat-superfoods","9":"product_tag-cholesterol","10":"product_tag-healthy-gut","11":"product_tag-weight-management","12":"brand_woo-now-foods","14":"first","15":"instock","16":"taxable","17":"shipping-taxable","18":"purchasable","19":"product-type-simple"},"jetpack_sharing_enabled":true,"brands":[{"id":173,"name":"NOW Foods","slug":"now-foods"}],"_links":{"self":[{"href":"https:\/\/veganova.eu\/hu\/wp-json\/wp\/v2\/product\/5211","targetHints":{"allow":["GET"]}}],"collection":[{"href":"https:\/\/veganova.eu\/hu\/wp-json\/wp\/v2\/product"}],"about":[{"href":"https:\/\/veganova.eu\/hu\/wp-json\/wp\/v2\/types\/product"}],"replies":[{"embeddable":true,"href":"https:\/\/veganova.eu\/hu\/wp-json\/wp\/v2\/comments?post=5211"}],"version-history":[{"count":1,"href":"https:\/\/veganova.eu\/hu\/wp-json\/wp\/v2\/product\/5211\/revisions"}],"predecessor-version":[{"id":58319,"href":"https:\/\/veganova.eu\/hu\/wp-json\/wp\/v2\/product\/5211\/revisions\/58319"}],"wp:featuredmedia":[{"embeddable":true,"href":"https:\/\/veganova.eu\/hu\/wp-json\/wp\/v2\/media\/51655"}],"wp:attachment":[{"href":"https:\/\/veganova.eu\/hu\/wp-json\/wp\/v2\/media?parent=5211"}],"wp:term":[{"taxonomy":"pwb-brand","embeddable":true,"href":"https:\/\/veganova.eu\/hu\/wp-json\/wp\/v2\/pwb-brand?post=5211"},{"taxonomy":"product_brand","embeddable":true,"href":"https:\/\/veganova.eu\/hu\/wp-json\/wp\/v2\/product_brand?post=5211"},{"taxonomy":"product_cat","embeddable":true,"href":"https:\/\/veganova.eu\/hu\/wp-json\/wp\/v2\/product_cat?post=5211"},{"taxonomy":"product_tag","embeddable":true,"href":"https:\/\/veganova.eu\/hu\/wp-json\/wp\/v2\/product_tag?post=5211"}],"curies":[{"name":"wp","href":"https:\/\/api.w.org\/{rel}","templated":true}]}}