{"id":5213,"date":"2023-10-01T17:09:29","date_gmt":"2023-10-01T15:09:29","guid":{"rendered":"https:\/\/veganova.eu\/?post_type=product&#038;p=5213"},"modified":"2026-04-21T07:24:40","modified_gmt":"2026-04-21T05:24:40","slug":"now-foods-gr8-dophilus-120-kaps","status":"publish","type":"product","link":"https:\/\/veganova.eu\/hu\/shop\/now-foods-gr8-dophilus-120-kaps\/","title":{"rendered":"NOW Foods Gr8-Dophilus (120 kapszula)"},"content":{"rendered":"<h3>NOW Foods Gr8-Dophilus (120 kapszula)<\/h3>\n<p>8 t\u00f6rzs \u00e9s 4 milli\u00e1rd potenci\u00e1l<br \/>\nTejmentes\/FOS-szal<br \/>\nPolcstabil \/ Interterikus bevonat\u00fa<\/p>\n<p>A NOW Gr8-Dophilus 8 k\u00fcl\u00f6nb\u00f6z\u0151 bar\u00e1ts\u00e1gos bakt\u00e9riumfaj kombin\u00e1ci\u00f3ja, amely a gyomor-b\u00e9lrendszer eg\u00e9szs\u00e9g\u00e9nek \u00e9s az immunrendszer m\u0171k\u00f6d\u00e9s\u00e9nek t\u00e1mogat\u00e1s\u00e1ra lett kifejlesztve. A term\u00e9k FOS-t is tartalmaz, hogy seg\u00edtse az Acidophilus \u00e9s Bifidus szervezetek eg\u00e9szs\u00e9ges n\u00f6veked\u00e9s\u00e9t. Mivel ez a kapszula b\u00e9lsavval bevont, a NOW Gr8-Dophilus k\u00f6zvetlen\u00fcl a b\u00e9lbe juttatja a mikrofl\u00f3r\u00e1t, megker\u00fclve a gyomor kem\u00e9ny savas k\u00f6r\u00fclm\u00e9nyeit.<\/p>","protected":false},"excerpt":{"rendered":"<p>Veg\u00e1n t\u00e1pl\u00e1l\u00e9kkieg\u00e9sz\u00edt\u0151 NOW Foods Gr8-Dophilus probiotikumokat tartalmaz\u00f3 \u00e9trend-kieg\u00e9sz\u00edt\u0151 az eg\u00e9szs\u00e9ges b\u00e9lfl\u00f3ra, az eg\u00e9szs\u00e9ges em\u00e9szt\u00e9s \u00e9s az immunit\u00e1s er\u0151s\u00edt\u00e9se \u00e9rdek\u00e9ben. A csomag tartalmazza: 120 kapszula. Glut\u00e9n \u00e9s cukor n\u00e9lk\u00fcl.<\/p>","protected":false},"featured_media":52954,"comment_status":"closed","ping_status":"closed","template":"","meta":{"advanced_seo_description":"","jetpack_seo_html_title":"","jetpack_seo_noindex":false},"pwb-brand":[173],"product_brand":[4580],"product_cat":[596],"product_tag":[1156,1116,1117],"class_list":{"0":"post-5213","1":"product","2":"type-product","3":"status-publish","4":"has-post-thumbnail","6":"pwb-brand-now-foods","7":"product_brand-now-foods","8":"product_cat-digestion","9":"product_tag-healthy-digestion","10":"product_tag-healthy-gut","11":"product_tag-immunity","12":"brand_woo-now-foods","14":"first","15":"instock","16":"taxable","17":"shipping-taxable","18":"purchasable","19":"product-type-simple"},"jetpack_sharing_enabled":true,"brands":[{"id":173,"name":"NOW Foods","slug":"now-foods"}],"_links":{"self":[{"href":"https:\/\/veganova.eu\/hu\/wp-json\/wp\/v2\/product\/5213","targetHints":{"allow":["GET"]}}],"collection":[{"href":"https:\/\/veganova.eu\/hu\/wp-json\/wp\/v2\/product"}],"about":[{"href":"https:\/\/veganova.eu\/hu\/wp-json\/wp\/v2\/types\/product"}],"replies":[{"embeddable":true,"href":"https:\/\/veganova.eu\/hu\/wp-json\/wp\/v2\/comments?post=5213"}],"version-history":[{"count":1,"href":"https:\/\/veganova.eu\/hu\/wp-json\/wp\/v2\/product\/5213\/revisions"}],"predecessor-version":[{"id":58321,"href":"https:\/\/veganova.eu\/hu\/wp-json\/wp\/v2\/product\/5213\/revisions\/58321"}],"wp:featuredmedia":[{"embeddable":true,"href":"https:\/\/veganova.eu\/hu\/wp-json\/wp\/v2\/media\/52954"}],"wp:attachment":[{"href":"https:\/\/veganova.eu\/hu\/wp-json\/wp\/v2\/media?parent=5213"}],"wp:term":[{"taxonomy":"pwb-brand","embeddable":true,"href":"https:\/\/veganova.eu\/hu\/wp-json\/wp\/v2\/pwb-brand?post=5213"},{"taxonomy":"product_brand","embeddable":true,"href":"https:\/\/veganova.eu\/hu\/wp-json\/wp\/v2\/product_brand?post=5213"},{"taxonomy":"product_cat","embeddable":true,"href":"https:\/\/veganova.eu\/hu\/wp-json\/wp\/v2\/product_cat?post=5213"},{"taxonomy":"product_tag","embeddable":true,"href":"https:\/\/veganova.eu\/hu\/wp-json\/wp\/v2\/product_tag?post=5213"}],"curies":[{"name":"wp","href":"https:\/\/api.w.org\/{rel}","templated":true}]}}