{"id":5326,"date":"2023-10-01T17:10:26","date_gmt":"2023-10-01T15:10:26","guid":{"rendered":"https:\/\/veganova.eu\/?post_type=product&#038;p=5326"},"modified":"2026-04-21T07:24:48","modified_gmt":"2026-04-21T05:24:48","slug":"swanson-veggies4life-300-tab","status":"publish","type":"product","link":"https:\/\/veganova.eu\/hu\/shop\/swanson-veggies4life-300-tab\/","title":{"rendered":"Swanson Veggies4Life (300 tab)"},"content":{"rendered":"<h3>Swanson Veggies4Life (300 tab)<\/h3>\n<p>Mi van ma a t\u00e1ny\u00e9rodon? Val\u00f3sz\u00edn\u0171leg nem z\u00f6lds\u00e9g. Sz\u00fcks\u00e9g\u00fcnk van r\u00e1juk, de gyakran nem essz\u00fck meg \u0151ket. Adjon mag\u00e1nak z\u00f6ld finoms\u00e1got a Swanson GreenFoods Formul\u00e1k Veggies4Life term\u00e9k\u00e9vel! Tele antioxid\u00e1nsokkal, vitaminokkal, \u00e1sv\u00e1nyi anyagokkal \u00e9s rostokkal a lucern\u00e1b\u00f3l, brokkolib\u00f3l \u00e9s m\u00e9g sok m\u00e1sb\u00f3l, a napi z\u00f6lds\u00e9gbevitel n\u00f6vel\u00e9se m\u00e9g soha nem volt ilyen egyszer\u0171.<\/p>","protected":false},"excerpt":{"rendered":"<p>A Swanson Veggies4Life veget\u00e1ri\u00e1nus \u00e9trend-kieg\u00e9sz\u00edt\u0151 lucerna, c\u00e9kla, brokkoli, s\u00e1rgar\u00e9pa, spen\u00f3t, paradicsom, petrezselyem, k\u00e1poszta, zeller, kelk\u00e1poszta, z\u00f6ld\u00e1rpa, oreg\u00e1n\u00f3, szagtalan\u00edtott fokhagyma \u00e9s h\u00edn\u00e1r kivonat\u00e1t tartalmazza.  Napi 2 tabletta. A csomag tartalmazza: 300 db k\u00f6nnyen em\u00e9szthet\u0151 veget\u00e1ri\u00e1nus tabletta.<\/p>","protected":false},"featured_media":52916,"comment_status":"closed","ping_status":"closed","template":"","meta":{"advanced_seo_description":"","jetpack_seo_html_title":"","jetpack_seo_noindex":false},"pwb-brand":[450],"product_brand":[4753],"product_cat":[149],"product_tag":[1037,1067,1116,1117],"class_list":{"0":"post-5326","1":"product","2":"type-product","3":"status-publish","4":"has-post-thumbnail","6":"pwb-brand-swanson","7":"product_brand-swanson","8":"product_cat-superfoods","9":"product_tag-detox","10":"product_tag-digestion","11":"product_tag-healthy-gut","12":"product_tag-immunity","13":"brand_woo-swanson","15":"first","16":"instock","17":"taxable","18":"shipping-taxable","19":"purchasable","20":"product-type-simple"},"jetpack_sharing_enabled":true,"brands":[{"id":450,"name":"Swanson","slug":"swanson"}],"_links":{"self":[{"href":"https:\/\/veganova.eu\/hu\/wp-json\/wp\/v2\/product\/5326","targetHints":{"allow":["GET"]}}],"collection":[{"href":"https:\/\/veganova.eu\/hu\/wp-json\/wp\/v2\/product"}],"about":[{"href":"https:\/\/veganova.eu\/hu\/wp-json\/wp\/v2\/types\/product"}],"replies":[{"embeddable":true,"href":"https:\/\/veganova.eu\/hu\/wp-json\/wp\/v2\/comments?post=5326"}],"version-history":[{"count":1,"href":"https:\/\/veganova.eu\/hu\/wp-json\/wp\/v2\/product\/5326\/revisions"}],"predecessor-version":[{"id":58423,"href":"https:\/\/veganova.eu\/hu\/wp-json\/wp\/v2\/product\/5326\/revisions\/58423"}],"wp:featuredmedia":[{"embeddable":true,"href":"https:\/\/veganova.eu\/hu\/wp-json\/wp\/v2\/media\/52916"}],"wp:attachment":[{"href":"https:\/\/veganova.eu\/hu\/wp-json\/wp\/v2\/media?parent=5326"}],"wp:term":[{"taxonomy":"pwb-brand","embeddable":true,"href":"https:\/\/veganova.eu\/hu\/wp-json\/wp\/v2\/pwb-brand?post=5326"},{"taxonomy":"product_brand","embeddable":true,"href":"https:\/\/veganova.eu\/hu\/wp-json\/wp\/v2\/product_brand?post=5326"},{"taxonomy":"product_cat","embeddable":true,"href":"https:\/\/veganova.eu\/hu\/wp-json\/wp\/v2\/product_cat?post=5326"},{"taxonomy":"product_tag","embeddable":true,"href":"https:\/\/veganova.eu\/hu\/wp-json\/wp\/v2\/product_tag?post=5326"}],"curies":[{"name":"wp","href":"https:\/\/api.w.org\/{rel}","templated":true}]}}