{"id":54509,"date":"2025-05-17T15:59:50","date_gmt":"2025-05-17T13:59:50","guid":{"rendered":"https:\/\/veganova.eu\/?post_type=product&#038;p=54509"},"modified":"2026-04-21T07:26:22","modified_gmt":"2026-04-21T05:26:22","slug":"now-foods-creatine-monohydrate-750mg-120-vcaps","status":"publish","type":"product","link":"https:\/\/veganova.eu\/hu\/shop\/now-foods-creatine-monohydrate-750mg-120-vcaps\/","title":{"rendered":"NOW Foods Creatine Monohydrate, 750mg &#8211; 120 vcaps"},"content":{"rendered":"<h3>NOW Foods Creatine Monohydrate, 750mg &#8211; 120 vcaps<\/h3>\n<p>Izom \u00fczemanyag<br \/>\nSov\u00e1ny t\u00f6meg<br \/>\nA kreatin egy olyan vegy\u00fclet, amely term\u00e9szetes m\u00f3don fordul el\u0151 a szervezetben, els\u0151sorban a v\u00e1zizomzatban. A kreatin feladata, hogy az adenozin-trifoszf\u00e1t (ATP) el\u0151anyagak\u00e9nt szolg\u00e1ljon, amely a k\u00e9miai energia minden sejt \u00e1ltal haszn\u00e1lt form\u00e1ja. A szervezet kreatinrakt\u00e1rai egy k\u00f6nnyen hozz\u00e1f\u00e9rhet\u0151 ATP-tartal\u00e9kot hoznak l\u00e9tre az energi\u00e1hoz, ami a gyors teljes\u00edtm\u00e9ny- \u00e9s er\u0151kit\u00f6r\u00e9sek t\u00e1pl\u00e1l\u00e1s\u00e1hoz sz\u00fcks\u00e9ges. Tanulm\u00e1nyok kimutatt\u00e1k, hogy a kreatin p\u00f3tl\u00e1sa seg\u00edthet a megl\u00e9v\u0151 izomsz\u00f6vet fenntart\u00e1s\u00e1ban, t\u00e1mogathatja a sov\u00e1ny t\u00f6meg n\u00f6veked\u00e9s\u00e9t \u00e9s fejl\u0151d\u00e9s\u00e9t, \u00e9s el\u0151seg\u00edtheti az optim\u00e1lis teljes\u00edtm\u00e9nyt r\u00f6vid intenz\u00edv edz\u00e9sek sor\u00e1n. A NOW Creatine Monohydrate nem tartalmaz adal\u00e9kanyagokat vagy tart\u00f3s\u00edt\u00f3szereket.<\/p>","protected":false},"excerpt":{"rendered":"<p>NOW Foods Creatine Monohydrate, 750mg &#8211; 120 vcaps Muscle Fuel Lean Mass Creatine is a compound that occurs naturally in the body, primarily in skeletal muscle. Creatine\u2019s function is to serve as a precursor to adenosine triphosphate (ATP), the form of chemical energy used by all cells. Body stores of creatine create a pool of [&hellip;]<\/p>\n","protected":false},"featured_media":55377,"comment_status":"closed","ping_status":"closed","template":"","meta":{"advanced_seo_description":"","jetpack_seo_html_title":"","jetpack_seo_noindex":false},"pwb-brand":[173],"product_brand":[4580],"product_cat":[272,132],"product_tag":[],"class_list":{"0":"post-54509","1":"product","2":"type-product","3":"status-publish","4":"has-post-thumbnail","6":"pwb-brand-now-foods","7":"product_brand-now-foods","8":"product_cat-creatines","9":"product_cat-sports-nutrition","10":"brand_woo-now-foods","12":"first","13":"instock","14":"taxable","15":"shipping-taxable","16":"purchasable","17":"product-type-simple"},"jetpack_sharing_enabled":true,"brands":[{"id":173,"name":"NOW Foods","slug":"now-foods"}],"_links":{"self":[{"href":"https:\/\/veganova.eu\/hu\/wp-json\/wp\/v2\/product\/54509","targetHints":{"allow":["GET"]}}],"collection":[{"href":"https:\/\/veganova.eu\/hu\/wp-json\/wp\/v2\/product"}],"about":[{"href":"https:\/\/veganova.eu\/hu\/wp-json\/wp\/v2\/types\/product"}],"replies":[{"embeddable":true,"href":"https:\/\/veganova.eu\/hu\/wp-json\/wp\/v2\/comments?post=54509"}],"version-history":[{"count":3,"href":"https:\/\/veganova.eu\/hu\/wp-json\/wp\/v2\/product\/54509\/revisions"}],"predecessor-version":[{"id":59521,"href":"https:\/\/veganova.eu\/hu\/wp-json\/wp\/v2\/product\/54509\/revisions\/59521"}],"wp:featuredmedia":[{"embeddable":true,"href":"https:\/\/veganova.eu\/hu\/wp-json\/wp\/v2\/media\/55377"}],"wp:attachment":[{"href":"https:\/\/veganova.eu\/hu\/wp-json\/wp\/v2\/media?parent=54509"}],"wp:term":[{"taxonomy":"pwb-brand","embeddable":true,"href":"https:\/\/veganova.eu\/hu\/wp-json\/wp\/v2\/pwb-brand?post=54509"},{"taxonomy":"product_brand","embeddable":true,"href":"https:\/\/veganova.eu\/hu\/wp-json\/wp\/v2\/product_brand?post=54509"},{"taxonomy":"product_cat","embeddable":true,"href":"https:\/\/veganova.eu\/hu\/wp-json\/wp\/v2\/product_cat?post=54509"},{"taxonomy":"product_tag","embeddable":true,"href":"https:\/\/veganova.eu\/hu\/wp-json\/wp\/v2\/product_tag?post=54509"}],"curies":[{"name":"wp","href":"https:\/\/api.w.org\/{rel}","templated":true}]}}