{"id":8718,"date":"2023-10-01T17:12:20","date_gmt":"2023-10-01T15:12:20","guid":{"rendered":"https:\/\/veganova.eu\/?post_type=product&#038;p=8718"},"modified":"2026-04-21T07:25:04","modified_gmt":"2026-04-21T05:25:04","slug":"natural-vitality-calm-gummies-raspberry-lemon-60-gummies","status":"publish","type":"product","link":"https:\/\/veganova.eu\/hu\/shop\/natural-vitality-calm-gummies-raspberry-lemon-60-gummies\/","title":{"rendered":"Natural Vitality Calm Gummies, m\u00e1lna citrom - 60 gumicukorka"},"content":{"rendered":"<h3>Natural Vitality Calm Gummies, m\u00e1lna citrom - 60 gumicukorka<\/h3>\n<p>Szeretj\u00fck a magn\u00e9ziumot a hangulatjav\u00edt\u00f3 hat\u00e1sai miatt - az 1982-es els\u0151 CALM bevezet\u00e9se \u00f3ta. De t\u00e9ny, hogy a magn\u00e9zium t\u00f6bb mint 300 folyamathoz n\u00e9lk\u00fcl\u00f6zhetetlen a szervezetben, m\u00e9gis a legt\u00f6bben nem jutunk hozz\u00e1 eleget. Teh\u00e1t m\u00e9g ha a nyugalom\u00e9rt szed is magn\u00e9ziumot, sokkal t\u00f6bbet tesz a teljes eg\u00e9szs\u00e9g\u00e9\u00e9rt \u00e9s j\u00f3l\u00e9t\u00e9\u00e9rt.<\/p>\n<p>KIEGYENS\u00daLYOZOTT HANGULAT<br \/>\nA magn\u00e9zium kedvenc el\u0151nye term\u00e9szetesen az, hogy milyen j\u00f3l t\u00e1mogatja a kiegyens\u00falyozott hangulatot \u00e9s a stresszre adott eg\u00e9szs\u00e9ges v\u00e1laszt. Emellett oldja a fesz\u00fclts\u00e9get \u00e9s seg\u00edt ellazulni.*<\/p>\n<p>SLEEP<br \/>\nA magn\u00e9zium seg\u00edthet felk\u00e9sz\u00edteni az elm\u00e9t \u00e9s a testet arra, hogy ellazuljon az alv\u00e1sra.*<\/p>\n<p>IZOMFUNKCI\u00d3<br \/>\nAmikor azt mondjuk, hogy a magn\u00e9zium alapvet\u0151 \u00e1sv\u00e1nyi anyag, akkor ezt komolyan is gondoljuk. Az izmoknak sz\u00fcks\u00e9g\u00fck van r\u00e1, hogy \u00f6sszeh\u00faz\u00f3djanak \u00e9s ellazuljanak. Ez azt jelenti, hogy min\u00e9l akt\u00edvabb vagy, ann\u00e1l nagyobb sz\u00fcks\u00e9ged lehet r\u00e1, hogy seg\u00edtsen szab\u00e1lyozni az eg\u00e9szs\u00e9ges izomm\u0171k\u00f6d\u00e9st*.<\/p>\n<p>BRAIN &amp; NERVOUS SYSTEM FUNCTION<br \/>\nA magn\u00e9zium v\u00e9di az idegek b\u00e9l\u00e9s\u00e9t, \u00e9s seg\u00edt az idegeknek besz\u00e9lgetni egym\u00e1ssal. V\u00e9gs\u0151 soron mindez t\u00e1mogatja az \u00e1ltal\u00e1nos ideg- \u00e9s agym\u0171k\u00f6d\u00e9st.<\/p>\n<p>SZ\u00cdV- \u00c9S \u00c9RRENDSZERI EG\u00c9SZS\u00c9G<br \/>\nEgy m\u00e1sik ok, hogy szeress\u00fck a magn\u00e9ziumot? A sz\u00edved\u00e9rt. Nemcsak az eg\u00e9szs\u00e9ges v\u00e9rnyom\u00e1sszint fenntart\u00e1s\u00e1ban seg\u00edt, hanem a norm\u00e1lis sz\u00edv\u00f6sszeh\u00faz\u00f3d\u00e1shoz is sz\u00fcks\u00e9ges*.<\/p>\n<p>CSONTS\u0170R\u0170S\u00c9G<br \/>\nA napi magn\u00e9ziumszint fenntart\u00e1sa seg\u00edt meg\u0151rizni a csontok eg\u00e9szs\u00e9g\u00e9t. Ha nem jut el\u00e9g magn\u00e9ziumhoz, a szervezet kalcium \u00e9s D-vitamin felsz\u00edv\u00f3d\u00e1si k\u00e9pess\u00e9ge is k\u00e1rosodhat.*<\/p>","protected":false},"excerpt":{"rendered":"<p>A magn\u00e9ziumot tartalmaz\u00f3 Natural Vitality Calm Gummies veg\u00e1n t\u00e1pl\u00e1l\u00e9kkieg\u00e9sz\u00edt\u0151 ide\u00e1lis az eg\u00e9szs\u00e9ges alv\u00e1shoz, a j\u00f3 hangulathoz, az izmok, az agy, az idegrendszer megfelel\u0151 m\u0171k\u00f6d\u00e9s\u00e9hez, az eg\u00e9szs\u00e9ges sz\u00edvhez \u00e9s az er\u0151s csontokhoz. T\u00e1pl\u00e1l\u00e9kkieg\u00e9sz\u00edt\u0151 zselatin form\u00e1j\u00e1ban. \u00cdzes\u00edtve: M\u00e1lna citrom (m\u00e1lna, citrom).  60 db zselatin.<\/p>","protected":false},"featured_media":12305,"comment_status":"closed","ping_status":"closed","template":"","meta":{"advanced_seo_description":"","jetpack_seo_html_title":"","jetpack_seo_noindex":false},"pwb-brand":[422],"product_brand":[4732],"product_cat":[286,143],"product_tag":[1146,1158,1208,1150,1079,1126,1403],"class_list":{"0":"post-8718","1":"product","2":"type-product","3":"status-publish","4":"has-post-thumbnail","6":"pwb-brand-natural-vitality","7":"product_brand-natural-vitality","8":"product_cat-for-a-better-mood","9":"product_cat-health-issues","10":"product_tag-good-mood","11":"product_tag-heart","12":"product_tag-muscles","13":"product_tag-nervous-system","14":"product_tag-relaxation","15":"product_tag-stress","16":"product_tag-well-being","17":"brand_woo-natural-vitality","19":"first","20":"outofstock","21":"sale","22":"taxable","23":"shipping-taxable","24":"purchasable","25":"product-type-simple"},"jetpack_sharing_enabled":true,"brands":[{"id":422,"name":"Term\u00e9szetes vitalit\u00e1s","slug":"natural-vitality"}],"_links":{"self":[{"href":"https:\/\/veganova.eu\/hu\/wp-json\/wp\/v2\/product\/8718","targetHints":{"allow":["GET"]}}],"collection":[{"href":"https:\/\/veganova.eu\/hu\/wp-json\/wp\/v2\/product"}],"about":[{"href":"https:\/\/veganova.eu\/hu\/wp-json\/wp\/v2\/types\/product"}],"replies":[{"embeddable":true,"href":"https:\/\/veganova.eu\/hu\/wp-json\/wp\/v2\/comments?post=8718"}],"version-history":[{"count":1,"href":"https:\/\/veganova.eu\/hu\/wp-json\/wp\/v2\/product\/8718\/revisions"}],"predecessor-version":[{"id":58635,"href":"https:\/\/veganova.eu\/hu\/wp-json\/wp\/v2\/product\/8718\/revisions\/58635"}],"wp:featuredmedia":[{"embeddable":true,"href":"https:\/\/veganova.eu\/hu\/wp-json\/wp\/v2\/media\/12305"}],"wp:attachment":[{"href":"https:\/\/veganova.eu\/hu\/wp-json\/wp\/v2\/media?parent=8718"}],"wp:term":[{"taxonomy":"pwb-brand","embeddable":true,"href":"https:\/\/veganova.eu\/hu\/wp-json\/wp\/v2\/pwb-brand?post=8718"},{"taxonomy":"product_brand","embeddable":true,"href":"https:\/\/veganova.eu\/hu\/wp-json\/wp\/v2\/product_brand?post=8718"},{"taxonomy":"product_cat","embeddable":true,"href":"https:\/\/veganova.eu\/hu\/wp-json\/wp\/v2\/product_cat?post=8718"},{"taxonomy":"product_tag","embeddable":true,"href":"https:\/\/veganova.eu\/hu\/wp-json\/wp\/v2\/product_tag?post=8718"}],"curies":[{"name":"wp","href":"https:\/\/api.w.org\/{rel}","templated":true}]}}