{"id":8768,"date":"2023-10-01T17:12:33","date_gmt":"2023-10-01T15:12:33","guid":{"rendered":"https:\/\/veganova.eu\/?post_type=product&#038;p=8768"},"modified":"2026-04-21T07:25:06","modified_gmt":"2026-04-21T05:25:06","slug":"nutrend-delicious-vegan-latte-macchiato-450g","status":"publish","type":"product","link":"https:\/\/veganova.eu\/hu\/shop\/nutrend-delicious-vegan-latte-macchiato-450g\/","title":{"rendered":"Nutrend Delicious Vegan, Latte Macchiato - 450g"},"content":{"rendered":"<h3>Nutrend Delicious Vegan, Latte Macchiato - 450g<\/h3>\n<p>Egy finom \u00e9s kr\u00e9mes feh\u00e9rje szuper\u00e9lelmiszer veg\u00e1n kokt\u00e9l<br \/>\nt\u00e1pl\u00e1lkoz\u00e1si szempontb\u00f3l kiegyens\u00falyozott formul\u00e1val. A n\u00e9gyf\u00e9le n\u00f6v\u00e9nyi feh\u00e9rje kiv\u00e1laszt\u00e1sa teljes \u00e9rt\u00e9k\u0171 teljes \u00e9rt\u00e9k\u0171 feh\u00e9rjeforr\u00e1st jelent, fontos t\u00e1panyagokkal kieg\u00e9sz\u00edtve.<\/p>\n<p>Alkalmas azoknak, akik az eg\u00e9szs\u00e9ges \u00e9letm\u00f3dot r\u00e9szes\u00edtik el\u0151nyben. Kiv\u00e1l\u00f3 min\u0151s\u00e9g\u0171 \u00f6sszetev\u0151ivel \u00e9s egyed\u00fcl\u00e1ll\u00f3 formul\u00e1j\u00e1val egy\u00e9rtelm\u0171en a j\u00f6v\u0151 intelligens t\u00e1pl\u00e1l\u00e9ka.<\/p>\n<p>60% feh\u00e9rje<br \/>\nN\u00e9gyf\u00e9le n\u00f6v\u00e9nyi feh\u00e9rje (bors\u00f3, csicseribors\u00f3, kender, s\u00fct\u0151t\u00f6k)<br \/>\nGabonakever\u00e9k (zab, amarant, hajdina, k\u00f6les \u00e9s quinoa)<br \/>\nDigeZyme em\u00e9szt\u0151enzim-kever\u00e9k<br \/>\nB2 \u00e9s B12 vitaminok<br \/>\nJ\u00f3d \u00e9s vas<br \/>\nOmega-3 zs\u00edrsavak<br \/>\nAlkalmas veg\u00e1nok sz\u00e1m\u00e1ra<br \/>\nLakt\u00f3zmentes<br \/>\nGlut\u00e9nmentes<\/p>","protected":false},"excerpt":{"rendered":"<p>Veg\u00e1n feh\u00e9rje Nutrend Delicious Vegan n\u00f6v\u00e9nyi feh\u00e9rj\u00e9t tartalmaz bors\u00f3b\u00f3l, csicseribors\u00f3b\u00f3l, kenderb\u0151l \u00e9s s\u00fct\u0151t\u00f6kb\u0151l. A feh\u00e9rj\u00e9t gabonakever\u00e9kkel \u00e9s DigeZyme: em\u00e9szt\u0151enzimek kever\u00e9k\u00e9vel d\u00fas\u00edtottuk. J\u00f3dban, vasban, B2- \u00e9s B12-vitaminban, valamint Omega 3 zs\u00edrsavakban gazdag. Feh\u00e9rjetartalom: A feh\u00e9rjetartalom: 1,5 g feh\u00e9rje: 60%. \u00cdzes\u00edt\u00e9s: Latte Macchiato. A csomag tartalma: 1: 450g.<\/p>","protected":false},"featured_media":12205,"comment_status":"closed","ping_status":"closed","template":"","meta":{"advanced_seo_description":"","jetpack_seo_html_title":"","jetpack_seo_noindex":false},"pwb-brand":[375],"product_brand":[4697],"product_cat":[132,133],"product_tag":[1177,1210,1442,1409,1145],"class_list":{"0":"post-8768","1":"product","2":"type-product","3":"status-publish","4":"has-post-thumbnail","6":"pwb-brand-nutrend","7":"product_brand-nutrend","8":"product_cat-sports-nutrition","9":"product_cat-vegan-proteins","10":"product_tag-meal-replacement","11":"product_tag-protein-for-allergy-sufferers","12":"product_tag-protein-with-enzymes","13":"product_tag-protein-without-soy","14":"product_tag-vegan-protein","15":"brand_woo-nutrend","17":"first","18":"instock","19":"sale","20":"featured","21":"taxable","22":"shipping-taxable","23":"purchasable","24":"product-type-simple"},"jetpack_sharing_enabled":true,"brands":[{"id":375,"name":"Nutrend","slug":"nutrend"}],"_links":{"self":[{"href":"https:\/\/veganova.eu\/hu\/wp-json\/wp\/v2\/product\/8768","targetHints":{"allow":["GET"]}}],"collection":[{"href":"https:\/\/veganova.eu\/hu\/wp-json\/wp\/v2\/product"}],"about":[{"href":"https:\/\/veganova.eu\/hu\/wp-json\/wp\/v2\/types\/product"}],"replies":[{"embeddable":true,"href":"https:\/\/veganova.eu\/hu\/wp-json\/wp\/v2\/comments?post=8768"}],"version-history":[{"count":1,"href":"https:\/\/veganova.eu\/hu\/wp-json\/wp\/v2\/product\/8768\/revisions"}],"predecessor-version":[{"id":58658,"href":"https:\/\/veganova.eu\/hu\/wp-json\/wp\/v2\/product\/8768\/revisions\/58658"}],"wp:featuredmedia":[{"embeddable":true,"href":"https:\/\/veganova.eu\/hu\/wp-json\/wp\/v2\/media\/12205"}],"wp:attachment":[{"href":"https:\/\/veganova.eu\/hu\/wp-json\/wp\/v2\/media?parent=8768"}],"wp:term":[{"taxonomy":"pwb-brand","embeddable":true,"href":"https:\/\/veganova.eu\/hu\/wp-json\/wp\/v2\/pwb-brand?post=8768"},{"taxonomy":"product_brand","embeddable":true,"href":"https:\/\/veganova.eu\/hu\/wp-json\/wp\/v2\/product_brand?post=8768"},{"taxonomy":"product_cat","embeddable":true,"href":"https:\/\/veganova.eu\/hu\/wp-json\/wp\/v2\/product_cat?post=8768"},{"taxonomy":"product_tag","embeddable":true,"href":"https:\/\/veganova.eu\/hu\/wp-json\/wp\/v2\/product_tag?post=8768"}],"curies":[{"name":"wp","href":"https:\/\/api.w.org\/{rel}","templated":true}]}}