{"id":8772,"date":"2023-10-01T17:12:34","date_gmt":"2023-10-01T15:12:34","guid":{"rendered":"https:\/\/veganova.eu\/?post_type=product&#038;p=8772"},"modified":"2026-04-21T07:25:06","modified_gmt":"2026-04-21T05:25:06","slug":"enzymedica-digest-30-caps","status":"publish","type":"product","link":"https:\/\/veganova.eu\/hu\/shop\/enzymedica-digest-30-caps\/","title":{"rendered":"Enzymedica Digest - 30 kapszula"},"content":{"rendered":"<h3>Enzymedica Digest - 30 kapszula<\/h3>\n<p>Teljes k\u00f6r\u0171 enzimek a mindennapi \u00e9telek lebont\u00e1s\u00e1hoz!<br \/>\nA Digest Complete olyan enzimeket tartalmaz, amelyek 2x t\u00f6bbet bontanak le, mint a Digest Basic.<br \/>\nEz a formula hat\u00e9konyan lebontja a sz\u00e9nhidr\u00e1tokat, zs\u00edrokat, rostokat \u00e9s feh\u00e9rj\u00e9ket - mindent, ami jellemz\u0151en megtal\u00e1lhat\u00f3 a napi \u00e9tkez\u00e9sben. Emellett felgyors\u00edtja az em\u00e9szt\u00e9st \u00e9s el\u0151seg\u00edti a t\u00e1panyagok felsz\u00edv\u00f3d\u00e1s\u00e1t. Ezek az enzimek seg\u00edtenek a napi \u00e9tkez\u00e9seket eg\u00e9sz napos energi\u00e1v\u00e1 alak\u00edtani. A szabadalmaztatott Thera-blend enzimjeinket tudom\u00e1nyosan \u00e1ll\u00edtottuk \u00f6ssze a teljes testre kiterjed\u0151 eredm\u00e9nyek \u00e9rdek\u00e9ben.<\/p>","protected":false},"excerpt":{"rendered":"<p>Az Enzymedica Digest Vegan em\u00e9szt\u0151enzimek biztos\u00edtj\u00e1k a szervezet sz\u00e1m\u00e1ra az \u00f6sszes olyan enzimet, amelyekkel helyre\u00e1ll\u00edthatja a rossz t\u00e1pl\u00e1lkoz\u00e1s, a rossz \u00e9letm\u00f3d vagy az \u00e9letkorral \u00f6sszef\u00fcgg\u0151 em\u00e9szt\u00e9si zavarok ut\u00e1n k\u00e1rosodott em\u00e9szt\u00e9s\u00e9t. Az enzimek speci\u00e1lis formul\u00e1ja seg\u00edt a szervezetnek a sz\u00e9nhidr\u00e1tok, zs\u00edrok, rostok \u00e9s feh\u00e9rj\u00e9k megfelel\u0151 feldolgoz\u00e1s\u00e1ban. A csomag tartalma: 1: 30 kapszula.<\/p>","protected":false},"featured_media":12112,"comment_status":"closed","ping_status":"closed","template":"","meta":{"advanced_seo_description":"","jetpack_seo_html_title":"","jetpack_seo_noindex":false},"pwb-brand":[467],"product_brand":[4767],"product_cat":[596],"product_tag":[1190,1191],"class_list":{"0":"post-8772","1":"product","2":"type-product","3":"status-publish","4":"has-post-thumbnail","6":"pwb-brand-enzymedica","7":"product_brand-enzymedica","8":"product_cat-digestion","9":"product_tag-digestive-enzymes","10":"product_tag-digestive-problems","11":"brand_woo-enzymedica","13":"first","14":"instock","15":"sale","16":"taxable","17":"shipping-taxable","18":"purchasable","19":"product-type-simple"},"jetpack_sharing_enabled":true,"brands":[{"id":467,"name":"Enzymedica","slug":"enzymedica"}],"_links":{"self":[{"href":"https:\/\/veganova.eu\/hu\/wp-json\/wp\/v2\/product\/8772","targetHints":{"allow":["GET"]}}],"collection":[{"href":"https:\/\/veganova.eu\/hu\/wp-json\/wp\/v2\/product"}],"about":[{"href":"https:\/\/veganova.eu\/hu\/wp-json\/wp\/v2\/types\/product"}],"replies":[{"embeddable":true,"href":"https:\/\/veganova.eu\/hu\/wp-json\/wp\/v2\/comments?post=8772"}],"version-history":[{"count":1,"href":"https:\/\/veganova.eu\/hu\/wp-json\/wp\/v2\/product\/8772\/revisions"}],"predecessor-version":[{"id":58660,"href":"https:\/\/veganova.eu\/hu\/wp-json\/wp\/v2\/product\/8772\/revisions\/58660"}],"wp:featuredmedia":[{"embeddable":true,"href":"https:\/\/veganova.eu\/hu\/wp-json\/wp\/v2\/media\/12112"}],"wp:attachment":[{"href":"https:\/\/veganova.eu\/hu\/wp-json\/wp\/v2\/media?parent=8772"}],"wp:term":[{"taxonomy":"pwb-brand","embeddable":true,"href":"https:\/\/veganova.eu\/hu\/wp-json\/wp\/v2\/pwb-brand?post=8772"},{"taxonomy":"product_brand","embeddable":true,"href":"https:\/\/veganova.eu\/hu\/wp-json\/wp\/v2\/product_brand?post=8772"},{"taxonomy":"product_cat","embeddable":true,"href":"https:\/\/veganova.eu\/hu\/wp-json\/wp\/v2\/product_cat?post=8772"},{"taxonomy":"product_tag","embeddable":true,"href":"https:\/\/veganova.eu\/hu\/wp-json\/wp\/v2\/product_tag?post=8772"}],"curies":[{"name":"wp","href":"https:\/\/api.w.org\/{rel}","templated":true}]}}