{"id":8778,"date":"2023-10-01T17:12:35","date_gmt":"2023-10-01T15:12:35","guid":{"rendered":"https:\/\/veganova.eu\/?post_type=product&#038;p=8778"},"modified":"2026-04-21T07:25:07","modified_gmt":"2026-04-21T05:25:07","slug":"enzymedica-digest-basic-90-caps","status":"publish","type":"product","link":"https:\/\/veganova.eu\/hu\/shop\/enzymedica-digest-basic-90-caps\/","title":{"rendered":"Enzymedica Digest Basic - 90 kapszula"},"content":{"rendered":"<h3>Enzymedica Digest Basic - 90 kapszula<\/h3>\n<p>Gyeng\u00e9d seg\u00edts\u00e9g az \u00e9rz\u00e9keny gyomornak<br \/>\nLebontja a zs\u00edrokat, rostokat, feh\u00e9rj\u00e9ket \u00e9s sz\u00e9nhidr\u00e1tokat.<br \/>\nFelgyors\u00edtja az em\u00e9szt\u00e9st<br \/>\nFokozza az energi\u00e1t<br \/>\nCs\u00f6kkenti az alkalmi g\u00e1zokat, puffad\u00e1st \u00e9s em\u00e9szt\u00e9si zavarokat.<\/p>","protected":false},"excerpt":{"rendered":"<p>Az Enzymedica Digest Basic Veg\u00e1n em\u00e9szt\u0151enzimek biztos\u00edtj\u00e1k a szervezet sz\u00e1m\u00e1ra az \u00f6sszes enzimet, hogy helyre\u00e1ll\u00edtsa a helytelen t\u00e1pl\u00e1lkoz\u00e1s, a rossz \u00e9letm\u00f3d vagy az \u00e9letkorral \u00f6sszef\u00fcgg\u0151 em\u00e9szt\u00e9si zavarok ut\u00e1n k\u00e1rosodott em\u00e9szt\u00e9s\u00e9t. Az enzimek speci\u00e1lis formul\u00e1ja seg\u00edt a szervezetnek a sz\u00e9nhidr\u00e1tok, zs\u00edrok, rostok \u00e9s feh\u00e9rj\u00e9k megfelel\u0151 feldolgoz\u00e1s\u00e1ban. A csomag tartalma: 1: 90 kapszula.<\/p>","protected":false},"featured_media":12111,"comment_status":"closed","ping_status":"closed","template":"","meta":{"advanced_seo_description":"","jetpack_seo_html_title":"","jetpack_seo_noindex":false},"pwb-brand":[467],"product_brand":[4767],"product_cat":[596],"product_tag":[601,602],"class_list":{"0":"post-8778","1":"product","2":"type-product","3":"status-publish","4":"has-post-thumbnail","6":"pwb-brand-enzymedica","7":"product_brand-enzymedica","8":"product_cat-digestion","9":"product_tag-non-gmo","10":"product_tag-vegan","11":"brand_woo-enzymedica","13":"first","14":"instock","15":"sale","16":"taxable","17":"shipping-taxable","18":"purchasable","19":"product-type-simple"},"jetpack_sharing_enabled":true,"brands":[{"id":467,"name":"Enzymedica","slug":"enzymedica"}],"_links":{"self":[{"href":"https:\/\/veganova.eu\/hu\/wp-json\/wp\/v2\/product\/8778","targetHints":{"allow":["GET"]}}],"collection":[{"href":"https:\/\/veganova.eu\/hu\/wp-json\/wp\/v2\/product"}],"about":[{"href":"https:\/\/veganova.eu\/hu\/wp-json\/wp\/v2\/types\/product"}],"replies":[{"embeddable":true,"href":"https:\/\/veganova.eu\/hu\/wp-json\/wp\/v2\/comments?post=8778"}],"version-history":[{"count":1,"href":"https:\/\/veganova.eu\/hu\/wp-json\/wp\/v2\/product\/8778\/revisions"}],"predecessor-version":[{"id":58663,"href":"https:\/\/veganova.eu\/hu\/wp-json\/wp\/v2\/product\/8778\/revisions\/58663"}],"wp:featuredmedia":[{"embeddable":true,"href":"https:\/\/veganova.eu\/hu\/wp-json\/wp\/v2\/media\/12111"}],"wp:attachment":[{"href":"https:\/\/veganova.eu\/hu\/wp-json\/wp\/v2\/media?parent=8778"}],"wp:term":[{"taxonomy":"pwb-brand","embeddable":true,"href":"https:\/\/veganova.eu\/hu\/wp-json\/wp\/v2\/pwb-brand?post=8778"},{"taxonomy":"product_brand","embeddable":true,"href":"https:\/\/veganova.eu\/hu\/wp-json\/wp\/v2\/product_brand?post=8778"},{"taxonomy":"product_cat","embeddable":true,"href":"https:\/\/veganova.eu\/hu\/wp-json\/wp\/v2\/product_cat?post=8778"},{"taxonomy":"product_tag","embeddable":true,"href":"https:\/\/veganova.eu\/hu\/wp-json\/wp\/v2\/product_tag?post=8778"}],"curies":[{"name":"wp","href":"https:\/\/api.w.org\/{rel}","templated":true}]}}