{"id":8788,"date":"2023-10-01T17:12:39","date_gmt":"2023-10-01T15:12:39","guid":{"rendered":"https:\/\/veganova.eu\/?post_type=product&#038;p=8788"},"modified":"2026-04-21T07:25:07","modified_gmt":"2026-04-21T05:25:07","slug":"garden-of-life-dr-formulated-vegan-prenatal-dha-30-softgels","status":"publish","type":"product","link":"https:\/\/veganova.eu\/hu\/shop\/garden-of-life-dr-formulated-vegan-prenatal-dha-30-softgels\/","title":{"rendered":"Garden of Life Dr. Formulated Vegan Prenatal DHA - 30 l\u00e1gyg\u00e9l"},"content":{"rendered":"<h3>Garden of Life Dr. Formulated Vegan Prenatal DHA - 30 l\u00e1gyg\u00e9l<\/h3>\n<p>400mg DHA plusz 90mg DPA (triglicerid form\u00e1ban)<br \/>\nSPM-ekkel, olyan vegy\u00fcletekkel, amelyek term\u00e9szetes m\u00f3don t\u00e1mogatj\u00e1k a szervezet norm\u00e1lis gyullad\u00e1sos v\u00e1lasz\u00e1t.<br \/>\nT\u00e1mogatja a baba agy\u00e1nak fejl\u0151d\u00e9s\u00e9t<br \/>\nT\u00e1mogatja az eg\u00e9szs\u00e9ges terhess\u00e9get \u00e9s szoptat\u00e1st<br \/>\nNon-GMO Project Ellen\u0151rz\u00f6tt \u00e9s Certified Vegan<br \/>\nK\u00e9nyelmes, napi egyszeri l\u00e1gy kapszula<\/p>","protected":false},"excerpt":{"rendered":"<p>A terhes n\u0151k sz\u00e1m\u00e1ra kifejlesztett veg\u00e1n t\u00e1pl\u00e1l\u00e9kkieg\u00e9sz\u00edt\u0151 Garden of Life Dr. Formulated Vegan Prenatal DHA t\u00e1mogatja az eg\u00e9szs\u00e9ges terhess\u00e9get, valamint a baba agy\u00e1nak \u00e9s funkci\u00f3inak eg\u00e9szs\u00e9ges fejl\u0151d\u00e9s\u00e9t. A csomag tartalma: A csomagol\u00e1si egys\u00e9gben tal\u00e1lhat\u00f3 a k\u00f6vetkez\u0151 \u00f6sszetev\u0151kb\u0151l \u00e1ll\u00f3 csomagol\u00e1si egys\u00e9g: Bakt\u00e9rium, bakt\u00e9rium, bakt\u00e9rium, bakt\u00e9rium, bakt\u00e9rium, bakt\u00e9rium, bakt\u00e9rium: 30 l\u00e1gy tabletta.<\/p>","protected":false},"featured_media":52745,"comment_status":"closed","ping_status":"closed","template":"","meta":{"advanced_seo_description":"","jetpack_seo_html_title":"","jetpack_seo_noindex":false},"pwb-brand":[303],"product_brand":[4625],"product_cat":[267,143],"product_tag":[1104,1503],"class_list":{"0":"post-8788","1":"product","2":"type-product","3":"status-publish","4":"has-post-thumbnail","6":"pwb-brand-garden-of-life","7":"product_brand-garden-of-life","8":"product_cat-for-women","9":"product_cat-health-issues","10":"product_tag-pregnancy","11":"product_tag-vitamins-for-pregnant-women","12":"brand_woo-garden-of-life","14":"first","15":"instock","16":"taxable","17":"shipping-taxable","18":"purchasable","19":"product-type-simple"},"jetpack_sharing_enabled":true,"brands":[{"id":303,"name":"Az \u00e9let kertje","slug":"garden-of-life"}],"_links":{"self":[{"href":"https:\/\/veganova.eu\/hu\/wp-json\/wp\/v2\/product\/8788","targetHints":{"allow":["GET"]}}],"collection":[{"href":"https:\/\/veganova.eu\/hu\/wp-json\/wp\/v2\/product"}],"about":[{"href":"https:\/\/veganova.eu\/hu\/wp-json\/wp\/v2\/types\/product"}],"replies":[{"embeddable":true,"href":"https:\/\/veganova.eu\/hu\/wp-json\/wp\/v2\/comments?post=8788"}],"version-history":[{"count":1,"href":"https:\/\/veganova.eu\/hu\/wp-json\/wp\/v2\/product\/8788\/revisions"}],"predecessor-version":[{"id":58668,"href":"https:\/\/veganova.eu\/hu\/wp-json\/wp\/v2\/product\/8788\/revisions\/58668"}],"wp:featuredmedia":[{"embeddable":true,"href":"https:\/\/veganova.eu\/hu\/wp-json\/wp\/v2\/media\/52745"}],"wp:attachment":[{"href":"https:\/\/veganova.eu\/hu\/wp-json\/wp\/v2\/media?parent=8788"}],"wp:term":[{"taxonomy":"pwb-brand","embeddable":true,"href":"https:\/\/veganova.eu\/hu\/wp-json\/wp\/v2\/pwb-brand?post=8788"},{"taxonomy":"product_brand","embeddable":true,"href":"https:\/\/veganova.eu\/hu\/wp-json\/wp\/v2\/product_brand?post=8788"},{"taxonomy":"product_cat","embeddable":true,"href":"https:\/\/veganova.eu\/hu\/wp-json\/wp\/v2\/product_cat?post=8788"},{"taxonomy":"product_tag","embeddable":true,"href":"https:\/\/veganova.eu\/hu\/wp-json\/wp\/v2\/product_tag?post=8788"}],"curies":[{"name":"wp","href":"https:\/\/api.w.org\/{rel}","templated":true}]}}