{"id":8988,"date":"2023-10-01T17:13:31","date_gmt":"2023-10-01T15:13:31","guid":{"rendered":"https:\/\/veganova.eu\/?post_type=product&#038;p=8988"},"modified":"2026-04-21T07:25:14","modified_gmt":"2026-04-21T05:25:14","slug":"garden-of-life-mykind-organics-extra-strength-turmeric-60-vegan-tabs","status":"publish","type":"product","link":"https:\/\/veganova.eu\/hu\/shop\/garden-of-life-mykind-organics-extra-strength-turmeric-60-vegan-tabs\/","title":{"rendered":"Garden of Life Mykind Organics Extra Er\u0151s kurkuma - 60 veg\u00e1n tabletta"},"content":{"rendered":"<h3>Garden of Life Mykind Organics Extra Er\u0151s kurkuma - 60 veg\u00e1n tabletta<\/h3>\n<p>Minden egyes Garden of Life mykind Herbal Turmeric Extra Strength tabletta kapszula 100 mg kurkum\u00e1t, valamint eg\u00e9sz kurkum\u00e1t \u00e9s ferment\u00e1lt gy\u00f6mb\u00e9rgy\u00f6keret tartalmaz.<\/p>\n<p>A Garden of Life mykind term\u00e9kcsal\u00e1d n\u00f6v\u00e9nyv\u00e9d\u0151 szerek, gyomirt\u00f3k \u00e9s gomba\u00f6l\u0151 szerek n\u00e9lk\u00fcl termesztett n\u00f6v\u00e9nyi alapanyagokb\u00f3l \u00e1ll, \u00e9s a kivon\u00e1si folyamat sor\u00e1n nem haszn\u00e1lnak durva vegyszereket, \u00edgy biztos lehet benne, hogy tiszta, teljes \u00e9rt\u00e9k\u0171 \u00f6sszetev\u0151kkel t\u00e1pl\u00e1lja a szervezet\u00e9t.<\/p>\n<p>Legfontosabb el\u0151ny\u00f6k<\/p>\n<p>\u00c9l\u0151 bakt\u00e9riumokat \u00e9s feketebors kivonatot tartalmaz az em\u00e9szt\u00e9s fokoz\u00e1sa \u00e9rdek\u00e9ben.<br \/>\nMinden tabletta 100mg kurkumint tartalmaz<br \/>\nEg\u00e9sz kurkuma \u00e9s gy\u00f6mb\u00e9r gy\u00f6kereket tartalmaz erjesztve.<\/p>\n<p>Di\u00e9t\u00e1s r\u00e9szletek :<\/p>\n<p>Glut\u00e9nmentes<br \/>\nVeg\u00e1n<br \/>\nTejmentes<br \/>\nSz\u00f3jamentes<\/p>","protected":false},"excerpt":{"rendered":"<p>A Garden of Life Mykind Organics Extra Strength Turmeric a leger\u0151sebb \u00e9s legtiszt\u00e1bb form\u00e1ban tartalmaz kurkum\u00e1t. Tartalom: A kurkuma egyfajta gy\u00f3gyn\u00f6v\u00e9ny, amely a kurkum\u00e1t tartalmazza: Tartalom: 60 veg\u00e1n tabletta.<\/p>","protected":false},"featured_media":52632,"comment_status":"closed","ping_status":"closed","template":"","meta":{"advanced_seo_description":"","jetpack_seo_html_title":"","jetpack_seo_noindex":false},"pwb-brand":[303],"product_brand":[4625],"product_cat":[596,2596,597,2600,149],"product_tag":[1413],"class_list":{"0":"post-8988","1":"product","2":"type-product","3":"status-publish","4":"has-post-thumbnail","6":"pwb-brand-garden-of-life","7":"product_brand-garden-of-life","8":"product_cat-digestion","9":"product_cat-herbs","10":"product_cat-body-immunity","11":"product_cat-inflammation","12":"product_cat-superfoods","13":"product_tag-inflammations","14":"brand_woo-garden-of-life","16":"first","17":"instock","18":"taxable","19":"shipping-taxable","20":"purchasable","21":"product-type-simple"},"jetpack_sharing_enabled":true,"brands":[{"id":303,"name":"Az \u00e9let kertje","slug":"garden-of-life"}],"_links":{"self":[{"href":"https:\/\/veganova.eu\/hu\/wp-json\/wp\/v2\/product\/8988","targetHints":{"allow":["GET"]}}],"collection":[{"href":"https:\/\/veganova.eu\/hu\/wp-json\/wp\/v2\/product"}],"about":[{"href":"https:\/\/veganova.eu\/hu\/wp-json\/wp\/v2\/types\/product"}],"replies":[{"embeddable":true,"href":"https:\/\/veganova.eu\/hu\/wp-json\/wp\/v2\/comments?post=8988"}],"version-history":[{"count":1,"href":"https:\/\/veganova.eu\/hu\/wp-json\/wp\/v2\/product\/8988\/revisions"}],"predecessor-version":[{"id":58757,"href":"https:\/\/veganova.eu\/hu\/wp-json\/wp\/v2\/product\/8988\/revisions\/58757"}],"wp:featuredmedia":[{"embeddable":true,"href":"https:\/\/veganova.eu\/hu\/wp-json\/wp\/v2\/media\/52632"}],"wp:attachment":[{"href":"https:\/\/veganova.eu\/hu\/wp-json\/wp\/v2\/media?parent=8988"}],"wp:term":[{"taxonomy":"pwb-brand","embeddable":true,"href":"https:\/\/veganova.eu\/hu\/wp-json\/wp\/v2\/pwb-brand?post=8988"},{"taxonomy":"product_brand","embeddable":true,"href":"https:\/\/veganova.eu\/hu\/wp-json\/wp\/v2\/product_brand?post=8988"},{"taxonomy":"product_cat","embeddable":true,"href":"https:\/\/veganova.eu\/hu\/wp-json\/wp\/v2\/product_cat?post=8988"},{"taxonomy":"product_tag","embeddable":true,"href":"https:\/\/veganova.eu\/hu\/wp-json\/wp\/v2\/product_tag?post=8988"}],"curies":[{"name":"wp","href":"https:\/\/api.w.org\/{rel}","templated":true}]}}