{"id":9000,"date":"2023-10-01T17:13:33","date_gmt":"2023-10-01T15:13:33","guid":{"rendered":"https:\/\/veganova.eu\/?post_type=product&#038;p=9000"},"modified":"2026-04-21T07:25:14","modified_gmt":"2026-04-21T05:25:14","slug":"garden-of-life-mykind-organics-mens-multi-gummies-organic-berry-120-vegan-gummy-drops","status":"publish","type":"product","link":"https:\/\/veganova.eu\/hu\/shop\/garden-of-life-mykind-organics-mens-multi-gummies-organic-berry-120-vegan-gummy-drops\/","title":{"rendered":"Garden of Life Mykind Organics Men's Multi Gummies, Organic Berry - 120 db veg\u00e1n gumicukorka"},"content":{"rendered":"<h3>Garden of Life Mykind Organics Men's Multi Gummies, Organic Berry - 120 db veg\u00e1n gumicukorka<\/h3>\n<p>Az USDA \u00e1ltal tan\u00fas\u00edtott \u00e9s a GMO-projekt \u00e1ltal ellen\u0151rz\u00f6tt mykind Men's Multi Gummies a f\u00e9rfiak sz\u00e1m\u00e1ra k\u00e9sz\u00fclt. Kilenc teljes gy\u00fcm\u00f6lcs\u00f6t tartalmaz\u00f3 kever\u00e9k, amely nem tartalmaz szintetikus vitaminokat, feldolgozott cukrot \u00e9s szirupokat, kukoricakem\u00e9ny\u00edt\u0151t vagy sert\u00e9szselatint. GMO-mentes alm\u00e1b\u00f3l \u00e9s narancsh\u00e9jb\u00f3l sz\u00e1rmaz\u00f3 pektinnel k\u00e9sz\u00fclnek, \u00e9s \u00edzletes bogy\u00f3s r\u00e1g\u00f3ba csomagolva kaphat\u00f3k.<\/p>\n<p>Ezek a k\u00e9nyelmes r\u00e1g\u00f3k\u00e1k nem tartalmaznak \u00e1llati eredet\u0171 term\u00e9keket sem. Ehelyett val\u00f3di, teljes \u00e9rt\u00e9k\u0171 \u00f6sszetev\u0151kb\u0151l k\u00e9sz\u00fclnek. Ez\u00e1ltal nemcsak GMO-mentesek, hanem veg\u00e1nok, glut\u00e9nmentesek \u00e9s k\u00f3serek is.<\/p>\n<p>mykind Men's Multi Gummies El\u0151ny\u00f6k<\/p>\n<p>800 NE veg\u00e1n D3-vitamint tartalmaz<br \/>\nE-vitamin- \u00e9s folsavforr\u00e1s<\/p>\n<p>Di\u00e9t\u00e1s r\u00e9szletek :<\/p>\n<p>Veg\u00e1n<br \/>\nVeget\u00e1ri\u00e1nus<br \/>\nGlut\u00e9nmentes<br \/>\nK\u00f3ser<br \/>\nTejmentes<br \/>\nSz\u00f3jamentes<\/p>","protected":false},"excerpt":{"rendered":"<p>Kifejezetten a f\u00e9rfiak ig\u00e9nyeihez kifejlesztett t\u00e1pl\u00e1l\u00e9kkieg\u00e9sz\u00edt\u0151 multivitamin Garden of Life Mykind Organics Men's Multi Gummies bio form\u00e1ban, veg\u00e1n min\u0151s\u00edt\u00e9ssel. \u00cdze: bogy\u00f3s gy\u00fcm\u00f6lcs. A csomag tartalma: A csomagol\u00e1sban tal\u00e1lhat\u00f3 a k\u00f6vetkez\u0151 \u00f6sszetev\u0151kb\u0151l \u00e1ll\u00f3 term\u00e9k: Gumi: 120 db veg\u00e1n zselatin.<\/p>","protected":false},"featured_media":52622,"comment_status":"closed","ping_status":"closed","template":"","meta":{"advanced_seo_description":"","jetpack_seo_html_title":"","jetpack_seo_noindex":false},"pwb-brand":[303],"product_brand":[4625],"product_cat":[321],"product_tag":[922,923],"class_list":{"0":"post-9000","1":"product","2":"type-product","3":"status-publish","4":"has-post-thumbnail","6":"pwb-brand-garden-of-life","7":"product_brand-garden-of-life","8":"product_cat-for-men","9":"product_tag-for-men","10":"product_tag-vitamins-for-men","11":"brand_woo-garden-of-life","13":"first","14":"instock","15":"taxable","16":"shipping-taxable","17":"purchasable","18":"product-type-simple"},"jetpack_sharing_enabled":true,"brands":[{"id":303,"name":"Az \u00e9let kertje","slug":"garden-of-life"}],"_links":{"self":[{"href":"https:\/\/veganova.eu\/hu\/wp-json\/wp\/v2\/product\/9000","targetHints":{"allow":["GET"]}}],"collection":[{"href":"https:\/\/veganova.eu\/hu\/wp-json\/wp\/v2\/product"}],"about":[{"href":"https:\/\/veganova.eu\/hu\/wp-json\/wp\/v2\/types\/product"}],"replies":[{"embeddable":true,"href":"https:\/\/veganova.eu\/hu\/wp-json\/wp\/v2\/comments?post=9000"}],"version-history":[{"count":1,"href":"https:\/\/veganova.eu\/hu\/wp-json\/wp\/v2\/product\/9000\/revisions"}],"predecessor-version":[{"id":58762,"href":"https:\/\/veganova.eu\/hu\/wp-json\/wp\/v2\/product\/9000\/revisions\/58762"}],"wp:featuredmedia":[{"embeddable":true,"href":"https:\/\/veganova.eu\/hu\/wp-json\/wp\/v2\/media\/52622"}],"wp:attachment":[{"href":"https:\/\/veganova.eu\/hu\/wp-json\/wp\/v2\/media?parent=9000"}],"wp:term":[{"taxonomy":"pwb-brand","embeddable":true,"href":"https:\/\/veganova.eu\/hu\/wp-json\/wp\/v2\/pwb-brand?post=9000"},{"taxonomy":"product_brand","embeddable":true,"href":"https:\/\/veganova.eu\/hu\/wp-json\/wp\/v2\/product_brand?post=9000"},{"taxonomy":"product_cat","embeddable":true,"href":"https:\/\/veganova.eu\/hu\/wp-json\/wp\/v2\/product_cat?post=9000"},{"taxonomy":"product_tag","embeddable":true,"href":"https:\/\/veganova.eu\/hu\/wp-json\/wp\/v2\/product_tag?post=9000"}],"curies":[{"name":"wp","href":"https:\/\/api.w.org\/{rel}","templated":true}]}}