{"id":9150,"date":"2023-10-01T17:14:14","date_gmt":"2023-10-01T15:14:14","guid":{"rendered":"https:\/\/veganova.eu\/?post_type=product&#038;p=9150"},"modified":"2026-04-21T07:25:19","modified_gmt":"2026-04-21T05:25:19","slug":"swanson-pure-brainpower-60-vcaps","status":"publish","type":"product","link":"https:\/\/veganova.eu\/hu\/shop\/swanson-pure-brainpower-60-vcaps\/","title":{"rendered":"Swanson Pure Brainpower - 60 kapszula"},"content":{"rendered":"<h3>Swanson Pure Brainpower - 60 kapszula<\/h3>\n<ul>\n<li>Klinikailag vizsg\u00e1lt gy\u00f3gyn\u00f6v\u00e9nyek, amelyek bizony\u00edtottan el\u0151seg\u00edtik a mem\u00f3ria \u00e9s az agy \u00e1ltal\u00e1nos eg\u00e9szs\u00e9g\u00e9t.<\/li>\n<li>Ginkgo biloba, BaCognize Bacopa monnieri \u00e9s NeuroFactor k\u00e1v\u00e9 gy\u00fcm\u00f6lcskivonatot tartalmaz<\/li>\n<li>Az adaptog\u00e9n formula tudom\u00e1nyosan vizsg\u00e1lt d\u00f3zisokat biztos\u00edt a kognit\u00edv funkci\u00f3k \u00e9s a f\u00f3kusz \u00e9rdek\u00e9ben.<\/li>\n<\/ul>\n<p>Amikor az eg\u00e9szs\u00e9ges \u00f6reged\u00e9sr\u0151l gondolkodunk, k\u00f6nnyen el\u0151fordulhat, hogy els\u0151sorban a fizikai eg\u00e9szs\u00e9gre koncentr\u00e1lunk - olyan dolgokra, mint a mobilit\u00e1s, a rugalmass\u00e1g \u00e9s az \u00e1ll\u00f3k\u00e9pess\u00e9g. Hajlamosak vagyunk figyelmen k\u00edv\u00fcl hagyni az eg\u00e9szs\u00e9ges \u00f6reged\u00e9s m\u00e1sik fontos \u00f6sszetev\u0151j\u00e9t - a ment\u00e1lis, \u00e9rzelmi \u00e9s pszichol\u00f3giai eg\u00e9szs\u00e9g\u00fcnket. R\u00f6viden, elfelejt\u00fcnk az agy eg\u00e9szs\u00e9g\u00e9re gondolni. A kognit\u00edv funkci\u00f3k \u00e9s a teljes\u00edtm\u00e9ny az \u00e9letkor el\u0151rehaladt\u00e1val cs\u00f6kkenhet, k\u00fcl\u00f6n\u00f6sen mivel a tanulm\u00e1nyok kimutatt\u00e1k, hogy az eg\u00e9szs\u00e9ges kognit\u00edv funkci\u00f3kkal \u00f6sszef\u00fcgg\u00e9sbe hozhat\u00f3 agyi neurotrofikus faktor (BDNF) eg\u00e9szs\u00e9ges termel\u00e9se az \u00e9letkor el\u0151rehaladt\u00e1val cs\u00f6kkenhet.<\/p>\n<p>A Swanson Pure Science Herbals elhozza \u00d6nnek a Pure Brainpower-t, hogy megk\u00f6nny\u00edtse az agy t\u00e1pl\u00e1l\u00e1s\u00e1t klinikailag kutatott \u00f6sszetev\u0151kkel, amelyek t\u00e1mogatj\u00e1k a kognit\u00edv funkci\u00f3kat, a f\u00f3kuszt \u00e9s a memoriz\u00e1l\u00e1st seg\u00edt\u0151 l\u00e9tfontoss\u00e1g\u00fa neurotranszmittereket. A Pure Brainpower hagyom\u00e1nyos adaptog\u00e9n gy\u00f3gyn\u00f6v\u00e9nyek \u00e9s \u00e9lvonalbeli gy\u00f3gyn\u00f6v\u00e9nykivonatok kever\u00e9ke tudom\u00e1nyosan vizsg\u00e1lt d\u00f3zisokban, amelyek bizony\u00edtottan el\u0151seg\u00edtik az \u00e1ltal\u00e1nos ment\u00e1lis f\u00f3kuszt, a kognit\u00edv funkci\u00f3kat, valamint az agy eg\u00e9szs\u00e9ges v\u00e9r\u00e1raml\u00e1s\u00e1t. A Swanson Pure Science Herbals ezt a tiszta, er\u0151teljes agyi eg\u00e9szs\u00e9gv\u00e9d\u0151 formul\u00e1t a vezet\u0151 nemzeti brands-hez k\u00e9pest t\u00f6red\u00e9k \u00e1ron k\u00edn\u00e1lja.<\/p>","protected":false},"excerpt":{"rendered":"<p>Veg\u00e1n t\u00e1pl\u00e1l\u00e9kkieg\u00e9sz\u00edt\u0151 az eg\u00e9szs\u00e9ges agy \u00e9s a mem\u00f3ria t\u00e1mogat\u00e1s\u00e1ra Swanson Pure Brainpower, amely Ginkgo Biloba, Bacognize Bacopa monnieri \u00e9s k\u00e1v\u00e9bogy\u00f3 kivonatot tartalmaz. Veg\u00e1n min\u0151s\u00edt\u00e9ssel.  60 veg\u00e1n kapszula.<\/p>","protected":false},"featured_media":53897,"comment_status":"closed","ping_status":"closed","template":"","meta":{"advanced_seo_description":"","jetpack_seo_html_title":"","jetpack_seo_noindex":false},"pwb-brand":[450],"product_brand":[4753],"product_cat":[2599,294,143],"product_tag":[1221,855,1223],"class_list":{"0":"post-9150","1":"product","2":"type-product","3":"status-publish","4":"has-post-thumbnail","6":"pwb-brand-swanson","7":"product_brand-swanson","8":"product_cat-brain-and-memory","9":"product_cat-for-seniors","10":"product_cat-health-issues","11":"product_tag-brain","12":"product_tag-for-seniors","13":"product_tag-memory","14":"brand_woo-swanson","16":"first","17":"outofstock","18":"taxable","19":"shipping-taxable","20":"purchasable","21":"product-type-simple"},"jetpack_sharing_enabled":true,"brands":[{"id":450,"name":"Swanson","slug":"swanson"}],"_links":{"self":[{"href":"https:\/\/veganova.eu\/hu\/wp-json\/wp\/v2\/product\/9150","targetHints":{"allow":["GET"]}}],"collection":[{"href":"https:\/\/veganova.eu\/hu\/wp-json\/wp\/v2\/product"}],"about":[{"href":"https:\/\/veganova.eu\/hu\/wp-json\/wp\/v2\/types\/product"}],"replies":[{"embeddable":true,"href":"https:\/\/veganova.eu\/hu\/wp-json\/wp\/v2\/comments?post=9150"}],"version-history":[{"count":1,"href":"https:\/\/veganova.eu\/hu\/wp-json\/wp\/v2\/product\/9150\/revisions"}],"predecessor-version":[{"id":58834,"href":"https:\/\/veganova.eu\/hu\/wp-json\/wp\/v2\/product\/9150\/revisions\/58834"}],"wp:featuredmedia":[{"embeddable":true,"href":"https:\/\/veganova.eu\/hu\/wp-json\/wp\/v2\/media\/53897"}],"wp:attachment":[{"href":"https:\/\/veganova.eu\/hu\/wp-json\/wp\/v2\/media?parent=9150"}],"wp:term":[{"taxonomy":"pwb-brand","embeddable":true,"href":"https:\/\/veganova.eu\/hu\/wp-json\/wp\/v2\/pwb-brand?post=9150"},{"taxonomy":"product_brand","embeddable":true,"href":"https:\/\/veganova.eu\/hu\/wp-json\/wp\/v2\/product_brand?post=9150"},{"taxonomy":"product_cat","embeddable":true,"href":"https:\/\/veganova.eu\/hu\/wp-json\/wp\/v2\/product_cat?post=9150"},{"taxonomy":"product_tag","embeddable":true,"href":"https:\/\/veganova.eu\/hu\/wp-json\/wp\/v2\/product_tag?post=9150"}],"curies":[{"name":"wp","href":"https:\/\/api.w.org\/{rel}","templated":true}]}}