{"id":9607,"date":"2023-10-01T17:14:50","date_gmt":"2023-10-01T15:14:50","guid":{"rendered":"https:\/\/veganova.eu\/?post_type=product&#038;p=9607"},"modified":"2026-04-21T07:25:25","modified_gmt":"2026-04-21T05:25:25","slug":"life-extension-cat-mix-100g","status":"publish","type":"product","link":"https:\/\/veganova.eu\/hu\/shop\/life-extension-cat-mix-100g\/","title":{"rendered":"Life Extension Cat Mix - 100g"},"content":{"rendered":"<h3>Life Extension Cat Mix<\/h3>\n<p>Az \u00e1llatok egyedi fiziol\u00f3giai \u00e9s szerkezeti rendszerekkel rendelkeznek, ez\u00e9rt az optim\u00e1lis eg\u00e9szs\u00e9g meg\u0151rz\u00e9s\u00e9hez k\u00fcl\u00f6nleges t\u00e1pl\u00e1l\u00e9kra \u00e9s t\u00e1panyagokra van sz\u00fcks\u00e9g\u00fck. A h\u00e1zi\u00e1llatok m\u00e1r nem jelent\u00e9ktelenek, ma m\u00e1r csal\u00e1dtagnak sz\u00e1m\u00edtanak, akik k\u00fcl\u00f6nleges figyelmet ig\u00e9nyelnek. Az ig\u00e9nyeket kiel\u00e9g\u00edtve a kedvtel\u00e9sb\u0151l tartott \u00e1llatok eledel\u00e9nek ipara az \u00e9vek sor\u00e1n \u00f3ri\u00e1si m\u00e9rt\u00e9kben n\u00f6vekedett. De el kell gondolkodnia azon, hogy vajon a legjobb t\u00e1panyagokat kapja-e macsk\u00e1ja sz\u00e1m\u00e1ra.<\/p>\n<p>A macsk\u00e1kat m\u00e1r a korai id\u0151k \u00f3ta h\u00e1zias\u00edtott\u00e1k, hogy patk\u00e1nyokat \u00e9s egereket fogjanak. Ma m\u00e1r els\u0151sorban h\u00e1zi\u00e1llatok, amelyek a kuty\u00e1khoz hasonl\u00f3an k\u00fcl\u00f6nleges figyelmet ig\u00e9nyelnek a t\u00e1pl\u00e1lkoz\u00e1s \u00e9s a gondoz\u00e1s ter\u00e9n. A macsk\u00e1k h\u00fasev\u0151k. A kuty\u00e1kkal ellent\u00e9tben azonban, amelyek bizonyos n\u00f6v\u00e9nyi eredet\u0171 \u00e9teleket is meg tudnak enni, a macsk\u00e1knak \u00e1llati feh\u00e9rj\u00e9re van sz\u00fcks\u00e9g\u00fck a t\u00fal\u00e9l\u00e9shez. Az olyan t\u00e1panyagok, mint a taurin \u00e9s az arginin fontosak a macsk\u00e1k eg\u00e9szs\u00e9g\u00e9hez, \u00e9s n\u00e9lk\u00fcl\u00fck a macsk\u00e1k elpusztulhatnak. A taurin a macsk\u00e1k sz\u00e1m\u00e1ra elengedhetetlen a sz\u00edv, a vese \u00e9s a szem eg\u00e9szs\u00e9g\u00e9hez. Az arginin m\u00e9regtelen\u00edti az amm\u00f3ni\u00e1t a macsk\u00e1k ves\u00e9j\u00e9ben, \u00e9s fontos a sz\u00edv \u00e9s a hasny\u00e1lmirigy m\u0171k\u00f6d\u00e9s\u00e9hez, valamint a b\u00e9lrendszer eg\u00e9szs\u00e9g\u00e9nek meg\u0151rz\u00e9s\u00e9hez is. Az arachidonsav a macsk\u00e1k sz\u00e1m\u00e1ra esszenci\u00e1lis zs\u00edrsav, mivel a macsk\u00e1k nem k\u00e9pesek jelent\u0151s mennyis\u00e9g\u0171 linole\u00e1tot arachidon\u00e1tt\u00e1 alak\u00edtani. \u00c9s az emberekhez hasonl\u00f3an a macsk\u00e1knak is sz\u00fcks\u00e9g\u00fck van B-vitaminokra a sz\u00edv- \u00e9s \u00e9rrendszer t\u00e1mogat\u00e1s\u00e1hoz. A macsk\u00e1knak is gondot okoz bizonyos aminosavak m\u00e1s t\u00e1panyagokb\u00f3l t\u00f6rt\u00e9n\u0151 metaboliz\u00e1l\u00e1sa, p\u00e9ld\u00e1ul a triptof\u00e1nb\u00f3l sz\u00e1rmaz\u00f3 niacin vagy a b\u00e9ta-karotinb\u00f3l sz\u00e1rmaz\u00f3 A-vitamin \u00e1talak\u00edt\u00e1sa. Emiatt a macsk\u00e1knak szigor\u00fabb t\u00e1pl\u00e1lkoz\u00e1si ig\u00e9nyeik vannak, mint az olyan mindenev\u0151knek, mint a kuty\u00e1k \u00e9s az emberek.<\/p>\n<p>Hogyan lehetsz biztos abban, hogy a legjobb t\u00e1pl\u00e1l\u00e9kot adod kedvencednek? A kiv\u00e1l\u00f3 min\u0151s\u00e9g\u0171, t\u00e1panyagokkal d\u00fas\u00edtott kereskedelmi forgalomban kaphat\u00f3 eledelek mellett a t\u00e1pl\u00e1l\u00e9kkieg\u00e9sz\u00edt\u0151k a legjobb m\u00f3dja annak, hogy biztos\u00edtsa, hogy kedvencei megkapj\u00e1k az \u00f6sszes vitamint \u00e9s \u00e1sv\u00e1nyi anyagot, amelyre sz\u00fcks\u00e9g\u00fck van a hossz\u00fa, eg\u00e9szs\u00e9ges \u00e9lethez.<\/p>\n<p>A Life Extension Cat Mix a legjobb term\u00e9kek k\u00f6z\u00e9 tartozik a h\u00e1zi\u00e1llat eg\u00e9szs\u00e9g\u00e9nek v\u00e9delme \u00e9rdek\u00e9ben. <strong>M\u00e1r napi k\u00e9t adagol\u00f3kan\u00e1l biztos\u00edtja a kedvenc\u00e9nek az eg\u00e9szs\u00e9g\u00e9hez \u00e9s er\u0151ss\u00e9g\u00e9hez sz\u00fcks\u00e9ges vitaminokat. A Cat Mix jelent\u0151s mennyis\u00e9gben tartalmaz kiv\u00e1l\u00f3 min\u0151s\u00e9g\u0171 t\u00e1panyagokat, amelyeket \u00e1ltal\u00e1ban a legdr\u00e1g\u00e1bb emberi t\u00e1pl\u00e1l\u00e9kkieg\u00e9sz\u00edt\u0151knek tartanak fenn. Flavonoidokat, aminosavakat, antioxid\u00e1nsokat, probiotikumokat, esszenci\u00e1lis zs\u00edrsavakat, metil\u00e1ci\u00f3fokoz\u00f3kat \u00e9s m\u00e9g sok m\u00e1st tartalmaz.<\/strong><\/p>\n<p>Val\u00f3j\u00e1ban sok kereskedelmi forgalomban kaphat\u00f3 \u00e1llateledel nem tartalmazza a Cat Mixben tal\u00e1lhat\u00f3 vitaminokat, aminosavakat, fitonutrienseket \u00e9s fejlett antioxid\u00e1nsokat. A Life Extension kis\u00e1llat-kieg\u00e9sz\u00edt\u0151k ugyanazokat a pr\u00e9mium min\u0151s\u00e9g\u0171 t\u00e1panyagokat tartalmazz\u00e1k, amelyeket minden term\u00e9k\u00fcnkben haszn\u00e1lunk.<\/p>","protected":false},"excerpt":{"rendered":"<p>A Life Extension Cat Mix a legjobb term\u00e9kek kedvence eg\u00e9szs\u00e9g\u00e9nek v\u00e9delm\u00e9re. M\u00e1r napi k\u00e9t kan\u00e1lnyi adag biztos\u00edtja a kedvenc\u00e9nek az eg\u00e9szs\u00e9g\u00e9hez \u00e9s er\u0151ss\u00e9g\u00e9hez sz\u00fcks\u00e9ges vitaminokat. A Cat Mix jelent\u0151s mennyis\u00e9gben tartalmaz kiv\u00e1l\u00f3 min\u0151s\u00e9g\u0171 t\u00e1panyagokat, amelyeket \u00e1ltal\u00e1ban a legdr\u00e1g\u00e1bb emberi t\u00e1pl\u00e1l\u00e9kkieg\u00e9sz\u00edt\u0151knek tartanak fenn. Flavonoidokat, aminosavakat, antioxid\u00e1nsokat, probiotikumokat, esszenci\u00e1lis zs\u00edrsavakat, metil\u00e1ci\u00f3fokoz\u00f3kat \u00e9s m\u00e9g sok m\u00e1st tartalmaz. Glut\u00e9nmentes, NON GMO. Tartalom: 1: 100g.<\/p>","protected":false},"featured_media":51372,"comment_status":"closed","ping_status":"closed","template":"","meta":{"advanced_seo_description":"","jetpack_seo_html_title":"","jetpack_seo_noindex":false},"pwb-brand":[168],"product_brand":[4575],"product_cat":[593],"product_tag":[1085,1082,826],"class_list":{"0":"post-9607","1":"product","2":"type-product","3":"status-publish","4":"has-post-thumbnail","6":"pwb-brand-life-extension","7":"product_brand-life-extension","8":"product_cat-for-pets","9":"product_tag-cat-health","10":"product_tag-cat-immunity","11":"product_tag-for-cats","12":"brand_woo-life-extension","14":"first","15":"outofstock","16":"taxable","17":"shipping-taxable","18":"purchasable","19":"product-type-simple"},"jetpack_sharing_enabled":true,"brands":[{"id":168,"name":"\u00c9let meghosszabb\u00edt\u00e1sa","slug":"life-extension"}],"_links":{"self":[{"href":"https:\/\/veganova.eu\/hu\/wp-json\/wp\/v2\/product\/9607","targetHints":{"allow":["GET"]}}],"collection":[{"href":"https:\/\/veganova.eu\/hu\/wp-json\/wp\/v2\/product"}],"about":[{"href":"https:\/\/veganova.eu\/hu\/wp-json\/wp\/v2\/types\/product"}],"replies":[{"embeddable":true,"href":"https:\/\/veganova.eu\/hu\/wp-json\/wp\/v2\/comments?post=9607"}],"version-history":[{"count":1,"href":"https:\/\/veganova.eu\/hu\/wp-json\/wp\/v2\/product\/9607\/revisions"}],"predecessor-version":[{"id":58883,"href":"https:\/\/veganova.eu\/hu\/wp-json\/wp\/v2\/product\/9607\/revisions\/58883"}],"wp:featuredmedia":[{"embeddable":true,"href":"https:\/\/veganova.eu\/hu\/wp-json\/wp\/v2\/media\/51372"}],"wp:attachment":[{"href":"https:\/\/veganova.eu\/hu\/wp-json\/wp\/v2\/media?parent=9607"}],"wp:term":[{"taxonomy":"pwb-brand","embeddable":true,"href":"https:\/\/veganova.eu\/hu\/wp-json\/wp\/v2\/pwb-brand?post=9607"},{"taxonomy":"product_brand","embeddable":true,"href":"https:\/\/veganova.eu\/hu\/wp-json\/wp\/v2\/product_brand?post=9607"},{"taxonomy":"product_cat","embeddable":true,"href":"https:\/\/veganova.eu\/hu\/wp-json\/wp\/v2\/product_cat?post=9607"},{"taxonomy":"product_tag","embeddable":true,"href":"https:\/\/veganova.eu\/hu\/wp-json\/wp\/v2\/product_tag?post=9607"}],"curies":[{"name":"wp","href":"https:\/\/api.w.org\/{rel}","templated":true}]}}