{"id":14665,"date":"2023-11-13T19:30:04","date_gmt":"2023-11-13T18:30:04","guid":{"rendered":"https:\/\/veganova.eu\/?post_type=product&#038;p=14665"},"modified":"2026-04-21T07:25:28","modified_gmt":"2026-04-21T05:25:28","slug":"allnutrition-flex-all-complete-cherry-400g","status":"publish","type":"product","link":"https:\/\/veganova.eu\/it\/shop\/allnutrition-flex-all-complete-cherry-400g\/","title":{"rendered":"Allnutrition Flex All Complete, Ciliegia - 400g"},"content":{"rendered":"<h3>Allnutrition Flex All Complete, Ciliegia - 400g<\/h3>\n<p>La cartilagine articolare \u00e8 chiamata tessuto cartilagineo e impedisce l'abrasione delle ossa che sono in contatto tra loro. In et\u00e0 avanzata, la cartilagine articolare non ha la capacit\u00e0 di rigenerarsi, il che comporta la possibilit\u00e0 di una sua perdita.<\/p>\n<p>Grazie a FLEX ALL COMPLETE \u00e8 possibile accelerare la rigenerazione e sostenere la ricostruzione della struttura cartilaginea danneggiata, che stimola la produzione di collagene e ripristina l'elasticit\u00e0 delle articolazioni. Gli ingredienti facilmente digeribili, disponibili in polvere, sono i pi\u00f9 efficaci in questo processo di rigenerazione.<\/p>\n<p>FLEX ALL COMPLETE \u00e8 un prodotto basato principalmente sul collagene. Il collagene \u00e8 una proteina che contribuisce al mantenimento di ossa sane. Inoltre, contiene una serie di ingredienti di supporto. Tra questi, la vitamina C, che contribuisce alla corretta produzione di collagene per garantire il buon funzionamento della cartilagine e della pelle.<\/p>","protected":false},"excerpt":{"rendered":"<p>Integratore di bellezza e salute Allnutrition Flex All Complete Contenuto collagene idrolizzato di manzo, L-Prolina, Glucosamina, MSM, Vitamina C, Magnesio e B6. Gusto: Ciliegia. Contenuto: 400g.<\/p>","protected":false},"featured_media":53753,"comment_status":"closed","ping_status":"closed","template":"","meta":{"advanced_seo_description":"","jetpack_seo_html_title":"","jetpack_seo_noindex":false},"pwb-brand":[475],"product_brand":[4774],"product_cat":[688,684],"product_tag":[],"class_list":{"0":"post-14665","1":"product","2":"type-product","3":"status-publish","4":"has-post-thumbnail","6":"pwb-brand-allnutrition","7":"product_brand-allnutrition","8":"product_cat-beauty-supplements","9":"product_cat-clean-beauty","10":"brand_woo-allnutrition","12":"first","13":"outofstock","14":"taxable","15":"shipping-taxable","16":"purchasable","17":"product-type-simple"},"jetpack_sharing_enabled":true,"brands":[{"id":475,"name":"Allnutrition","slug":"allnutrition"}],"_links":{"self":[{"href":"https:\/\/veganova.eu\/it\/wp-json\/wp\/v2\/product\/14665","targetHints":{"allow":["GET"]}}],"collection":[{"href":"https:\/\/veganova.eu\/it\/wp-json\/wp\/v2\/product"}],"about":[{"href":"https:\/\/veganova.eu\/it\/wp-json\/wp\/v2\/types\/product"}],"replies":[{"embeddable":true,"href":"https:\/\/veganova.eu\/it\/wp-json\/wp\/v2\/comments?post=14665"}],"version-history":[{"count":1,"href":"https:\/\/veganova.eu\/it\/wp-json\/wp\/v2\/product\/14665\/revisions"}],"predecessor-version":[{"id":58918,"href":"https:\/\/veganova.eu\/it\/wp-json\/wp\/v2\/product\/14665\/revisions\/58918"}],"wp:featuredmedia":[{"embeddable":true,"href":"https:\/\/veganova.eu\/it\/wp-json\/wp\/v2\/media\/53753"}],"wp:attachment":[{"href":"https:\/\/veganova.eu\/it\/wp-json\/wp\/v2\/media?parent=14665"}],"wp:term":[{"taxonomy":"pwb-brand","embeddable":true,"href":"https:\/\/veganova.eu\/it\/wp-json\/wp\/v2\/pwb-brand?post=14665"},{"taxonomy":"product_brand","embeddable":true,"href":"https:\/\/veganova.eu\/it\/wp-json\/wp\/v2\/product_brand?post=14665"},{"taxonomy":"product_cat","embeddable":true,"href":"https:\/\/veganova.eu\/it\/wp-json\/wp\/v2\/product_cat?post=14665"},{"taxonomy":"product_tag","embeddable":true,"href":"https:\/\/veganova.eu\/it\/wp-json\/wp\/v2\/product_tag?post=14665"}],"curies":[{"name":"wp","href":"https:\/\/api.w.org\/{rel}","templated":true}]}}